{"id":2453,"date":"2024-06-01T19:45:59","date_gmt":"2024-06-01T17:45:59","guid":{"rendered":"https:\/\/www.ateliercreatif.eu\/product\/porte-cles-tulipe-fleurie-fuchsia\/"},"modified":"2024-06-01T19:45:59","modified_gmt":"2024-06-01T17:45:59","slug":"tulipe-fleurie-keyring-fuchsia","status":"publish","type":"product","link":"https:\/\/www.ateliercreatif.eu\/fr\/produit\/tulipe-fleurie-keyring-fuchsia\/","title":{"rendered":"Porte-cl\u00e9s tulipe fleurie &#8211; Fuchsia"},"content":{"rendered":"<p>\u00a0\u00bb Bylin &#8211; dutch design \u00a0\u00bb inspir\u00e9 par la nature.<\/p>\n<p>Les produits sont fabriqu\u00e9s en cuir de haute qualit\u00e9.<\/p>\n<p>Dimensions : 3 x 11,5 cm.<\/p>\n<p>La tulipe, la fleur embl\u00e9matique des Pays-Bas, a inspir\u00e9 le design de ce porte-cl\u00e9s en forme de tulipe fleurie.<\/p>\n<p>Le porte-cl\u00e9s peut \u00eatre utilis\u00e9 comme porte-bagages fonctionnel ou s\u00e9par\u00e9ment pour garder vos cl\u00e9s ensemble.<\/p>\n<p>Il fait un cadeau parfait et est disponible dans de belles couleurs.<\/p>\n<p>Le porte-cl\u00e9s cuir, en forme d`une tulipe en floraison, un incontournable accessoire pour tous les fans de fleurs.<\/p>\n","protected":false},"excerpt":{"rendered":"<p>\u00a0\u00bb Bylin &#8211; dutch design \u00a0\u00bb inspir\u00e9 par la nature. Les produits sont fabriqu\u00e9s en cuir de haute qualit\u00e9. Dimensions : 3 x 11,5 cm. La tulipe, la fleur embl\u00e9matique des Pays-Bas, a inspir\u00e9 le design de ce porte-cl\u00e9s en forme de tulipe fleurie. Le porte-cl\u00e9s peut \u00eatre utilis\u00e9 comme porte-bagages fonctionnel ou s\u00e9par\u00e9ment pour [&#8230;]\n","protected":false},"featured_media":2417,"template":"","meta":[],"product_brand":[],"product_cat":[135,169],"product_tag":[],"class_list":{"0":"post-2453","1":"product","2":"type-product","3":"status-publish","4":"has-post-thumbnail","6":"product_cat-accessoires","7":"product_cat-tous-les-accessoires","9":"first","10":"instock","11":"taxable","12":"shipping-taxable","13":"purchasable","14":"product-type-simple"},"_links":{"self":[{"href":"https:\/\/www.ateliercreatif.eu\/fr\/wp-json\/wp\/v2\/product\/2453","targetHints":{"allow":["GET"]}}],"collection":[{"href":"https:\/\/www.ateliercreatif.eu\/fr\/wp-json\/wp\/v2\/product"}],"about":[{"href":"https:\/\/www.ateliercreatif.eu\/fr\/wp-json\/wp\/v2\/types\/product"}],"wp:featuredmedia":[{"embeddable":true,"href":"https:\/\/www.ateliercreatif.eu\/fr\/wp-json\/wp\/v2\/media\/2417"}],"wp:attachment":[{"href":"https:\/\/www.ateliercreatif.eu\/fr\/wp-json\/wp\/v2\/media?parent=2453"}],"wp:term":[{"taxonomy":"product_brand","embeddable":true,"href":"https:\/\/www.ateliercreatif.eu\/fr\/wp-json\/wp\/v2\/product_brand?post=2453"},{"taxonomy":"product_cat","embeddable":true,"href":"https:\/\/www.ateliercreatif.eu\/fr\/wp-json\/wp\/v2\/product_cat?post=2453"},{"taxonomy":"product_tag","embeddable":true,"href":"https:\/\/www.ateliercreatif.eu\/fr\/wp-json\/wp\/v2\/product_tag?post=2453"}],"curies":[{"name":"wp","href":"https:\/\/api.w.org\/{rel}","templated":true}]}}