{"id":2450,"date":"2024-06-01T19:38:32","date_gmt":"2024-06-01T17:38:32","guid":{"rendered":"https:\/\/www.ateliercreatif.eu\/product\/porte-cles-my-little-tulip-rouge\/"},"modified":"2024-06-01T19:38:32","modified_gmt":"2024-06-01T17:38:32","slug":"ma-petite-tulipe-porte-cles-rouge","status":"publish","type":"product","link":"https:\/\/www.ateliercreatif.eu\/fr\/produit\/ma-petite-tulipe-porte-cles-rouge\/","title":{"rendered":"Porte-cl\u00e9s My Little Tulip &#8211; Rouge"},"content":{"rendered":"<p>\u00a0\u00bb Bylin &#8211; dutch design \u00a0\u00bb inspir\u00e9 par la nature.<\/p>\n<p>Les produits sont fabriqu\u00e9s en cuir de haute qualit\u00e9.<\/p>\n<p>Dimensions : 7 x 7 cm pr\u00e9sent\u00e9 dans une bo\u00eete cadeau.<\/p>\n<p>\u00a0\u00bb My Little Tulip \u00ab\u00a0, un charmant porte-cl\u00e9s tulipe miniature en cuir, est un accessoire qui rehausse n&rsquo;importe quelle tenue.<\/p>\n<p>Utilisez-le comme porte-cl\u00e9s ou d\u00e9corez votre sac \u00e0 main avec.<\/p>\n<p>Cette mignonne est disponible en plusieurs couleurs et est doubl\u00e9e de tissu de lin durable.<\/p>\n<p>Vous pouvez m\u00eame y cacher vos petits secrets &#8211; personne ne le saura !<\/p>\n","protected":false},"excerpt":{"rendered":"<p>\u00a0\u00bb Bylin &#8211; dutch design \u00a0\u00bb inspir\u00e9 par la nature. Les produits sont fabriqu\u00e9s en cuir de haute qualit\u00e9. Dimensions : 7 x 7 cm pr\u00e9sent\u00e9 dans une bo\u00eete cadeau. \u00a0\u00bb My Little Tulip \u00ab\u00a0, un charmant porte-cl\u00e9s tulipe miniature en cuir, est un accessoire qui rehausse n&rsquo;importe quelle tenue. Utilisez-le comme porte-cl\u00e9s ou d\u00e9corez [&#8230;]\n","protected":false},"featured_media":2435,"template":"","meta":[],"product_brand":[],"product_cat":[135,169],"product_tag":[],"class_list":{"0":"post-2450","1":"product","2":"type-product","3":"status-publish","4":"has-post-thumbnail","6":"product_cat-accessoires","7":"product_cat-tous-les-accessoires","9":"first","10":"instock","11":"taxable","12":"shipping-taxable","13":"purchasable","14":"product-type-simple"},"_links":{"self":[{"href":"https:\/\/www.ateliercreatif.eu\/fr\/wp-json\/wp\/v2\/product\/2450","targetHints":{"allow":["GET"]}}],"collection":[{"href":"https:\/\/www.ateliercreatif.eu\/fr\/wp-json\/wp\/v2\/product"}],"about":[{"href":"https:\/\/www.ateliercreatif.eu\/fr\/wp-json\/wp\/v2\/types\/product"}],"wp:featuredmedia":[{"embeddable":true,"href":"https:\/\/www.ateliercreatif.eu\/fr\/wp-json\/wp\/v2\/media\/2435"}],"wp:attachment":[{"href":"https:\/\/www.ateliercreatif.eu\/fr\/wp-json\/wp\/v2\/media?parent=2450"}],"wp:term":[{"taxonomy":"product_brand","embeddable":true,"href":"https:\/\/www.ateliercreatif.eu\/fr\/wp-json\/wp\/v2\/product_brand?post=2450"},{"taxonomy":"product_cat","embeddable":true,"href":"https:\/\/www.ateliercreatif.eu\/fr\/wp-json\/wp\/v2\/product_cat?post=2450"},{"taxonomy":"product_tag","embeddable":true,"href":"https:\/\/www.ateliercreatif.eu\/fr\/wp-json\/wp\/v2\/product_tag?post=2450"}],"curies":[{"name":"wp","href":"https:\/\/api.w.org\/{rel}","templated":true}]}}