{"id":2444,"date":"2024-06-01T12:38:40","date_gmt":"2024-06-01T10:38:40","guid":{"rendered":"https:\/\/www.ateliercreatif.eu\/product\/porte-cles-my-little-tulip-marakesh-noir\/"},"modified":"2025-05-19T10:03:00","modified_gmt":"2025-05-19T08:03:00","slug":"ma-petite-tulipe-porte-clefs-noir-marakesh","status":"publish","type":"product","link":"https:\/\/www.ateliercreatif.eu\/fr\/produit\/ma-petite-tulipe-porte-clefs-noir-marakesh\/","title":{"rendered":"Porte-cl\u00e9s My Little Tulip &#8211; Marakesh noir"},"content":{"rendered":"<p>\u00a0\u00bb Bylin &#8211; dutch design \u00ab\u00a0, inspir\u00e9 par la nature.<\/p>\n<p>Les produits sont fabriqu\u00e9s en cuir de haute qualit\u00e9.<\/p>\n<p>Dimensions : 7 x 7 cm pr\u00e9sent\u00e9 dans une bo\u00eete cadeau.<\/p>\n<p>Ma petite tulipe, un charmant porte-cl\u00e9s tulipe miniature en cuir, est un accessoire qui rehausse n&rsquo;importe quelle tenue.<\/p>\n<p>Utilisez-le comme porte-cl\u00e9s ou d\u00e9corez votre sac \u00e0 main avec.<\/p>\n<p>Ce mignon porte-cl\u00e9s existe en plusieurs couleurs et est doubl\u00e9 d&rsquo;un tissu en lin durable.<\/p>\n<p>La version Marakesh est en cuir noir avec une doublure en tissu multicolore.<\/p>\n<p>Vous pouvez m\u00eame y cacher vos petits secrets &#8211; personne ne le saura !<\/p>\n","protected":false},"excerpt":{"rendered":"<p>\u00a0\u00bb Bylin &#8211; dutch design \u00ab\u00a0, inspir\u00e9 par la nature. Les produits sont fabriqu\u00e9s en cuir de haute qualit\u00e9. Dimensions : 7 x 7 cm pr\u00e9sent\u00e9 dans une bo\u00eete cadeau. Ma petite tulipe, un charmant porte-cl\u00e9s tulipe miniature en cuir, est un accessoire qui rehausse n&rsquo;importe quelle tenue. Utilisez-le comme porte-cl\u00e9s ou d\u00e9corez votre sac [&#8230;]\n","protected":false},"featured_media":2429,"template":"","meta":[],"product_brand":[],"product_cat":[135,169],"product_tag":[],"class_list":{"0":"post-2444","1":"product","2":"type-product","3":"status-publish","4":"has-post-thumbnail","6":"product_cat-accessoires","7":"product_cat-tous-les-accessoires","9":"first","10":"instock","11":"taxable","12":"shipping-taxable","13":"purchasable","14":"product-type-simple"},"_links":{"self":[{"href":"https:\/\/www.ateliercreatif.eu\/fr\/wp-json\/wp\/v2\/product\/2444","targetHints":{"allow":["GET"]}}],"collection":[{"href":"https:\/\/www.ateliercreatif.eu\/fr\/wp-json\/wp\/v2\/product"}],"about":[{"href":"https:\/\/www.ateliercreatif.eu\/fr\/wp-json\/wp\/v2\/types\/product"}],"wp:featuredmedia":[{"embeddable":true,"href":"https:\/\/www.ateliercreatif.eu\/fr\/wp-json\/wp\/v2\/media\/2429"}],"wp:attachment":[{"href":"https:\/\/www.ateliercreatif.eu\/fr\/wp-json\/wp\/v2\/media?parent=2444"}],"wp:term":[{"taxonomy":"product_brand","embeddable":true,"href":"https:\/\/www.ateliercreatif.eu\/fr\/wp-json\/wp\/v2\/product_brand?post=2444"},{"taxonomy":"product_cat","embeddable":true,"href":"https:\/\/www.ateliercreatif.eu\/fr\/wp-json\/wp\/v2\/product_cat?post=2444"},{"taxonomy":"product_tag","embeddable":true,"href":"https:\/\/www.ateliercreatif.eu\/fr\/wp-json\/wp\/v2\/product_tag?post=2444"}],"curies":[{"name":"wp","href":"https:\/\/api.w.org\/{rel}","templated":true}]}}