{"id":2438,"date":"2024-05-31T19:57:44","date_gmt":"2024-05-31T17:57:44","guid":{"rendered":"https:\/\/www.ateliercreatif.eu\/product\/porte-cles-tulipe-rose\/"},"modified":"2025-05-19T10:11:20","modified_gmt":"2025-05-19T08:11:20","slug":"tulipe-keyring-rose","status":"publish","type":"product","link":"https:\/\/www.ateliercreatif.eu\/fr\/produit\/tulipe-keyring-rose\/","title":{"rendered":"Porte-cl\u00e9s tulipe &#8211; Rose"},"content":{"rendered":"<p>\u00a0\u00bb Bylin-dutch design \u00a0\u00bb inspir\u00e9 par la nature.<\/p>\n<p>Les produits sont fabriqu\u00e9s en cuir de haute qualit\u00e9.<\/p>\n<p>Dimensions : 4,5 x 10 cm.<\/p>\n<p>La tulipe, la fleur embl\u00e9matique des Pays-Bas, a inspir\u00e9 le design de ce porte-cl\u00e9s classique en cuir.<\/p>\n<p>Ne cherchez plus jamais vos cl\u00e9s. Cet accroche-regard color\u00e9 vous permet de rester organis\u00e9 pour les ann\u00e9es \u00e0 venir.<\/p>\n<p>Et pourquoi ne pas en offrir un aussi \u00e0 vos meilleurs amis ?<\/p>\n<p>Ce porte-cl\u00e9s tulipe en cuir est un cadeau id\u00e9al.<\/p>\n","protected":false},"excerpt":{"rendered":"<p>\u00a0\u00bb Bylin-dutch design \u00a0\u00bb inspir\u00e9 par la nature. Les produits sont fabriqu\u00e9s en cuir de haute qualit\u00e9. Dimensions : 4,5 x 10 cm. La tulipe, la fleur embl\u00e9matique des Pays-Bas, a inspir\u00e9 le design de ce porte-cl\u00e9s classique en cuir. Ne cherchez plus jamais vos cl\u00e9s. Cet accroche-regard color\u00e9 vous permet de rester organis\u00e9 pour [&#8230;]\n","protected":false},"featured_media":2423,"template":"","meta":[],"product_brand":[],"product_cat":[135,169],"product_tag":[],"class_list":{"0":"post-2438","1":"product","2":"type-product","3":"status-publish","4":"has-post-thumbnail","6":"product_cat-accessoires","7":"product_cat-tous-les-accessoires","9":"first","10":"outofstock","11":"taxable","12":"shipping-taxable","13":"purchasable","14":"product-type-simple"},"_links":{"self":[{"href":"https:\/\/www.ateliercreatif.eu\/fr\/wp-json\/wp\/v2\/product\/2438","targetHints":{"allow":["GET"]}}],"collection":[{"href":"https:\/\/www.ateliercreatif.eu\/fr\/wp-json\/wp\/v2\/product"}],"about":[{"href":"https:\/\/www.ateliercreatif.eu\/fr\/wp-json\/wp\/v2\/types\/product"}],"wp:featuredmedia":[{"embeddable":true,"href":"https:\/\/www.ateliercreatif.eu\/fr\/wp-json\/wp\/v2\/media\/2423"}],"wp:attachment":[{"href":"https:\/\/www.ateliercreatif.eu\/fr\/wp-json\/wp\/v2\/media?parent=2438"}],"wp:term":[{"taxonomy":"product_brand","embeddable":true,"href":"https:\/\/www.ateliercreatif.eu\/fr\/wp-json\/wp\/v2\/product_brand?post=2438"},{"taxonomy":"product_cat","embeddable":true,"href":"https:\/\/www.ateliercreatif.eu\/fr\/wp-json\/wp\/v2\/product_cat?post=2438"},{"taxonomy":"product_tag","embeddable":true,"href":"https:\/\/www.ateliercreatif.eu\/fr\/wp-json\/wp\/v2\/product_tag?post=2438"}],"curies":[{"name":"wp","href":"https:\/\/api.w.org\/{rel}","templated":true}]}}