{"id":2414,"date":"2024-05-31T19:12:44","date_gmt":"2024-05-31T17:12:44","guid":{"rendered":"https:\/\/www.ateliercreatif.eu\/product\/vase-a-fleurs-patricia-cream-pearl\/"},"modified":"2025-05-19T10:12:08","modified_gmt":"2025-05-19T08:12:08","slug":"fleur-vase-patricia-creme-perle","status":"publish","type":"product","link":"https:\/\/www.ateliercreatif.eu\/fr\/produit\/fleur-vase-patricia-creme-perle\/","title":{"rendered":"Vase \u00e0 fleurs \u00a0\u00bb Patricia Cream Pearl \u00ab\u00a0"},"content":{"rendered":"<p>\u00a0\u00bb Villa Pottery \u00ab\u00a0, par Luimes&amp;Luimes, design hollandais.<\/p>\n<p>Les c\u00e9ramiques Villa Pottery sont r\u00e9put\u00e9es pour leur qualit\u00e9, leurs belles gla\u00e7ures et leurs designs distinctifs.<\/p>\n<p>Dimensions : 14 x 14 x 15 cm.<\/p>\n<p>Le vase \u00e0 fleurs \u00a0\u00bb Patricia \u00a0\u00bb avec 9 ouvertures peut \u00eatre utilis\u00e9 pour pr\u00e9senter une magnifique rose romantique, une pivoine, un dahlia&#8230; au centre, ou une s\u00e9lection de jolies fleurs de jardin pour plus de volume.<\/p>\n<p>La couleur perle brillante s&rsquo;accorde avec tous les int\u00e9rieurs, qu&rsquo;ils soient modernes ou classiques.<\/p>\n","protected":false},"excerpt":{"rendered":"<p>\u00a0\u00bb Villa Pottery \u00ab\u00a0, par Luimes&amp;Luimes, design hollandais. Les c\u00e9ramiques Villa Pottery sont r\u00e9put\u00e9es pour leur qualit\u00e9, leurs belles gla\u00e7ures et leurs designs distinctifs. Dimensions : 14 x 14 x 15 cm. Le vase \u00e0 fleurs \u00a0\u00bb Patricia \u00a0\u00bb avec 9 ouvertures peut \u00eatre utilis\u00e9 pour pr\u00e9senter une magnifique rose romantique, une pivoine, un dahlia&#8230; [&#8230;]\n","protected":false},"featured_media":2392,"template":"","meta":[],"product_brand":[],"product_cat":[135,167],"product_tag":[],"class_list":{"0":"post-2414","1":"product","2":"type-product","3":"status-publish","4":"has-post-thumbnail","6":"product_cat-accessoires","7":"product_cat-pots-vases","9":"first","10":"instock","11":"taxable","12":"shipping-taxable","13":"purchasable","14":"product-type-simple"},"_links":{"self":[{"href":"https:\/\/www.ateliercreatif.eu\/fr\/wp-json\/wp\/v2\/product\/2414","targetHints":{"allow":["GET"]}}],"collection":[{"href":"https:\/\/www.ateliercreatif.eu\/fr\/wp-json\/wp\/v2\/product"}],"about":[{"href":"https:\/\/www.ateliercreatif.eu\/fr\/wp-json\/wp\/v2\/types\/product"}],"wp:featuredmedia":[{"embeddable":true,"href":"https:\/\/www.ateliercreatif.eu\/fr\/wp-json\/wp\/v2\/media\/2392"}],"wp:attachment":[{"href":"https:\/\/www.ateliercreatif.eu\/fr\/wp-json\/wp\/v2\/media?parent=2414"}],"wp:term":[{"taxonomy":"product_brand","embeddable":true,"href":"https:\/\/www.ateliercreatif.eu\/fr\/wp-json\/wp\/v2\/product_brand?post=2414"},{"taxonomy":"product_cat","embeddable":true,"href":"https:\/\/www.ateliercreatif.eu\/fr\/wp-json\/wp\/v2\/product_cat?post=2414"},{"taxonomy":"product_tag","embeddable":true,"href":"https:\/\/www.ateliercreatif.eu\/fr\/wp-json\/wp\/v2\/product_tag?post=2414"}],"curies":[{"name":"wp","href":"https:\/\/api.w.org\/{rel}","templated":true}]}}