{"id":2407,"date":"2024-05-31T18:47:10","date_gmt":"2024-05-31T16:47:10","guid":{"rendered":"https:\/\/www.ateliercreatif.eu\/product\/vase-a-fleurs-malibu-green-touch\/"},"modified":"2024-06-01T20:07:21","modified_gmt":"2024-06-01T18:07:21","slug":"malibu-green-touch-flower-vase","status":"publish","type":"product","link":"https:\/\/www.ateliercreatif.eu\/fr\/produit\/malibu-green-touch-flower-vase\/","title":{"rendered":"Vase \u00e0 fleurs \u00a0\u00bb Malibu Green Touch Porcelain \u00ab\u00a0"},"content":{"rendered":"<p>\u00a0\u00bb Villa Pottery \u00ab\u00a0, par Luimes&amp;Luimes, design hollandais.<\/p>\n<p>Les c\u00e9ramiques de Villa Pottery sont r\u00e9put\u00e9es pour leur qualit\u00e9, leurs belles gla\u00e7ures et leurs designs distinctifs.<\/p>\n<p>Dimensions : 15,8 x 15,5 x 14,3 cm.<\/p>\n<p>Vase \u00e0 fleurs Malibu, un design tr\u00e8s moderne avec 7 ouvertures.<\/p>\n<p>Vous pouvez pr\u00e9senter une fleur majestueuse au centre ou une s\u00e9lection de fleurs d\u00e9licates pour plus de volume.<\/p>\n","protected":false},"excerpt":{"rendered":"<p>\u00a0\u00bb Villa Pottery \u00ab\u00a0, par Luimes&amp;Luimes, design hollandais. Les c\u00e9ramiques de Villa Pottery sont r\u00e9put\u00e9es pour leur qualit\u00e9, leurs belles gla\u00e7ures et leurs designs distinctifs. Dimensions : 15,8 x 15,5 x 14,3 cm. Vase \u00e0 fleurs Malibu, un design tr\u00e8s moderne avec 7 ouvertures. Vous pouvez pr\u00e9senter une fleur majestueuse au centre ou une s\u00e9lection [&#8230;]\n","protected":false},"featured_media":2398,"template":"","meta":[],"product_brand":[],"product_cat":[135,167],"product_tag":[],"class_list":{"0":"post-2407","1":"product","2":"type-product","3":"status-publish","4":"has-post-thumbnail","6":"product_cat-accessoires","7":"product_cat-pots-vases","9":"first","10":"instock","11":"taxable","12":"shipping-taxable","13":"purchasable","14":"product-type-simple"},"_links":{"self":[{"href":"https:\/\/www.ateliercreatif.eu\/fr\/wp-json\/wp\/v2\/product\/2407","targetHints":{"allow":["GET"]}}],"collection":[{"href":"https:\/\/www.ateliercreatif.eu\/fr\/wp-json\/wp\/v2\/product"}],"about":[{"href":"https:\/\/www.ateliercreatif.eu\/fr\/wp-json\/wp\/v2\/types\/product"}],"wp:featuredmedia":[{"embeddable":true,"href":"https:\/\/www.ateliercreatif.eu\/fr\/wp-json\/wp\/v2\/media\/2398"}],"wp:attachment":[{"href":"https:\/\/www.ateliercreatif.eu\/fr\/wp-json\/wp\/v2\/media?parent=2407"}],"wp:term":[{"taxonomy":"product_brand","embeddable":true,"href":"https:\/\/www.ateliercreatif.eu\/fr\/wp-json\/wp\/v2\/product_brand?post=2407"},{"taxonomy":"product_cat","embeddable":true,"href":"https:\/\/www.ateliercreatif.eu\/fr\/wp-json\/wp\/v2\/product_cat?post=2407"},{"taxonomy":"product_tag","embeddable":true,"href":"https:\/\/www.ateliercreatif.eu\/fr\/wp-json\/wp\/v2\/product_tag?post=2407"}],"curies":[{"name":"wp","href":"https:\/\/api.w.org\/{rel}","templated":true}]}}