{"id":2122,"date":"2021-10-14T12:13:54","date_gmt":"2021-10-14T10:13:54","guid":{"rendered":"https:\/\/www.ateliercreatif.eu\/product\/porte-cles-my-little-tulip-saumon\/"},"modified":"2022-02-23T20:27:17","modified_gmt":"2022-02-23T19:27:17","slug":"ma-petite-tulipe-cle-sac-saumon","status":"publish","type":"product","link":"https:\/\/www.ateliercreatif.eu\/fr\/produit\/ma-petite-tulipe-cle-sac-saumon\/","title":{"rendered":"Porte-cl\u00e9s My Little Tulip &#8211; Saumon"},"content":{"rendered":"<p>\u00ab\u00a0BYLIN-dutch design\u00a0\u00bb inspir\u00e9 par la nature. Les produits sont fabriqu\u00e9s en cuir de haute qualit\u00e9.<\/p>\n<p>Dimensions : 7 x 7 cm, pr\u00e9sent\u00e9 en coffret cadeau.<\/p>\n<p>\u00ab\u00a0My Little Tulip\u00a0\u00bb, un charmant porte-cl\u00e9s tulipe miniature en cuir, est un excellent accessoire qui rehausse n&rsquo;importe quelle tenue.<\/p>\n<p>Utilisez-le comme porte-cl\u00e9s ou d\u00e9corez votre sac \u00e0 main avec.<\/p>\n<p>Cette mignonne est disponible en plusieurs couleurs et est doubl\u00e9e de tissu de lin durable.<\/p>\n<p>Vous pouvez m\u00eame y cacher vos petits secrets &#8211; personne ne le saura !<\/p>\n","protected":false},"excerpt":{"rendered":"<p>\u00ab\u00a0BYLIN-dutch design\u00a0\u00bb inspir\u00e9 par la nature. Les produits sont fabriqu\u00e9s en cuir de haute qualit\u00e9. Dimensions : 7 x 7 cm, pr\u00e9sent\u00e9 en coffret cadeau. \u00ab\u00a0My Little Tulip\u00a0\u00bb, un charmant porte-cl\u00e9s tulipe miniature en cuir, est un excellent accessoire qui rehausse n&rsquo;importe quelle tenue. Utilisez-le comme porte-cl\u00e9s ou d\u00e9corez votre sac \u00e0 main avec. Cette [&#8230;]\n","protected":false},"featured_media":1414,"template":"","meta":[],"product_brand":[],"product_cat":[135,136],"product_tag":[],"class_list":{"0":"post-2122","1":"product","2":"type-product","3":"status-publish","4":"has-post-thumbnail","6":"product_cat-accessoires","7":"product_cat-accessoires-speciaux","9":"first","10":"outofstock","11":"taxable","12":"shipping-taxable","13":"purchasable","14":"product-type-simple"},"_links":{"self":[{"href":"https:\/\/www.ateliercreatif.eu\/fr\/wp-json\/wp\/v2\/product\/2122","targetHints":{"allow":["GET"]}}],"collection":[{"href":"https:\/\/www.ateliercreatif.eu\/fr\/wp-json\/wp\/v2\/product"}],"about":[{"href":"https:\/\/www.ateliercreatif.eu\/fr\/wp-json\/wp\/v2\/types\/product"}],"wp:featuredmedia":[{"embeddable":true,"href":"https:\/\/www.ateliercreatif.eu\/fr\/wp-json\/wp\/v2\/media\/1414"}],"wp:attachment":[{"href":"https:\/\/www.ateliercreatif.eu\/fr\/wp-json\/wp\/v2\/media?parent=2122"}],"wp:term":[{"taxonomy":"product_brand","embeddable":true,"href":"https:\/\/www.ateliercreatif.eu\/fr\/wp-json\/wp\/v2\/product_brand?post=2122"},{"taxonomy":"product_cat","embeddable":true,"href":"https:\/\/www.ateliercreatif.eu\/fr\/wp-json\/wp\/v2\/product_cat?post=2122"},{"taxonomy":"product_tag","embeddable":true,"href":"https:\/\/www.ateliercreatif.eu\/fr\/wp-json\/wp\/v2\/product_tag?post=2122"}],"curies":[{"name":"wp","href":"https:\/\/api.w.org\/{rel}","templated":true}]}}