{"id":2116,"date":"2021-10-14T13:01:38","date_gmt":"2021-10-14T11:01:38","guid":{"rendered":"https:\/\/www.ateliercreatif.eu\/product\/my-little-tulip-mariage-blanc\/"},"modified":"2022-01-06T22:22:00","modified_gmt":"2022-01-06T21:22:00","slug":"ma-petite-tulipe-mariage","status":"publish","type":"product","link":"https:\/\/www.ateliercreatif.eu\/fr\/produit\/ma-petite-tulipe-mariage\/","title":{"rendered":"My Little Tulip &#8211; Mariage blanc"},"content":{"rendered":"<p>\u00ab\u00a0BYLIN &#8211; design hollandais\u00a0\u00bb inspir\u00e9 par la nature. Le produit est fait de cuir de haute qualit\u00e9.<\/p>\n<p>Dimensions. 7 x 7 cm, pr\u00e9sent\u00e9 dans un coffret cadeau.<\/p>\n<p>\u00ab\u00a0My Little Tulip Special edition Wedding\u00a0\u00bb est une charmante pochette tulipe miniature en cuir pour pr\u00e9server vos alliances.<\/p>\n<p>Pour ce moment inoubliable, c&rsquo;est la plus belle pr\u00e9sentation de vos alliances et un souvenir de longue vie.<\/p>\n<p>&nbsp;<\/p>\n","protected":false},"excerpt":{"rendered":"<p>\u00ab\u00a0BYLIN &#8211; design hollandais\u00a0\u00bb inspir\u00e9 par la nature. Le produit est fait de cuir de haute qualit\u00e9. Dimensions. 7 x 7 cm, pr\u00e9sent\u00e9 dans un coffret cadeau. \u00ab\u00a0My Little Tulip Special edition Wedding\u00a0\u00bb est une charmante pochette tulipe miniature en cuir pour pr\u00e9server vos alliances. Pour ce moment inoubliable, c&rsquo;est la plus belle pr\u00e9sentation de [&#8230;]\n","protected":false},"featured_media":1402,"template":"","meta":[],"product_brand":[],"product_cat":[135,136],"product_tag":[],"class_list":{"0":"post-2116","1":"product","2":"type-product","3":"status-publish","4":"has-post-thumbnail","6":"product_cat-accessoires","7":"product_cat-accessoires-speciaux","9":"first","10":"instock","11":"taxable","12":"shipping-taxable","13":"purchasable","14":"product-type-simple"},"_links":{"self":[{"href":"https:\/\/www.ateliercreatif.eu\/fr\/wp-json\/wp\/v2\/product\/2116","targetHints":{"allow":["GET"]}}],"collection":[{"href":"https:\/\/www.ateliercreatif.eu\/fr\/wp-json\/wp\/v2\/product"}],"about":[{"href":"https:\/\/www.ateliercreatif.eu\/fr\/wp-json\/wp\/v2\/types\/product"}],"wp:featuredmedia":[{"embeddable":true,"href":"https:\/\/www.ateliercreatif.eu\/fr\/wp-json\/wp\/v2\/media\/1402"}],"wp:attachment":[{"href":"https:\/\/www.ateliercreatif.eu\/fr\/wp-json\/wp\/v2\/media?parent=2116"}],"wp:term":[{"taxonomy":"product_brand","embeddable":true,"href":"https:\/\/www.ateliercreatif.eu\/fr\/wp-json\/wp\/v2\/product_brand?post=2116"},{"taxonomy":"product_cat","embeddable":true,"href":"https:\/\/www.ateliercreatif.eu\/fr\/wp-json\/wp\/v2\/product_cat?post=2116"},{"taxonomy":"product_tag","embeddable":true,"href":"https:\/\/www.ateliercreatif.eu\/fr\/wp-json\/wp\/v2\/product_tag?post=2116"}],"curies":[{"name":"wp","href":"https:\/\/api.w.org\/{rel}","templated":true}]}}