{"id":2102,"date":"2021-10-14T12:24:37","date_gmt":"2021-10-14T10:24:37","guid":{"rendered":"https:\/\/www.ateliercreatif.eu\/product\/porte-cles-my-little-tulip-orange\/"},"modified":"2024-05-29T17:30:37","modified_gmt":"2024-05-29T15:30:37","slug":"my-little-tulip-key-baghanger-orange","status":"publish","type":"product","link":"https:\/\/www.ateliercreatif.eu\/fr\/produit\/my-little-tulip-key-baghanger-orange\/","title":{"rendered":"Porte-cl\u00e9s My Little Tulip &#8211; Orange"},"content":{"rendered":"<p>\u00ab\u00a0BYLIN &#8211; design hollandais\u00a0\u00bb inspir\u00e9 par la nature. Les produits sont fabriqu\u00e9s en cuir de haute qualit\u00e9.<\/p>\n<p>Dimensions : 7 x 7 cm, pr\u00e9sent\u00e9 dans un coffret cadeau.<\/p>\n<p>\u00ab\u00a0My Little Tulip\u00a0\u00bb, un charmant porte-cl\u00e9s tulipe miniature en cuir, est un excellent accessoire qui rehausse n&rsquo;importe quelle tenue.<\/p>\n<p>Utilisez-le comme porte-cl\u00e9s ou d\u00e9corez votre sac \u00e0 main avec.<\/p>\n<p>Cette mignonne est disponible en plusieurs couleurs et est doubl\u00e9e de tissu de lin durable.<\/p>\n<p>Vous pouvez m\u00eame y cacher vos petits secrets &#8211; personne ne le saura !<\/p>\n","protected":false},"excerpt":{"rendered":"<p>\u00ab\u00a0BYLIN &#8211; design hollandais\u00a0\u00bb inspir\u00e9 par la nature. Les produits sont fabriqu\u00e9s en cuir de haute qualit\u00e9. Dimensions : 7 x 7 cm, pr\u00e9sent\u00e9 dans un coffret cadeau. \u00ab\u00a0My Little Tulip\u00a0\u00bb, un charmant porte-cl\u00e9s tulipe miniature en cuir, est un excellent accessoire qui rehausse n&rsquo;importe quelle tenue. Utilisez-le comme porte-cl\u00e9s ou d\u00e9corez votre sac \u00e0 [&#8230;]\n","protected":false},"featured_media":1412,"template":"","meta":[],"product_brand":[],"product_cat":[135,136],"product_tag":[],"class_list":{"0":"post-2102","1":"product","2":"type-product","3":"status-publish","4":"has-post-thumbnail","6":"product_cat-accessoires","7":"product_cat-accessoires-speciaux","9":"first","10":"outofstock","11":"taxable","12":"shipping-taxable","13":"purchasable","14":"product-type-simple"},"_links":{"self":[{"href":"https:\/\/www.ateliercreatif.eu\/fr\/wp-json\/wp\/v2\/product\/2102","targetHints":{"allow":["GET"]}}],"collection":[{"href":"https:\/\/www.ateliercreatif.eu\/fr\/wp-json\/wp\/v2\/product"}],"about":[{"href":"https:\/\/www.ateliercreatif.eu\/fr\/wp-json\/wp\/v2\/types\/product"}],"wp:featuredmedia":[{"embeddable":true,"href":"https:\/\/www.ateliercreatif.eu\/fr\/wp-json\/wp\/v2\/media\/1412"}],"wp:attachment":[{"href":"https:\/\/www.ateliercreatif.eu\/fr\/wp-json\/wp\/v2\/media?parent=2102"}],"wp:term":[{"taxonomy":"product_brand","embeddable":true,"href":"https:\/\/www.ateliercreatif.eu\/fr\/wp-json\/wp\/v2\/product_brand?post=2102"},{"taxonomy":"product_cat","embeddable":true,"href":"https:\/\/www.ateliercreatif.eu\/fr\/wp-json\/wp\/v2\/product_cat?post=2102"},{"taxonomy":"product_tag","embeddable":true,"href":"https:\/\/www.ateliercreatif.eu\/fr\/wp-json\/wp\/v2\/product_tag?post=2102"}],"curies":[{"name":"wp","href":"https:\/\/api.w.org\/{rel}","templated":true}]}}