{"id":2099,"date":"2021-10-14T18:47:36","date_gmt":"2021-10-14T16:47:36","guid":{"rendered":"https:\/\/www.ateliercreatif.eu\/product\/porte-cles-tulipe-bleu-roi\/"},"modified":"2025-08-17T17:14:00","modified_gmt":"2025-08-17T15:14:00","slug":"porte-clefs-tulipe-bleu-royal","status":"publish","type":"product","link":"https:\/\/www.ateliercreatif.eu\/fr\/produit\/porte-clefs-tulipe-bleu-royal\/","title":{"rendered":"Porte-cl\u00e9s Tulipe &#8211; Bleu roi"},"content":{"rendered":"<p>\u00ab\u00a0BYLIN &#8211; design hollandais\u00a0\u00bb inspir\u00e9 par la nature. Les produits sont fabriqu\u00e9s en cuir de haute qualit\u00e9.<\/p>\n<p>Dimensions : 4,5 cm x 10 cm<\/p>\n<p>La tulipe, la fleur embl\u00e9matique des Pays-Bas, a inspir\u00e9 le design de ce porte-cl\u00e9s tulipe en cuir classique.<\/p>\n<p>Ne cherchez plus jamais vos cl\u00e9s. L&rsquo;accroche-regard color\u00e9 vous permet de rester organis\u00e9 pour les ann\u00e9es \u00e0 venir.<\/p>\n<p>Et pourquoi ne pas en offrir un aussi \u00e0 vos meilleurs amis ?<\/p>\n<p>Ce porte-cl\u00e9s tulipe en cuir est le cadeau parfait.<\/p>\n","protected":false},"excerpt":{"rendered":"<p>\u00ab\u00a0BYLIN &#8211; design hollandais\u00a0\u00bb inspir\u00e9 par la nature. Les produits sont fabriqu\u00e9s en cuir de haute qualit\u00e9. Dimensions : 4,5 cm x 10 cm La tulipe, la fleur embl\u00e9matique des Pays-Bas, a inspir\u00e9 le design de ce porte-cl\u00e9s tulipe en cuir classique. Ne cherchez plus jamais vos cl\u00e9s. L&rsquo;accroche-regard color\u00e9 vous permet de rester organis\u00e9 [&#8230;]\n","protected":false},"featured_media":1506,"template":"","meta":[],"product_brand":[],"product_cat":[135,136],"product_tag":[],"class_list":{"0":"post-2099","1":"product","2":"type-product","3":"status-publish","4":"has-post-thumbnail","6":"product_cat-accessoires","7":"product_cat-accessoires-speciaux","9":"first","10":"instock","11":"taxable","12":"shipping-taxable","13":"purchasable","14":"product-type-simple"},"_links":{"self":[{"href":"https:\/\/www.ateliercreatif.eu\/fr\/wp-json\/wp\/v2\/product\/2099","targetHints":{"allow":["GET"]}}],"collection":[{"href":"https:\/\/www.ateliercreatif.eu\/fr\/wp-json\/wp\/v2\/product"}],"about":[{"href":"https:\/\/www.ateliercreatif.eu\/fr\/wp-json\/wp\/v2\/types\/product"}],"wp:featuredmedia":[{"embeddable":true,"href":"https:\/\/www.ateliercreatif.eu\/fr\/wp-json\/wp\/v2\/media\/1506"}],"wp:attachment":[{"href":"https:\/\/www.ateliercreatif.eu\/fr\/wp-json\/wp\/v2\/media?parent=2099"}],"wp:term":[{"taxonomy":"product_brand","embeddable":true,"href":"https:\/\/www.ateliercreatif.eu\/fr\/wp-json\/wp\/v2\/product_brand?post=2099"},{"taxonomy":"product_cat","embeddable":true,"href":"https:\/\/www.ateliercreatif.eu\/fr\/wp-json\/wp\/v2\/product_cat?post=2099"},{"taxonomy":"product_tag","embeddable":true,"href":"https:\/\/www.ateliercreatif.eu\/fr\/wp-json\/wp\/v2\/product_tag?post=2099"}],"curies":[{"name":"wp","href":"https:\/\/api.w.org\/{rel}","templated":true}]}}