{"id":2091,"date":"2021-10-14T18:58:55","date_gmt":"2021-10-14T16:58:55","guid":{"rendered":"https:\/\/www.ateliercreatif.eu\/product\/porte-cles-tulipe-orange\/"},"modified":"2025-05-19T10:31:43","modified_gmt":"2025-05-19T08:31:43","slug":"porte-clefs-tulipe-orange","status":"publish","type":"product","link":"https:\/\/www.ateliercreatif.eu\/fr\/produit\/porte-clefs-tulipe-orange\/","title":{"rendered":"Porte-cl\u00e9s Tulipe &#8211; Orange"},"content":{"rendered":"<p>\u00ab\u00a0BYLIN &#8211; design hollandais\u00a0\u00bb inspir\u00e9 par la nature. Les produits sont fabriqu\u00e9s en cuir de haute qualit\u00e9.<\/p>\n<p>Dimensions : 4,5 x 10 cm.<\/p>\n<p>La tulipe, la fleur embl\u00e9matique des Pays-Bas, a inspir\u00e9 le design de ce porte-cl\u00e9s tulipe en cuir classique.<\/p>\n<p>Ne cherchez plus jamais vos cl\u00e9s. Cet accroche-regard color\u00e9 vous permet de rester organis\u00e9 pour les ann\u00e9es \u00e0 venir.<\/p>\n<p>Et pourquoi ne pas en offrir un aussi \u00e0 vos meilleurs amis ?<\/p>\n<p>Ce porte-cl\u00e9s tulipe en cuir est le cadeau parfait.<\/p>\n","protected":false},"excerpt":{"rendered":"<p>\u00ab\u00a0BYLIN &#8211; design hollandais\u00a0\u00bb inspir\u00e9 par la nature. Les produits sont fabriqu\u00e9s en cuir de haute qualit\u00e9. Dimensions : 4,5 x 10 cm. La tulipe, la fleur embl\u00e9matique des Pays-Bas, a inspir\u00e9 le design de ce porte-cl\u00e9s tulipe en cuir classique. Ne cherchez plus jamais vos cl\u00e9s. Cet accroche-regard color\u00e9 vous permet de rester organis\u00e9 [&#8230;]\n","protected":false},"featured_media":1504,"template":"","meta":[],"product_brand":[],"product_cat":[135,136],"product_tag":[],"class_list":{"0":"post-2091","1":"product","2":"type-product","3":"status-publish","4":"has-post-thumbnail","6":"product_cat-accessoires","7":"product_cat-accessoires-speciaux","9":"first","10":"outofstock","11":"taxable","12":"shipping-taxable","13":"purchasable","14":"product-type-simple"},"_links":{"self":[{"href":"https:\/\/www.ateliercreatif.eu\/fr\/wp-json\/wp\/v2\/product\/2091","targetHints":{"allow":["GET"]}}],"collection":[{"href":"https:\/\/www.ateliercreatif.eu\/fr\/wp-json\/wp\/v2\/product"}],"about":[{"href":"https:\/\/www.ateliercreatif.eu\/fr\/wp-json\/wp\/v2\/types\/product"}],"wp:featuredmedia":[{"embeddable":true,"href":"https:\/\/www.ateliercreatif.eu\/fr\/wp-json\/wp\/v2\/media\/1504"}],"wp:attachment":[{"href":"https:\/\/www.ateliercreatif.eu\/fr\/wp-json\/wp\/v2\/media?parent=2091"}],"wp:term":[{"taxonomy":"product_brand","embeddable":true,"href":"https:\/\/www.ateliercreatif.eu\/fr\/wp-json\/wp\/v2\/product_brand?post=2091"},{"taxonomy":"product_cat","embeddable":true,"href":"https:\/\/www.ateliercreatif.eu\/fr\/wp-json\/wp\/v2\/product_cat?post=2091"},{"taxonomy":"product_tag","embeddable":true,"href":"https:\/\/www.ateliercreatif.eu\/fr\/wp-json\/wp\/v2\/product_tag?post=2091"}],"curies":[{"name":"wp","href":"https:\/\/api.w.org\/{rel}","templated":true}]}}