{"id":2085,"date":"2021-10-14T00:44:30","date_gmt":"2021-10-13T22:44:30","guid":{"rendered":"https:\/\/www.ateliercreatif.eu\/product\/vase-a-fleurs-grenada-7-oiseaux\/"},"modified":"2025-05-19T10:36:26","modified_gmt":"2025-05-19T08:36:26","slug":"grenade-vase-fleur-7-oiseaux","status":"publish","type":"product","link":"https:\/\/www.ateliercreatif.eu\/fr\/produit\/grenade-vase-fleur-7-oiseaux\/","title":{"rendered":"Vase \u00e0 fleurs GRENADA 7 oiseaux"},"content":{"rendered":"<p>\u00ab\u00a0Villa Pottery\u00a0\u00bb par Luimes&amp;Luimes, design hollandais.<\/p>\n<p>Les c\u00e9ramiques Villa Pottery sont r\u00e9put\u00e9es pour leur qualit\u00e9, leurs \u00e9maux inhabituels, leurs designs distinctifs et leur belle finition.<\/p>\n<p>Dimensions : 12 x 11,7 x 13,7 cm.<\/p>\n<p>GRENADA est un vase \u00e0 fleurs enchanteur avec 7 oiseaux.<\/p>\n<p>Magnifique sans remplissage, simplement pour \u00eatre utilis\u00e9 comme d\u00e9coration.<\/p>\n<p>Parfait comme vase \u00e0 fleurs pour une seule belle fleur ou quelques fleurs d\u00e9licates.<\/p>\n<p>GRENADA est un cadeau parfait.<\/p>\n","protected":false},"excerpt":{"rendered":"<p>\u00ab\u00a0Villa Pottery\u00a0\u00bb par Luimes&amp;Luimes, design hollandais. Les c\u00e9ramiques Villa Pottery sont r\u00e9put\u00e9es pour leur qualit\u00e9, leurs \u00e9maux inhabituels, leurs designs distinctifs et leur belle finition. Dimensions : 12 x 11,7 x 13,7 cm. GRENADA est un vase \u00e0 fleurs enchanteur avec 7 oiseaux. Magnifique sans remplissage, simplement pour \u00eatre utilis\u00e9 comme d\u00e9coration. Parfait comme vase [&#8230;]\n","protected":false},"featured_media":1428,"template":"","meta":[],"product_brand":[],"product_cat":[135,167],"product_tag":[],"class_list":{"0":"post-2085","1":"product","2":"type-product","3":"status-publish","4":"has-post-thumbnail","6":"product_cat-accessoires","7":"product_cat-pots-vases","9":"first","10":"outofstock","11":"taxable","12":"shipping-taxable","13":"purchasable","14":"product-type-simple"},"_links":{"self":[{"href":"https:\/\/www.ateliercreatif.eu\/fr\/wp-json\/wp\/v2\/product\/2085","targetHints":{"allow":["GET"]}}],"collection":[{"href":"https:\/\/www.ateliercreatif.eu\/fr\/wp-json\/wp\/v2\/product"}],"about":[{"href":"https:\/\/www.ateliercreatif.eu\/fr\/wp-json\/wp\/v2\/types\/product"}],"wp:featuredmedia":[{"embeddable":true,"href":"https:\/\/www.ateliercreatif.eu\/fr\/wp-json\/wp\/v2\/media\/1428"}],"wp:attachment":[{"href":"https:\/\/www.ateliercreatif.eu\/fr\/wp-json\/wp\/v2\/media?parent=2085"}],"wp:term":[{"taxonomy":"product_brand","embeddable":true,"href":"https:\/\/www.ateliercreatif.eu\/fr\/wp-json\/wp\/v2\/product_brand?post=2085"},{"taxonomy":"product_cat","embeddable":true,"href":"https:\/\/www.ateliercreatif.eu\/fr\/wp-json\/wp\/v2\/product_cat?post=2085"},{"taxonomy":"product_tag","embeddable":true,"href":"https:\/\/www.ateliercreatif.eu\/fr\/wp-json\/wp\/v2\/product_tag?post=2085"}],"curies":[{"name":"wp","href":"https:\/\/api.w.org\/{rel}","templated":true}]}}