{"id":2082,"date":"2021-09-02T17:14:47","date_gmt":"2021-09-02T15:14:47","guid":{"rendered":"https:\/\/www.ateliercreatif.eu\/product\/mini-ciseaux\/"},"modified":"2022-01-06T22:21:50","modified_gmt":"2022-01-06T21:21:50","slug":"mini-secateur","status":"publish","type":"product","link":"https:\/\/www.ateliercreatif.eu\/fr\/produit\/mini-secateur\/","title":{"rendered":"Mini-ciseaux"},"content":{"rendered":"<p>Les mini-ciseaux de 11 cm se glissent dans toutes les poches.<\/p>\n<p>Un petit talent polyvalent. Id\u00e9al pour prendre soin de vos plantes d&rsquo;int\u00e9rieur, nettoyer les plantes fleuries du balcon, cueillir des herbes fra\u00eeches ou couper des fleurs printani\u00e8res d\u00e9licates le long de la prairie.<\/p>\n<p>Fabriqu\u00e9 en acier inoxydable, il durera des ann\u00e9es.<\/p>\n","protected":false},"excerpt":{"rendered":"<p>Les mini-ciseaux de 11 cm se glissent dans toutes les poches. Un petit talent polyvalent. Id\u00e9al pour prendre soin de vos plantes d&rsquo;int\u00e9rieur, nettoyer les plantes fleuries du balcon, cueillir des herbes fra\u00eeches ou couper des fleurs printani\u00e8res d\u00e9licates le long de la prairie. Fabriqu\u00e9 en acier inoxydable, il durera des ann\u00e9es.<\/p>\n","protected":false},"featured_media":1450,"template":"","meta":[],"product_brand":[],"product_cat":[135,137],"product_tag":[],"class_list":{"0":"post-2082","1":"product","2":"type-product","3":"status-publish","4":"has-post-thumbnail","6":"product_cat-accessoires","7":"product_cat-aide-au-jardinage","9":"first","10":"instock","11":"taxable","12":"shipping-taxable","13":"purchasable","14":"product-type-simple"},"_links":{"self":[{"href":"https:\/\/www.ateliercreatif.eu\/fr\/wp-json\/wp\/v2\/product\/2082","targetHints":{"allow":["GET"]}}],"collection":[{"href":"https:\/\/www.ateliercreatif.eu\/fr\/wp-json\/wp\/v2\/product"}],"about":[{"href":"https:\/\/www.ateliercreatif.eu\/fr\/wp-json\/wp\/v2\/types\/product"}],"wp:featuredmedia":[{"embeddable":true,"href":"https:\/\/www.ateliercreatif.eu\/fr\/wp-json\/wp\/v2\/media\/1450"}],"wp:attachment":[{"href":"https:\/\/www.ateliercreatif.eu\/fr\/wp-json\/wp\/v2\/media?parent=2082"}],"wp:term":[{"taxonomy":"product_brand","embeddable":true,"href":"https:\/\/www.ateliercreatif.eu\/fr\/wp-json\/wp\/v2\/product_brand?post=2082"},{"taxonomy":"product_cat","embeddable":true,"href":"https:\/\/www.ateliercreatif.eu\/fr\/wp-json\/wp\/v2\/product_cat?post=2082"},{"taxonomy":"product_tag","embeddable":true,"href":"https:\/\/www.ateliercreatif.eu\/fr\/wp-json\/wp\/v2\/product_tag?post=2082"}],"curies":[{"name":"wp","href":"https:\/\/api.w.org\/{rel}","templated":true}]}}