{"id":2080,"date":"2021-10-14T11:15:39","date_gmt":"2021-10-14T09:15:39","guid":{"rendered":"https:\/\/www.ateliercreatif.eu\/product\/vase-a-fleurs-brigitte\/"},"modified":"2022-01-06T22:22:01","modified_gmt":"2022-01-06T21:22:01","slug":"vase-fleur-brigitte","status":"publish","type":"product","link":"https:\/\/www.ateliercreatif.eu\/fr\/produit\/vase-fleur-brigitte\/","title":{"rendered":"Vase \u00e0 fleurs BRIGITTE"},"content":{"rendered":"<p data-line-height=\"s\">\u00ab\u00a0Villa Pottery\u00a0\u00bb par Luimes&amp;Luimes, design hollandais.<\/p>\n<p data-line-height=\"s\">Les c\u00e9ramiques Villa Pottery sont r\u00e9put\u00e9es pour leur qualit\u00e9, leurs \u00e9maux inhabituels, leurs designs distinctifs et leur belle finition.<\/p>\n<p data-line-height=\"s\">Dimensions : 15 x 15 x 25,4 cm.<\/p>\n<p data-line-height=\"s\">BRIGITTE est un \u00e9l\u00e9gant vase \u00e0 fleurs en c\u00e9ramique d\u00e9cor\u00e9 d&rsquo;1 fleur en porcelaine artisanale.<\/p>\n<p data-line-height=\"s\">La couleur sp\u00e9ciale appel\u00e9e mostard reactive s&rsquo;accorde aussi bien avec les int\u00e9rieurs classiques que modernes.<\/p>\n<p data-line-height=\"s\">Id\u00e9al pour une fleur exceptionnelle, comme une pivoine, un lys, une strelizia ou simplement votre fleur pr\u00e9f\u00e9r\u00e9e.<\/p>\n<p data-line-height=\"s\">Un petit bouquet haut sera aussi beau dans cet \u00e9l\u00e9gant vase \u00e0 fleurs.<\/p>\n<p data-line-height=\"s\">BRIGITTE fait un cadeau parfait<\/p>\n","protected":false},"excerpt":{"rendered":"<p>\u00ab\u00a0Villa Pottery\u00a0\u00bb par Luimes&amp;Luimes, design hollandais. Les c\u00e9ramiques Villa Pottery sont r\u00e9put\u00e9es pour leur qualit\u00e9, leurs \u00e9maux inhabituels, leurs designs distinctifs et leur belle finition. Dimensions : 15 x 15 x 25,4 cm. BRIGITTE est un \u00e9l\u00e9gant vase \u00e0 fleurs en c\u00e9ramique d\u00e9cor\u00e9 d&rsquo;1 fleur en porcelaine artisanale. La couleur sp\u00e9ciale appel\u00e9e mostard reactive s&rsquo;accorde [&#8230;]\n","protected":false},"featured_media":1468,"template":"","meta":[],"product_brand":[],"product_cat":[135,167],"product_tag":[],"class_list":{"0":"post-2080","1":"product","2":"type-product","3":"status-publish","4":"has-post-thumbnail","6":"product_cat-accessoires","7":"product_cat-pots-vases","9":"first","10":"instock","11":"taxable","12":"shipping-taxable","13":"purchasable","14":"product-type-simple"},"_links":{"self":[{"href":"https:\/\/www.ateliercreatif.eu\/fr\/wp-json\/wp\/v2\/product\/2080","targetHints":{"allow":["GET"]}}],"collection":[{"href":"https:\/\/www.ateliercreatif.eu\/fr\/wp-json\/wp\/v2\/product"}],"about":[{"href":"https:\/\/www.ateliercreatif.eu\/fr\/wp-json\/wp\/v2\/types\/product"}],"wp:featuredmedia":[{"embeddable":true,"href":"https:\/\/www.ateliercreatif.eu\/fr\/wp-json\/wp\/v2\/media\/1468"}],"wp:attachment":[{"href":"https:\/\/www.ateliercreatif.eu\/fr\/wp-json\/wp\/v2\/media?parent=2080"}],"wp:term":[{"taxonomy":"product_brand","embeddable":true,"href":"https:\/\/www.ateliercreatif.eu\/fr\/wp-json\/wp\/v2\/product_brand?post=2080"},{"taxonomy":"product_cat","embeddable":true,"href":"https:\/\/www.ateliercreatif.eu\/fr\/wp-json\/wp\/v2\/product_cat?post=2080"},{"taxonomy":"product_tag","embeddable":true,"href":"https:\/\/www.ateliercreatif.eu\/fr\/wp-json\/wp\/v2\/product_tag?post=2080"}],"curies":[{"name":"wp","href":"https:\/\/api.w.org\/{rel}","templated":true}]}}