{"id":2044,"date":"2021-10-15T20:48:55","date_gmt":"2021-10-15T18:48:55","guid":{"rendered":"https:\/\/www.ateliercreatif.eu\/product\/porte-cles-tulipe-fleurie-rouge\/"},"modified":"2025-05-19T10:23:16","modified_gmt":"2025-05-19T08:23:16","slug":"porte-clefs-tulipe-fleurie-rouge","status":"publish","type":"product","link":"https:\/\/www.ateliercreatif.eu\/fr\/produit\/porte-clefs-tulipe-fleurie-rouge\/","title":{"rendered":"Porte-cl\u00e9s Tulipe Fleurie &#8211; Rouge"},"content":{"rendered":"<p>\u00ab\u00a0BYLIN &#8211; design hollandais\u00a0\u00bb inspir\u00e9 par la nature. Les produits sont fabriqu\u00e9s en cuir de haute qualit\u00e9.<\/p>\n<p>Dimensions. 3&#215;11,5cm.<\/p>\n<p>La tulipe, la fleur embl\u00e9matique des Pays-Bas, a inspir\u00e9 le design de ce joli porte-cl\u00e9s tulipe en floraison.<\/p>\n<p>Le porte-cl\u00e9s peut \u00eatre utilis\u00e9 comme porte-cl\u00e9s fonctionnel ou, tr\u00e8s chic, pour embellir votre sac \u00e0 main pr\u00e9f\u00e9r\u00e9.<\/p>\n<p>Il fait un cadeau parfait et est disponible dans de belles couleurs.<\/p>\n<p>Le porte-cl\u00e9s cuir, en forme d`une tulipe en floraison, un incontournable accessoire pour tous les fans de fleurs.<\/p>\n","protected":false},"excerpt":{"rendered":"<p>\u00ab\u00a0BYLIN &#8211; design hollandais\u00a0\u00bb inspir\u00e9 par la nature. Les produits sont fabriqu\u00e9s en cuir de haute qualit\u00e9. Dimensions. 3&#215;11,5cm. La tulipe, la fleur embl\u00e9matique des Pays-Bas, a inspir\u00e9 le design de ce joli porte-cl\u00e9s tulipe en floraison. Le porte-cl\u00e9s peut \u00eatre utilis\u00e9 comme porte-cl\u00e9s fonctionnel ou, tr\u00e8s chic, pour embellir votre sac \u00e0 main pr\u00e9f\u00e9r\u00e9. [&#8230;]\n","protected":false},"featured_media":1390,"template":"","meta":[],"product_brand":[],"product_cat":[135,136],"product_tag":[],"class_list":{"0":"post-2044","1":"product","2":"type-product","3":"status-publish","4":"has-post-thumbnail","6":"product_cat-accessoires","7":"product_cat-accessoires-speciaux","9":"first","10":"outofstock","11":"taxable","12":"shipping-taxable","13":"purchasable","14":"product-type-simple"},"_links":{"self":[{"href":"https:\/\/www.ateliercreatif.eu\/fr\/wp-json\/wp\/v2\/product\/2044","targetHints":{"allow":["GET"]}}],"collection":[{"href":"https:\/\/www.ateliercreatif.eu\/fr\/wp-json\/wp\/v2\/product"}],"about":[{"href":"https:\/\/www.ateliercreatif.eu\/fr\/wp-json\/wp\/v2\/types\/product"}],"wp:featuredmedia":[{"embeddable":true,"href":"https:\/\/www.ateliercreatif.eu\/fr\/wp-json\/wp\/v2\/media\/1390"}],"wp:attachment":[{"href":"https:\/\/www.ateliercreatif.eu\/fr\/wp-json\/wp\/v2\/media?parent=2044"}],"wp:term":[{"taxonomy":"product_brand","embeddable":true,"href":"https:\/\/www.ateliercreatif.eu\/fr\/wp-json\/wp\/v2\/product_brand?post=2044"},{"taxonomy":"product_cat","embeddable":true,"href":"https:\/\/www.ateliercreatif.eu\/fr\/wp-json\/wp\/v2\/product_cat?post=2044"},{"taxonomy":"product_tag","embeddable":true,"href":"https:\/\/www.ateliercreatif.eu\/fr\/wp-json\/wp\/v2\/product_tag?post=2044"}],"curies":[{"name":"wp","href":"https:\/\/api.w.org\/{rel}","templated":true}]}}