{"id":2002,"date":"2021-11-07T23:52:34","date_gmt":"2021-11-07T22:52:34","guid":{"rendered":"https:\/\/www.ateliercreatif.eu\/product\/ensemble-doutils-de-jardin-dinterieur\/"},"modified":"2025-08-17T17:03:03","modified_gmt":"2025-08-17T15:03:03","slug":"ensemble-d-outils-de-jardin-d-interieur","status":"publish","type":"product","link":"https:\/\/www.ateliercreatif.eu\/fr\/produit\/ensemble-d-outils-de-jardin-d-interieur\/","title":{"rendered":"Ensemble d&rsquo;outils de jardin d&rsquo;int\u00e9rieur"},"content":{"rendered":"<p>Cet ensemble contient tout le n\u00e9cessaire pour prendre bien soin de vos plantes d&rsquo;int\u00e9rieur.<\/p>\n<p>Dimensions : 17x4x24cm.<\/p>\n<p>L&rsquo;ensemble se compose d&rsquo;un r\u00e2teau, d&rsquo;une pelle et d&rsquo;un s\u00e9cateur, pr\u00e9sent\u00e9s sur un support en bois. Les outils sont en acier inoxydable.<\/p>\n<p>Cet ensemble d&rsquo;outils de jardin d&rsquo;int\u00e9rieur est un cadeau parfait pour tous les amoureux des plantes.<\/p>\n","protected":false},"excerpt":{"rendered":"<p>Cet ensemble contient tout le n\u00e9cessaire pour prendre bien soin de vos plantes d&rsquo;int\u00e9rieur. Dimensions : 17x4x24cm. L&rsquo;ensemble se compose d&rsquo;un r\u00e2teau, d&rsquo;une pelle et d&rsquo;un s\u00e9cateur, pr\u00e9sent\u00e9s sur un support en bois. Les outils sont en acier inoxydable. Cet ensemble d&rsquo;outils de jardin d&rsquo;int\u00e9rieur est un cadeau parfait pour tous les amoureux des plantes.<\/p>\n","protected":false},"featured_media":1466,"template":"","meta":[],"product_brand":[],"product_cat":[135,137],"product_tag":[],"class_list":{"0":"post-2002","1":"product","2":"type-product","3":"status-publish","4":"has-post-thumbnail","6":"product_cat-accessoires","7":"product_cat-aide-au-jardinage","9":"first","10":"instock","11":"sale","12":"taxable","13":"shipping-taxable","14":"purchasable","15":"product-type-simple"},"_links":{"self":[{"href":"https:\/\/www.ateliercreatif.eu\/fr\/wp-json\/wp\/v2\/product\/2002","targetHints":{"allow":["GET"]}}],"collection":[{"href":"https:\/\/www.ateliercreatif.eu\/fr\/wp-json\/wp\/v2\/product"}],"about":[{"href":"https:\/\/www.ateliercreatif.eu\/fr\/wp-json\/wp\/v2\/types\/product"}],"wp:featuredmedia":[{"embeddable":true,"href":"https:\/\/www.ateliercreatif.eu\/fr\/wp-json\/wp\/v2\/media\/1466"}],"wp:attachment":[{"href":"https:\/\/www.ateliercreatif.eu\/fr\/wp-json\/wp\/v2\/media?parent=2002"}],"wp:term":[{"taxonomy":"product_brand","embeddable":true,"href":"https:\/\/www.ateliercreatif.eu\/fr\/wp-json\/wp\/v2\/product_brand?post=2002"},{"taxonomy":"product_cat","embeddable":true,"href":"https:\/\/www.ateliercreatif.eu\/fr\/wp-json\/wp\/v2\/product_cat?post=2002"},{"taxonomy":"product_tag","embeddable":true,"href":"https:\/\/www.ateliercreatif.eu\/fr\/wp-json\/wp\/v2\/product_tag?post=2002"}],"curies":[{"name":"wp","href":"https:\/\/api.w.org\/{rel}","templated":true}]}}