{"id":1987,"date":"2021-11-08T00:04:38","date_gmt":"2021-11-07T23:04:38","guid":{"rendered":"https:\/\/www.ateliercreatif.eu\/product\/cisailles-a-bonsai\/"},"modified":"2025-08-17T17:06:48","modified_gmt":"2025-08-17T15:06:48","slug":"bonsai-ciseaux","status":"publish","type":"product","link":"https:\/\/www.ateliercreatif.eu\/fr\/produit\/bonsai-ciseaux\/","title":{"rendered":"Cisailles \u00e0 bonsa\u00ef"},"content":{"rendered":"<p>Ces ciseaux \u00e0 bonsa\u00ef sont parfaits pour tailler, fa\u00e7onner et entretenir les plantes avec pr\u00e9cision.<\/p>\n<p>Dimensions : 1,8 x 8,7 x 18,3 cm.<\/p>\n<p>Le choix de mat\u00e9riaux durables signifie qu&rsquo;ils dureront longtemps.<\/p>\n<p>Cet outil de jardinage traditionnel est parfait pour tous ceux qui ont la main verte.<\/p>\n<p>&nbsp;<\/p>\n","protected":false},"excerpt":{"rendered":"<p>Ces ciseaux \u00e0 bonsa\u00ef sont parfaits pour tailler, fa\u00e7onner et entretenir les plantes avec pr\u00e9cision. Dimensions : 1,8 x 8,7 x 18,3 cm. Le choix de mat\u00e9riaux durables signifie qu&rsquo;ils dureront longtemps. Cet outil de jardinage traditionnel est parfait pour tous ceux qui ont la main verte. &nbsp;<\/p>\n","protected":false},"featured_media":1460,"template":"","meta":[],"product_brand":[],"product_cat":[135,137],"product_tag":[],"class_list":{"0":"post-1987","1":"product","2":"type-product","3":"status-publish","4":"has-post-thumbnail","6":"product_cat-accessoires","7":"product_cat-aide-au-jardinage","9":"first","10":"instock","11":"sale","12":"taxable","13":"shipping-taxable","14":"purchasable","15":"product-type-simple"},"_links":{"self":[{"href":"https:\/\/www.ateliercreatif.eu\/fr\/wp-json\/wp\/v2\/product\/1987","targetHints":{"allow":["GET"]}}],"collection":[{"href":"https:\/\/www.ateliercreatif.eu\/fr\/wp-json\/wp\/v2\/product"}],"about":[{"href":"https:\/\/www.ateliercreatif.eu\/fr\/wp-json\/wp\/v2\/types\/product"}],"wp:featuredmedia":[{"embeddable":true,"href":"https:\/\/www.ateliercreatif.eu\/fr\/wp-json\/wp\/v2\/media\/1460"}],"wp:attachment":[{"href":"https:\/\/www.ateliercreatif.eu\/fr\/wp-json\/wp\/v2\/media?parent=1987"}],"wp:term":[{"taxonomy":"product_brand","embeddable":true,"href":"https:\/\/www.ateliercreatif.eu\/fr\/wp-json\/wp\/v2\/product_brand?post=1987"},{"taxonomy":"product_cat","embeddable":true,"href":"https:\/\/www.ateliercreatif.eu\/fr\/wp-json\/wp\/v2\/product_cat?post=1987"},{"taxonomy":"product_tag","embeddable":true,"href":"https:\/\/www.ateliercreatif.eu\/fr\/wp-json\/wp\/v2\/product_tag?post=1987"}],"curies":[{"name":"wp","href":"https:\/\/api.w.org\/{rel}","templated":true}]}}