{"id":1985,"date":"2021-11-08T00:06:36","date_gmt":"2021-11-07T23:06:36","guid":{"rendered":"https:\/\/www.ateliercreatif.eu\/product\/entonnoir-de-terrarium-pour-plantes\/"},"modified":"2025-08-17T17:05:58","modified_gmt":"2025-08-17T15:05:58","slug":"plante-terrarium-entonnoir","status":"publish","type":"product","link":"https:\/\/www.ateliercreatif.eu\/fr\/produit\/plante-terrarium-entonnoir\/","title":{"rendered":"Entonnoir pratique pour plantes"},"content":{"rendered":"<p>Cet entonnoir pour terrarium est un outil utile lors de la cr\u00e9ation d&rsquo;un terrarium pour plantes.<\/p>\n<p>Dimensions : 10x10x19 cm.<\/p>\n<p>L&rsquo;entonnoir a un large col et permet d&rsquo;\u00e9viter d&rsquo;ab\u00eemer la terre, le charbon ou les pierres.<\/p>\n","protected":false},"excerpt":{"rendered":"<p>Cet entonnoir pour terrarium est un outil utile lors de la cr\u00e9ation d&rsquo;un terrarium pour plantes. Dimensions : 10x10x19 cm. L&rsquo;entonnoir a un large col et permet d&rsquo;\u00e9viter d&rsquo;ab\u00eemer la terre, le charbon ou les pierres.<\/p>\n","protected":false},"featured_media":1458,"template":"","meta":[],"product_brand":[],"product_cat":[135,137],"product_tag":[],"class_list":{"0":"post-1985","1":"product","2":"type-product","3":"status-publish","4":"has-post-thumbnail","6":"product_cat-accessoires","7":"product_cat-aide-au-jardinage","8":"product_shipping_class-petite-boite","10":"first","11":"instock","12":"sale","13":"taxable","14":"shipping-taxable","15":"purchasable","16":"product-type-simple"},"_links":{"self":[{"href":"https:\/\/www.ateliercreatif.eu\/fr\/wp-json\/wp\/v2\/product\/1985","targetHints":{"allow":["GET"]}}],"collection":[{"href":"https:\/\/www.ateliercreatif.eu\/fr\/wp-json\/wp\/v2\/product"}],"about":[{"href":"https:\/\/www.ateliercreatif.eu\/fr\/wp-json\/wp\/v2\/types\/product"}],"wp:featuredmedia":[{"embeddable":true,"href":"https:\/\/www.ateliercreatif.eu\/fr\/wp-json\/wp\/v2\/media\/1458"}],"wp:attachment":[{"href":"https:\/\/www.ateliercreatif.eu\/fr\/wp-json\/wp\/v2\/media?parent=1985"}],"wp:term":[{"taxonomy":"product_brand","embeddable":true,"href":"https:\/\/www.ateliercreatif.eu\/fr\/wp-json\/wp\/v2\/product_brand?post=1985"},{"taxonomy":"product_cat","embeddable":true,"href":"https:\/\/www.ateliercreatif.eu\/fr\/wp-json\/wp\/v2\/product_cat?post=1985"},{"taxonomy":"product_tag","embeddable":true,"href":"https:\/\/www.ateliercreatif.eu\/fr\/wp-json\/wp\/v2\/product_tag?post=1985"}],"curies":[{"name":"wp","href":"https:\/\/api.w.org\/{rel}","templated":true}]}}