{"id":2309,"date":"2021-08-25T11:18:17","date_gmt":"2021-08-25T09:18:17","guid":{"rendered":"https:\/\/www.ateliercreatif.eu\/galerie-abonnement\/"},"modified":"2023-06-25T18:18:54","modified_gmt":"2023-06-25T16:18:54","slug":"galerie-abonnement","status":"publish","type":"page","link":"https:\/\/www.ateliercreatif.eu\/fr\/galerie-abonnement\/","title":{"rendered":"Galerie Abonnement"},"content":{"rendered":"\n\n  <div class=\"banner has-hover\" id=\"banner-1309030786\">\n          <div class=\"banner-inner fill\">\n        <div class=\"banner-bg fill\" >\n                                                \n                    <\/div>\n\t\t\n        <div class=\"banner-layers container\">\n            <div class=\"fill banner-link\"><\/div>            \n\n   <div id=\"text-box-183290495\" class=\"text-box banner-layer x50 md-x50 lg-x50 y50 md-y50 lg-y50 res-text\">\n                                <div class=\"text-box-content text dark\">\n              \n              <div class=\"text-inner text-center\">\n                  \n\n\t<div id=\"gap-1053228034\" class=\"gap-element clearfix\" style=\"display:block; height:auto;\">\n\t\t\n<style>\n#gap-1053228034 {\n  padding-top: 40px;\n}\n<\/style>\n\t<\/div>\n\t\n\n<h1>\nGalerie Abbonement<\/h1>\n<div class=\"is-divider divider clearfix\" ><\/div>\n\n<p>D\u00e9couvrez comment notre abbonnement floral embellit les maisons de nos clients de mois en mois, tout au long de l&rsquo;ann\u00e9e.<\/p>\n\n              <\/div>\n           <\/div>\n                            \n<style>\n#text-box-183290495 {\n  width: 60%;\n}\n#text-box-183290495 .text-box-content {\n  font-size: 100%;\n}\n<\/style>\n    <\/div>\n \n\n        <\/div>\n      <\/div>\n\n            \n<style>\n#banner-1309030786 {\n  padding-top: 467px;\n  background-color: rgb(23, 23, 23);\n}\n<\/style>\n  <\/div>\n\n\n\n\t<section class=\"section\" id=\"section_553739735\">\n\t\t<div class=\"section-bg fill\" >\n\t\t\t\t\t\t\t\t\t\n\t\t\t\n\n\t\t<\/div>\n\n\t\t\n\n\t\t<div class=\"section-content relative\">\n\t\t\t\n\n  <div class=\"banner-grid-wrapper\">\n  <div id=\"banner-grid-474074682\" class=\"banner-grid row row-grid row-small row-full-width\" data-packery-options=\"\">\n                      \n\n<div class=\"col grid-col small-12 large-6 grid-col-1\" data-animate=\"fadeInUp\"><div class=\"col-inner\">\n\n\n  <div class=\"banner has-hover bg-zoom\" id=\"banner-1555507232\">\n          <div class=\"banner-inner fill\">\n        <div class=\"banner-bg fill\" >\n            <img loading=\"lazy\" decoding=\"async\" width=\"1020\" height=\"1353\" src=\"https:\/\/www.ateliercreatif.eu\/wp-content\/uploads\/2021\/11\/pexels-jannet-serhan-2831040-1628x2160.jpg\" class=\"bg attachment-large size-large\" alt=\"\" \/>                                    \n                    <\/div>\n\t\t\n        <div class=\"banner-layers container\">\n            <div class=\"fill banner-link\"><\/div>            \n\n   <div id=\"text-box-1886187661\" class=\"text-box banner-layer x50 md-x50 lg-x50 y50 md-y50 lg-y50 res-text\">\n                                <div class=\"text-box-content text dark\">\n              \n              <div class=\"text-inner text-center\">\n                  \n\n\n              <\/div>\n           <\/div>\n                            \n<style>\n#text-box-1886187661 {\n  width: 60%;\n}\n#text-box-1886187661 .text-box-content {\n  font-size: 100%;\n}\n@media (min-width:550px) {\n  #text-box-1886187661 {\n    width: 60%;\n  }\n}\n<\/style>\n    <\/div>\n \n\n        <\/div>\n      <\/div>\n\n            \n<style>\n#banner-1555507232 {\n  padding-top: 500px;\n}\n#banner-1555507232 .banner-bg img {\n  object-position: 18% 3%;\n}\n<\/style>\n  <\/div>\n\n\n\n<\/div><\/div>\n<div class=\"col grid-col small-13 large-6 grid-col-1-2\" data-animate=\"fadeInUp\"><div class=\"col-inner\">\n\n\n  <div class=\"banner has-hover bg-zoom\" id=\"banner-663173634\">\n          <div class=\"banner-inner fill\">\n        <div class=\"banner-bg fill\" >\n            <img loading=\"lazy\" decoding=\"async\" width=\"1020\" height=\"680\" src=\"https:\/\/www.ateliercreatif.eu\/wp-content\/uploads\/2021\/11\/pexels-erin-profaci-1612844-3240x2160.jpg\" class=\"bg attachment-large size-large\" alt=\"\" \/>                                    \n                    <\/div>\n\t\t\n        <div class=\"banner-layers container\">\n            <div class=\"fill banner-link\"><\/div>            \n\n   <div id=\"text-box-942785992\" class=\"text-box banner-layer x50 md-x50 lg-x50 y50 md-y50 lg-y50 res-text\">\n                                <div class=\"text-box-content text dark\">\n              \n              <div class=\"text-inner text-center\">\n                  \n\n\n              <\/div>\n           <\/div>\n                            \n<style>\n#text-box-942785992 {\n  width: 60%;\n}\n#text-box-942785992 .text-box-content {\n  font-size: 100%;\n}\n@media (min-width:550px) {\n  #text-box-942785992 {\n    width: 60%;\n  }\n}\n<\/style>\n    <\/div>\n \n\n        <\/div>\n      <\/div>\n\n            \n<style>\n#banner-663173634 {\n  padding-top: 500px;\n}\n<\/style>\n  <\/div>\n\n\n\n<\/div><\/div>\n<div class=\"col grid-col small-12 large-6 grid-col-1-2\" data-animate=\"fadeInUp\"><div class=\"col-inner\">\n\n\n  <div class=\"banner has-hover bg-zoom\" id=\"banner-535385043\">\n          <div class=\"banner-inner fill\">\n        <div class=\"banner-bg fill\" >\n            <img loading=\"lazy\" decoding=\"async\" width=\"1020\" height=\"680\" src=\"https:\/\/www.ateliercreatif.eu\/wp-content\/uploads\/2021\/11\/pexels-marcelo-joaquim-5310588-3240x2160.jpg\" class=\"bg attachment-large size-large\" alt=\"\" \/>                                    \n                    <\/div>\n\t\t\n        <div class=\"banner-layers container\">\n            <div class=\"fill banner-link\"><\/div>            \n\n   <div id=\"text-box-623712149\" class=\"text-box banner-layer x50 md-x50 lg-x50 y50 md-y50 lg-y50 res-text\">\n                                <div class=\"text-box-content text dark\">\n              \n              <div class=\"text-inner text-center\">\n                  \n\n\n              <\/div>\n           <\/div>\n                            \n<style>\n#text-box-623712149 {\n  width: 60%;\n}\n#text-box-623712149 .text-box-content {\n  font-size: 100%;\n}\n@media (min-width:550px) {\n  #text-box-623712149 {\n    width: 60%;\n  }\n}\n<\/style>\n    <\/div>\n \n\n        <\/div>\n      <\/div>\n\n            \n<style>\n#banner-535385043 {\n  padding-top: 500px;\n}\n<\/style>\n  <\/div>\n\n\n\n<\/div><\/div>\n\n            <\/div>\n    <style>\n    #banner-grid-474074682 .grid-col-1{height: 600px}\n    #banner-grid-474074682 .grid-col-1-2{height: 300px}\n    #banner-grid-474074682 .grid-col-1-3{height:200px}\n    #banner-grid-474074682 .grid-col-2-3{height: 400px}\n    #banner-grid-474074682 .grid-col-1-4{height: 150px}\n    #banner-grid-474074682 .grid-col-3-4{height: 450px}\n\n\n    \n    \n\n  <\/style>\n    <\/div>\n  \n  <div class=\"banner-grid-wrapper\">\n  <div id=\"banner-grid-1449786593\" class=\"banner-grid row row-grid row-small row-full-width\" data-packery-options=\"\">\n                      \n\n<div class=\"col grid-col small-14 large-5 grid-col-1-2\" data-animate=\"fadeInUp\"><div class=\"col-inner\">\n\n\n  <div class=\"banner has-hover bg-zoom\" id=\"banner-817496326\">\n          <div class=\"banner-inner fill\">\n        <div class=\"banner-bg fill\" >\n            <img loading=\"lazy\" decoding=\"async\" width=\"1020\" height=\"680\" src=\"https:\/\/www.ateliercreatif.eu\/wp-content\/uploads\/2021\/11\/pexels-dimitri-kuliuk-1488310-3240x2160.jpg\" class=\"bg attachment-large size-large\" alt=\"\" \/>                                    \n                    <\/div>\n\t\t\n        <div class=\"banner-layers container\">\n            <div class=\"fill banner-link\"><\/div>            \n\n   <div id=\"text-box-995238748\" class=\"text-box banner-layer x50 md-x50 lg-x50 y50 md-y50 lg-y50 res-text\">\n                                <div class=\"text-box-content text dark\">\n              \n              <div class=\"text-inner text-center\">\n                  \n\n\n              <\/div>\n           <\/div>\n                            \n<style>\n#text-box-995238748 {\n  width: 60%;\n}\n#text-box-995238748 .text-box-content {\n  font-size: 100%;\n}\n@media (min-width:550px) {\n  #text-box-995238748 {\n    width: 60%;\n  }\n}\n<\/style>\n    <\/div>\n \n\n        <\/div>\n      <\/div>\n\n            \n<style>\n#banner-817496326 {\n  padding-top: 500px;\n}\n<\/style>\n  <\/div>\n\n\n\n<\/div><\/div>\n<div class=\"col grid-col small-12 large-7 grid-col-3-4\" data-animate=\"fadeInUp\"><div class=\"col-inner\">\n\n\n  <div class=\"banner has-hover\" id=\"banner-2110355146\">\n          <div class=\"banner-inner fill\">\n        <div class=\"banner-bg fill\" >\n                                                \n                    <\/div>\n\t\t\n        <div class=\"banner-layers container\">\n            <div class=\"fill banner-link\"><\/div>            \n\n   <div id=\"text-box-1434936651\" class=\"text-box banner-layer x50 md-x50 lg-x50 y50 md-y50 lg-y50 res-text\">\n                                <div class=\"text-box-content text dark\">\n              \n              <div class=\"text-inner text-center\">\n                  \n\n<h1 class=\"uppercase\">LA NATURE \u00c0 L&rsquo;INT\u00c9RIEUR DE VOTRE MAISON<\/h1>\n\n              <\/div>\n           <\/div>\n                            \n<style>\n#text-box-1434936651 {\n  width: 60%;\n}\n#text-box-1434936651 .text-box-content {\n  font-size: 100%;\n}\n<\/style>\n    <\/div>\n \n\n        <\/div>\n      <\/div>\n\n            \n<style>\n#banner-2110355146 {\n  padding-top: 500px;\n  background-color: rgb(23, 23, 23);\n}\n<\/style>\n  <\/div>\n\n\n\n<\/div><\/div>\n<div class=\"col grid-col small-12 large-5 grid-col-1\" data-animate=\"fadeInUp\"><div class=\"col-inner\">\n\n\n  <div class=\"banner has-hover bg-zoom\" id=\"banner-287120401\">\n          <div class=\"banner-inner fill\">\n        <div class=\"banner-bg fill\" >\n            <img loading=\"lazy\" decoding=\"async\" width=\"1020\" height=\"1530\" src=\"https:\/\/www.ateliercreatif.eu\/wp-content\/uploads\/2021\/11\/pexels-elina-sazonova-1927227-1440x2160.jpg\" class=\"bg attachment-large size-large\" alt=\"\" \/>                                    \n                    <\/div>\n\t\t\n        <div class=\"banner-layers container\">\n            <div class=\"fill banner-link\"><\/div>            \n\n   <div id=\"text-box-1145892408\" class=\"text-box banner-layer x50 md-x50 lg-x50 y50 md-y50 lg-y50 res-text\">\n                                <div class=\"text-box-content text dark\">\n              \n              <div class=\"text-inner text-center\">\n                  \n\n\n              <\/div>\n           <\/div>\n                            \n<style>\n#text-box-1145892408 {\n  width: 60%;\n}\n#text-box-1145892408 .text-box-content {\n  font-size: 100%;\n}\n@media (min-width:550px) {\n  #text-box-1145892408 {\n    width: 60%;\n  }\n}\n<\/style>\n    <\/div>\n \n\n        <\/div>\n      <\/div>\n\n            \n<style>\n#banner-287120401 {\n  padding-top: 500px;\n}\n#banner-287120401 .banner-bg img {\n  object-position: 38% 35%;\n}\n<\/style>\n  <\/div>\n\n\n\n<\/div><\/div>\n<div class=\"col grid-col small-13 large-7 grid-col-3-4\" data-animate=\"fadeInUp\"><div class=\"col-inner\">\n\n\n  <div class=\"banner has-hover bg-zoom\" id=\"banner-2033738859\">\n          <div class=\"banner-inner fill\">\n        <div class=\"banner-bg fill\" >\n            <img loading=\"lazy\" decoding=\"async\" width=\"1020\" height=\"1360\" src=\"https:\/\/www.ateliercreatif.eu\/wp-content\/uploads\/2021\/11\/pexels-julie-aagaard-1374119-1620x2160.jpg\" class=\"bg attachment-large size-large\" alt=\"\" \/>                                    \n                    <\/div>\n\t\t\n        <div class=\"banner-layers container\">\n            <div class=\"fill banner-link\"><\/div>            \n\n   <div id=\"text-box-1578552092\" class=\"text-box banner-layer x50 md-x50 lg-x50 y50 md-y50 lg-y50 res-text\">\n                                <div class=\"text-box-content text dark\">\n              \n              <div class=\"text-inner text-center\">\n                  \n\n\n              <\/div>\n           <\/div>\n                            \n<style>\n#text-box-1578552092 {\n  width: 60%;\n}\n#text-box-1578552092 .text-box-content {\n  font-size: 100%;\n}\n@media (min-width:550px) {\n  #text-box-1578552092 {\n    width: 60%;\n  }\n}\n<\/style>\n    <\/div>\n \n\n        <\/div>\n      <\/div>\n\n            \n<style>\n#banner-2033738859 {\n  padding-top: 500px;\n}\n#banner-2033738859 .banner-bg img {\n  object-position: 0% 0%;\n}\n<\/style>\n  <\/div>\n\n\n\n<\/div><\/div>\n<div class=\"col grid-col small-13 large-4 grid-col-1\" ><div class=\"col-inner\">\n\n\n  <div class=\"banner has-hover\" id=\"banner-447485630\">\n          <div class=\"banner-inner fill\">\n        <div class=\"banner-bg fill\" >\n                                                \n                    <\/div>\n\t\t\n        <div class=\"banner-layers container\">\n            <div class=\"fill banner-link\"><\/div>            \n\n   <div id=\"text-box-882058490\" class=\"text-box banner-layer x50 md-x50 lg-x50 y50 md-y50 lg-y50 res-text\">\n                                <div class=\"text-box-content text dark\">\n              \n              <div class=\"text-inner text-center\">\n                  \n\n<h2>PERSONNEL COMME VOTRE STYLE<\/h2>\n\n              <\/div>\n           <\/div>\n                            \n<style>\n#text-box-882058490 {\n  width: 60%;\n}\n#text-box-882058490 .text-box-content {\n  font-size: 100%;\n}\n<\/style>\n    <\/div>\n \n\n        <\/div>\n      <\/div>\n\n            \n<style>\n#banner-447485630 {\n  padding-top: 500px;\n  background-color: rgb(23, 23, 23);\n}\n<\/style>\n  <\/div>\n\n\n\n<\/div><\/div>\n<div class=\"col grid-col small-13 large-4 grid-col-1\" data-animate=\"fadeInUp\"><div class=\"col-inner\">\n\n\n  <div class=\"banner has-hover bg-zoom\" id=\"banner-1938079769\">\n          <div class=\"banner-inner fill\">\n        <div class=\"banner-bg fill\" >\n            <img loading=\"lazy\" decoding=\"async\" width=\"1020\" height=\"1530\" src=\"https:\/\/www.ateliercreatif.eu\/wp-content\/uploads\/2021\/11\/pexels-tanya-gorelova-3933973-1440x2160.jpg\" class=\"bg attachment-large size-large\" alt=\"\" \/>                                    \n                    <\/div>\n\t\t\n        <div class=\"banner-layers container\">\n            <div class=\"fill banner-link\"><\/div>            \n\n   <div id=\"text-box-1662227021\" class=\"text-box banner-layer x50 md-x50 lg-x50 y50 md-y50 lg-y50 res-text\">\n                                <div class=\"text-box-content text dark\">\n              \n              <div class=\"text-inner text-center\">\n                  \n\n\n              <\/div>\n           <\/div>\n                            \n<style>\n#text-box-1662227021 {\n  width: 60%;\n}\n#text-box-1662227021 .text-box-content {\n  font-size: 100%;\n}\n@media (min-width:550px) {\n  #text-box-1662227021 {\n    width: 60%;\n  }\n}\n<\/style>\n    <\/div>\n \n\n        <\/div>\n      <\/div>\n\n            \n<style>\n#banner-1938079769 {\n  padding-top: 500px;\n}\n#banner-1938079769 .banner-bg img {\n  object-position: 34% 32%;\n}\n<\/style>\n  <\/div>\n\n\n\n<\/div><\/div>\n<div class=\"col grid-col small-12 large-4 grid-col-1-2\" ><div class=\"col-inner\">\n\n\n  <div class=\"banner has-hover\" id=\"banner-1599554686\">\n          <div class=\"banner-inner fill\">\n        <div class=\"banner-bg fill\" >\n            <img loading=\"lazy\" decoding=\"async\" width=\"1020\" height=\"1530\" src=\"https:\/\/www.ateliercreatif.eu\/wp-content\/uploads\/2021\/11\/pexels-karolina-grabowska-4041419-1440x2160.jpg\" class=\"bg attachment-large size-large\" alt=\"\" \/>                                    \n                    <\/div>\n\t\t\n        <div class=\"banner-layers container\">\n            <div class=\"fill banner-link\"><\/div>            \n\n   <div id=\"text-box-1454869059\" class=\"text-box banner-layer x50 md-x50 lg-x50 y50 md-y50 lg-y50 res-text\">\n                                <div class=\"text-box-content text dark\">\n              \n              <div class=\"text-inner text-center\">\n                  \n\n\n              <\/div>\n           <\/div>\n                            \n<style>\n#text-box-1454869059 {\n  width: 60%;\n}\n#text-box-1454869059 .text-box-content {\n  font-size: 100%;\n}\n@media (min-width:550px) {\n  #text-box-1454869059 {\n    width: 60%;\n  }\n}\n<\/style>\n    <\/div>\n \n\n        <\/div>\n      <\/div>\n\n            \n<style>\n#banner-1599554686 {\n  padding-top: 500px;\n}\n<\/style>\n  <\/div>\n\n\n\n<\/div><\/div>\n<div class=\"col grid-col small-13 large-4 grid-col-1-2\" ><div class=\"col-inner\">\n\n\n  <div class=\"banner has-hover\" id=\"banner-686207173\">\n          <div class=\"banner-inner fill\">\n        <div class=\"banner-bg fill\" >\n            <img loading=\"lazy\" decoding=\"async\" width=\"1020\" height=\"1020\" src=\"https:\/\/www.ateliercreatif.eu\/wp-content\/uploads\/2021\/11\/Fotos-784-2160x2160.jpg\" class=\"bg attachment-large size-large\" alt=\"\" \/>                                    \n                    <\/div>\n\t\t\n        <div class=\"banner-layers container\">\n            <div class=\"fill banner-link\"><\/div>            \n\n   <div id=\"text-box-1746200820\" class=\"text-box banner-layer x50 md-x50 lg-x50 y50 md-y50 lg-y50 res-text\">\n                                <div class=\"text-box-content text dark\">\n              \n              <div class=\"text-inner text-center\">\n                  \n\n\n              <\/div>\n           <\/div>\n                            \n<style>\n#text-box-1746200820 {\n  width: 60%;\n}\n#text-box-1746200820 .text-box-content {\n  font-size: 100%;\n}\n@media (min-width:550px) {\n  #text-box-1746200820 {\n    width: 60%;\n  }\n}\n<\/style>\n    <\/div>\n \n\n        <\/div>\n      <\/div>\n\n            \n<style>\n#banner-686207173 {\n  padding-top: 500px;\n}\n<\/style>\n  <\/div>\n\n\n\n<\/div><\/div>\n<div class=\"col grid-col small-13 large-4 grid-col-3-4\" ><div class=\"col-inner\">\n\n\n  <div class=\"banner has-hover\" id=\"banner-1984278916\">\n          <div class=\"banner-inner fill\">\n        <div class=\"banner-bg fill\" >\n            <img loading=\"lazy\" decoding=\"async\" width=\"1020\" height=\"1528\" src=\"https:\/\/www.ateliercreatif.eu\/wp-content\/uploads\/2021\/11\/DSC0366-1442x2160.jpg\" class=\"bg attachment-large size-large\" alt=\"\" \/>                                    \n                    <\/div>\n\t\t\n        <div class=\"banner-layers container\">\n            <div class=\"fill banner-link\"><\/div>            \n\n   <div id=\"text-box-1161673566\" class=\"text-box banner-layer x50 md-x50 lg-x50 y50 md-y50 lg-y50 res-text\">\n                                <div class=\"text-box-content text dark\">\n              \n              <div class=\"text-inner text-center\">\n                  \n\n\n              <\/div>\n           <\/div>\n                            \n<style>\n#text-box-1161673566 {\n  width: 60%;\n}\n#text-box-1161673566 .text-box-content {\n  font-size: 100%;\n}\n@media (min-width:550px) {\n  #text-box-1161673566 {\n    width: 60%;\n  }\n}\n<\/style>\n    <\/div>\n \n\n        <\/div>\n      <\/div>\n\n            \n<style>\n#banner-1984278916 {\n  padding-top: 500px;\n}\n<\/style>\n  <\/div>\n\n\n\n<\/div><\/div>\n<div class=\"col grid-col small-12 large-8 grid-col-3-4\" ><div class=\"col-inner\">\n\n\n  <div class=\"banner has-hover\" id=\"banner-1236281253\">\n          <div class=\"banner-inner fill\">\n        <div class=\"banner-bg fill\" >\n            <img loading=\"lazy\" decoding=\"async\" width=\"1020\" height=\"1360\" src=\"https:\/\/www.ateliercreatif.eu\/wp-content\/uploads\/2021\/11\/Soiree-Willy-an-Seminaire-Haertbreaker-114-1620x2160.jpg\" class=\"bg attachment-large size-large\" alt=\"\" \/>                                    \n                    <\/div>\n\t\t\n        <div class=\"banner-layers container\">\n            <div class=\"fill banner-link\"><\/div>            \n\n   <div id=\"text-box-592464407\" class=\"text-box banner-layer x50 md-x50 lg-x50 y50 md-y50 lg-y50 res-text\">\n                                <div class=\"text-box-content text dark\">\n              \n              <div class=\"text-inner text-center\">\n                  \n\n\n              <\/div>\n           <\/div>\n                            \n<style>\n#text-box-592464407 {\n  width: 60%;\n}\n#text-box-592464407 .text-box-content {\n  font-size: 100%;\n}\n@media (min-width:550px) {\n  #text-box-592464407 {\n    width: 60%;\n  }\n}\n<\/style>\n    <\/div>\n \n\n        <\/div>\n      <\/div>\n\n            \n<style>\n#banner-1236281253 {\n  padding-top: 500px;\n}\n<\/style>\n  <\/div>\n\n\n\n<\/div><\/div>\n<div class=\"col grid-col small-13 large-5 grid-col-3-4\" ><div class=\"col-inner\">\n\n\n  <div class=\"banner has-hover\" id=\"banner-1116499118\">\n          <div class=\"banner-inner fill\">\n        <div class=\"banner-bg fill\" >\n            <img loading=\"lazy\" decoding=\"async\" width=\"1020\" height=\"681\" src=\"https:\/\/www.ateliercreatif.eu\/wp-content\/uploads\/2021\/11\/DSC0671-scaled.jpg\" class=\"bg attachment-large size-large\" alt=\"\" \/>                                    \n                    <\/div>\n\t\t\n        <div class=\"banner-layers container\">\n            <div class=\"fill banner-link\"><\/div>            \n\n   <div id=\"text-box-1772213494\" class=\"text-box banner-layer x50 md-x50 lg-x50 y50 md-y50 lg-y50 res-text\">\n                                <div class=\"text-box-content text dark\">\n              \n              <div class=\"text-inner text-center\">\n                  \n\n\n              <\/div>\n           <\/div>\n                            \n<style>\n#text-box-1772213494 {\n  width: 60%;\n}\n#text-box-1772213494 .text-box-content {\n  font-size: 100%;\n}\n@media (min-width:550px) {\n  #text-box-1772213494 {\n    width: 60%;\n  }\n}\n<\/style>\n    <\/div>\n \n\n        <\/div>\n      <\/div>\n\n            \n<style>\n#banner-1116499118 {\n  padding-top: 500px;\n}\n<\/style>\n  <\/div>\n\n\n\n<\/div><\/div>\n<div class=\"col grid-col small-12 large-7 grid-col-3-4\" ><div class=\"col-inner\">\n\n\n  <div class=\"banner has-hover\" id=\"banner-1744705978\">\n          <div class=\"banner-inner fill\">\n        <div class=\"banner-bg fill\" >\n                                                \n                    <\/div>\n\t\t\n        <div class=\"banner-layers container\">\n            <div class=\"fill banner-link\"><\/div>            \n\n   <div id=\"text-box-1667674490\" class=\"text-box banner-layer x50 md-x50 lg-x50 y50 md-y50 lg-y50 res-text\">\n                                <div class=\"text-box-content text dark\">\n              \n              <div class=\"text-inner text-center\">\n                  \n\n<h2>CR\u00c9ER UNE AMBIANCE AGR\u00c9ABLE<\/h2>\n\n              <\/div>\n           <\/div>\n                            \n<style>\n#text-box-1667674490 {\n  width: 60%;\n}\n#text-box-1667674490 .text-box-content {\n  font-size: 100%;\n}\n<\/style>\n    <\/div>\n \n\n        <\/div>\n      <\/div>\n\n            \n<style>\n#banner-1744705978 {\n  padding-top: 500px;\n  background-color: rgb(23, 23, 23);\n}\n<\/style>\n  <\/div>\n\n\n\n<\/div><\/div>\n\n            <\/div>\n    <style>\n    #banner-grid-1449786593 .grid-col-1{height: 600px}\n    #banner-grid-1449786593 .grid-col-1-2{height: 300px}\n    #banner-grid-1449786593 .grid-col-1-3{height:200px}\n    #banner-grid-1449786593 .grid-col-2-3{height: 400px}\n    #banner-grid-1449786593 .grid-col-1-4{height: 150px}\n    #banner-grid-1449786593 .grid-col-3-4{height: 450px}\n\n\n    \n    \n\n  <\/style>\n    <\/div>\n  \n<div class=\"row\"  id=\"row-1886725641\">\n\n\n\t<div id=\"col-560600932\" class=\"col small-12 large-12\"  >\n\t\t\t\t<div class=\"col-inner\"  >\n\t\t\t\n\t\t\t\n\n<div class=\"row align-center\"  id=\"row-1895066070\">\n\n\n\t<div id=\"col-1181723482\" class=\"col medium-8 small-10 large-8\"  >\n\t\t\t\t<div class=\"col-inner text-center\"  >\n\t\t\t\n\t\t\t\n\n\t<div id=\"gap-408889728\" class=\"gap-element clearfix\" style=\"display:block; height:auto;\">\n\t\t\n<style>\n#gap-408889728 {\n  padding-top: 60px;\n}\n<\/style>\n\t<\/div>\n\t\n\n\t<div id=\"text-856277265\" class=\"text\">\n\t\t\n\n<h1 class=\"uppercase\">VOUS SOUHAITEZ RECEVOIR DES FLEURS R\u00c9GULI\u00c8REMENT ?<\/h1>\n<p style=\"text-align: center;\">\nPrenez contact avec nous et nous cr\u00e9erons un plan de d\u00e9coration personnalis\u00e9 pour votre maison, adapt\u00e9 \u00e0 vos besoins.<\/p>\n\n\t\t\n<style>\n#text-856277265 {\n  color: rgb(255, 255, 255);\n}\n#text-856277265 > * {\n  color: rgb(255, 255, 255);\n}\n<\/style>\n\t<\/div>\n\t\n<div class=\"social-icons follow-icons\" ><a href=\"https:\/\/www.facebook.com\/ateliercreatifpetra\" target=\"_blank\" data-label=\"Facebook\" class=\"icon button circle is-outline tooltip facebook\" title=\"Nous suivre sur Facebook\" aria-label=\"Nous suivre sur Facebook\" rel=\"noopener nofollow\"><i class=\"icon-facebook\" aria-hidden=\"true\"><\/i><\/a><a href=\"mailto:petra@ateliercreatif.eu\" data-label=\"E-mail\" target=\"_blank\" class=\"icon button circle is-outline tooltip email\" title=\"Nous envoyer un email\" aria-label=\"Nous envoyer un email\" rel=\"nofollow noopener\"><i class=\"icon-envelop\" aria-hidden=\"true\"><\/i><\/a><a href=\"tel:00352621544622\" data-label=\"Phone\" target=\"_blank\" class=\"icon button circle is-outline tooltip phone\" title=\"Appelez-nous\" aria-label=\"Appelez-nous\" rel=\"nofollow noopener\"><i class=\"icon-phone\" aria-hidden=\"true\"><\/i><\/a><\/div>\n\n\n\t\t<\/div>\n\t\t\t\t\t<\/div>\n\n\t\n\n<\/div>\n\n\t\t<\/div>\n\t\t\t\t\t<\/div>\n\n\t\n\n<\/div>\n\n\t\t<\/div>\n\n\t\t\n<style>\n#section_553739735 {\n  padding-top: 30px;\n  padding-bottom: 30px;\n  background-color: rgb(23, 23, 23);\n}\n<\/style>\n\t<\/section>\n\t\n\n","protected":false},"excerpt":{"rendered":"","protected":false},"author":3,"featured_media":0,"parent":0,"menu_order":0,"comment_status":"closed","ping_status":"closed","template":"page-blank.php","meta":{"footnotes":""},"class_list":["post-2309","page","type-page","status-publish","hentry"],"_links":{"self":[{"href":"https:\/\/www.ateliercreatif.eu\/fr\/wp-json\/wp\/v2\/pages\/2309","targetHints":{"allow":["GET"]}}],"collection":[{"href":"https:\/\/www.ateliercreatif.eu\/fr\/wp-json\/wp\/v2\/pages"}],"about":[{"href":"https:\/\/www.ateliercreatif.eu\/fr\/wp-json\/wp\/v2\/types\/page"}],"author":[{"embeddable":true,"href":"https:\/\/www.ateliercreatif.eu\/fr\/wp-json\/wp\/v2\/users\/3"}],"replies":[{"embeddable":true,"href":"https:\/\/www.ateliercreatif.eu\/fr\/wp-json\/wp\/v2\/comments?post=2309"}],"version-history":[{"count":1,"href":"https:\/\/www.ateliercreatif.eu\/fr\/wp-json\/wp\/v2\/pages\/2309\/revisions"}],"predecessor-version":[{"id":2310,"href":"https:\/\/www.ateliercreatif.eu\/fr\/wp-json\/wp\/v2\/pages\/2309\/revisions\/2310"}],"wp:attachment":[{"href":"https:\/\/www.ateliercreatif.eu\/fr\/wp-json\/wp\/v2\/media?parent=2309"}],"curies":[{"name":"wp","href":"https:\/\/api.w.org\/{rel}","templated":true}]}}