{"id":1794,"date":"2021-08-17T21:32:07","date_gmt":"2021-08-17T19:32:07","guid":{"rendered":"https:\/\/www.ateliercreatif.eu\/apercu-saisonnier\/"},"modified":"2022-01-06T22:08:20","modified_gmt":"2022-01-06T21:08:20","slug":"apercu-saisonnier","status":"publish","type":"page","link":"https:\/\/www.ateliercreatif.eu\/fr\/apercu-saisonnier\/","title":{"rendered":"Aper\u00e7u saisonnier"},"content":{"rendered":"\n<div class=\"row\" style=\"max-width:1200px\" id=\"row-657974872\">\n\n\n\t<div id=\"col-1126239822\" class=\"col small-12 large-12\"  >\n\t\t\t\t<div class=\"col-inner\"  >\n\t\t\t\n\t\t\t\n\n\t<div class=\"img has-hover x md-x lg-x y md-y lg-y\" id=\"image_756824725\">\n\t\t\t\t\t\t\t\t<div class=\"img-inner dark\" >\n\t\t\t<img loading=\"lazy\" decoding=\"async\" width=\"1020\" height=\"425\" src=\"https:\/\/www.ateliercreatif.eu\/wp-content\/uploads\/2021\/08\/page-3-1400x583.jpg\" class=\"attachment-large size-large\" alt=\"\" srcset=\"https:\/\/www.ateliercreatif.eu\/wp-content\/uploads\/2021\/08\/page-3-1400x583.jpg 1400w, https:\/\/www.ateliercreatif.eu\/wp-content\/uploads\/2021\/08\/page-3-2000x833.jpg 2000w, https:\/\/www.ateliercreatif.eu\/wp-content\/uploads\/2021\/08\/page-3-800x333.jpg 800w, https:\/\/www.ateliercreatif.eu\/wp-content\/uploads\/2021\/08\/page-3-768x320.jpg 768w, https:\/\/www.ateliercreatif.eu\/wp-content\/uploads\/2021\/08\/page-3-1536x640.jpg 1536w, https:\/\/www.ateliercreatif.eu\/wp-content\/uploads\/2021\/08\/page-3-2048x853.jpg 2048w\" sizes=\"auto, (max-width: 1020px) 100vw, 1020px\" \/>\t\t\t\t\t\t\n\t\t\t\t\t<\/div>\n\t\t\t\t\t\t\t\t\n<style>\n#image_756824725 {\n  width: 100%;\n}\n<\/style>\n\t<\/div>\n\t\n\n\n\t\t<\/div>\n\t\t\t\t\t<\/div>\n\n\t\n\n<\/div>\n<div class=\"row\" style=\"max-width:1080px\" id=\"row-2021180263\">\n\n\n\t<div id=\"col-2104179126\" class=\"col small-12 large-12\"  >\n\t\t\t\t<div class=\"col-inner\"  >\n\t\t\t\n\t\t\t\n\n<div class=\"container section-title-container\" ><h1 class=\"section-title section-title-center\"><b aria-hidden=\"true\"><\/b><span class=\"section-title-main\" style=\"font-size:150%;\">Aper\u00e7u saisonnier<\/span><b aria-hidden=\"true\"><\/b><\/h1><\/div>\n\n<p>Chaque ann\u00e9e, un nouveau cycle commence. La nature prend vie, fleurit et grandit jusqu&rsquo;\u00e0 ce qu&rsquo;elle se fane lentement et termine son cycle de vie. <\/p>\n<p>La m\u00eame chose pourrait s&rsquo;appliquer \u00e0 nous, les humains, car au fil des ann\u00e9es et des saisons, nous entamons de nouveaux cycles remplis d&rsquo;attentes, d&rsquo;espoirs, d&rsquo;amis, de projets et de joie, mais aussi de d\u00e9ceptions, de chagrin, de perte et de reconstruction. Pour chaque occasion, les fleurs sont des compagnons \u00e9motionnels dans toutes les phases de la vie.<\/p>\n<p>Une magnifique couronne de l&rsquo;Avent festive illumine la saison de No\u00ebl, les bouchons sautent le jour de l&rsquo;an, Cupidon est pr\u00e9sent le jour de la Saint-Valentin. Le jour de la f\u00eate des m\u00e8res, un bouquet de fleurs fait battre un c\u0153ur plus vite. Tout le monde d\u00e9sire une certaine attention le jour de son anniversaire une fois par an.<br>Au printemps et en \u00e9t\u00e9, les balcons et les jardins invitent \u00e0 l&rsquo;abondance fleurie. Les mariages sont c\u00e9l\u00e9br\u00e9s, les enfants sont baptis\u00e9s. Le cycle de la vie commence et se termine&#8230;<br>Le temps passe vite, c&rsquo;est pourquoi il est important de rendre chaque moment sp\u00e9cial. Mettez en valeur toutes les occasions avec les cr\u00e9ations florales de l&rsquo;Atelier Cr\u00e9atif Petra.<\/p>\n<div class=\"container section-title-container\" ><h3 class=\"section-title section-title-normal\"><b aria-hidden=\"true\"><\/b><span class=\"section-title-main\" >aper\u00e7u des grandes saisons florales<\/span><b aria-hidden=\"true\"><\/b><\/h3><\/div>\n\n<div class=\"row row-full-width align-equal align-center row-box-shadow-3 row-box-shadow-5-hover\"  id=\"row-1837589275\">\n\n\n\t<div id=\"col-567655238\" class=\"col medium-3 small-12 large-3\"  >\n\t\t\t\t<div class=\"col-inner\"  >\n\t\t\t\n\t\t\t\n\n\t<div class=\"box has-hover   has-hover box-text-bottom\" >\n\n\t\t<div class=\"box-image\" >\n\t\t\t\t\t\t<div class=\"image-cover\" style=\"padding-top:100%;\">\n\t\t\t\t<img loading=\"lazy\" decoding=\"async\" width=\"1500\" height=\"1500\" src=\"https:\/\/www.ateliercreatif.eu\/wp-content\/uploads\/2021\/08\/Season-1.jpg\" class=\"attachment- size-\" alt=\"\" srcset=\"https:\/\/www.ateliercreatif.eu\/wp-content\/uploads\/2021\/08\/Season-1.jpg 1500w, https:\/\/www.ateliercreatif.eu\/wp-content\/uploads\/2021\/08\/Season-1-1080x1080.jpg 1080w, https:\/\/www.ateliercreatif.eu\/wp-content\/uploads\/2021\/08\/Season-1-100x100.jpg 100w, https:\/\/www.ateliercreatif.eu\/wp-content\/uploads\/2021\/08\/Season-1-400x400.jpg 400w, https:\/\/www.ateliercreatif.eu\/wp-content\/uploads\/2021\/08\/Season-1-800x800.jpg 800w, https:\/\/www.ateliercreatif.eu\/wp-content\/uploads\/2021\/08\/Season-1-280x280.jpg 280w, https:\/\/www.ateliercreatif.eu\/wp-content\/uploads\/2021\/08\/Season-1-768x768.jpg 768w, https:\/\/www.ateliercreatif.eu\/wp-content\/uploads\/2021\/08\/Season-1-510x510.jpg 510w\" sizes=\"auto, (max-width: 1500px) 100vw, 1500px\" \/>\t\t\t\t\t\t\t\t\t\t\t<\/div>\n\t\t\t\t\t<\/div>\n\n\t\t<div class=\"box-text text-center\" >\n\t\t\t<div class=\"box-text-inner\">\n\t\t\t\t\n\n<h4>La Saint-Valentin<\/h4><p>Roses en rouge &amp; coeurs<\/p>\n\n\t\t\t<\/div>\n\t\t<\/div>\n\t<\/div>\n\t\n\n\t\t<\/div>\n\t\t\t\t\t<\/div>\n\n\t\n\n\t<div id=\"col-677189258\" class=\"col medium-3 small-12 large-3\"  >\n\t\t\t\t<div class=\"col-inner\"  >\n\t\t\t\n\t\t\t\n\n\t<div class=\"box has-hover   has-hover box-text-bottom\" >\n\n\t\t<div class=\"box-image\" >\n\t\t\t\t\t\t<div class=\"image-cover\" style=\"padding-top:100%;\">\n\t\t\t\t<img loading=\"lazy\" decoding=\"async\" width=\"1500\" height=\"1500\" src=\"https:\/\/www.ateliercreatif.eu\/wp-content\/uploads\/2021\/08\/Season-2.jpg\" class=\"attachment- size-\" alt=\"\" srcset=\"https:\/\/www.ateliercreatif.eu\/wp-content\/uploads\/2021\/08\/Season-2.jpg 1500w, https:\/\/www.ateliercreatif.eu\/wp-content\/uploads\/2021\/08\/Season-2-1080x1080.jpg 1080w, https:\/\/www.ateliercreatif.eu\/wp-content\/uploads\/2021\/08\/Season-2-100x100.jpg 100w, https:\/\/www.ateliercreatif.eu\/wp-content\/uploads\/2021\/08\/Season-2-400x400.jpg 400w, https:\/\/www.ateliercreatif.eu\/wp-content\/uploads\/2021\/08\/Season-2-800x800.jpg 800w, https:\/\/www.ateliercreatif.eu\/wp-content\/uploads\/2021\/08\/Season-2-280x280.jpg 280w, https:\/\/www.ateliercreatif.eu\/wp-content\/uploads\/2021\/08\/Season-2-768x768.jpg 768w, https:\/\/www.ateliercreatif.eu\/wp-content\/uploads\/2021\/08\/Season-2-510x510.jpg 510w\" sizes=\"auto, (max-width: 1500px) 100vw, 1500px\" \/>\t\t\t\t\t\t\t\t\t\t\t<\/div>\n\t\t\t\t\t<\/div>\n\n\t\t<div class=\"box-text text-center\" >\n\t\t\t<div class=\"box-text-inner\">\n\t\t\t\t\n\n<h4>Printemps<\/h4><p>Tulipes, premi\u00e8res fleurs, feuilles d\u00e9licates<\/p>\n\n\t\t\t<\/div>\n\t\t<\/div>\n\t<\/div>\n\t\n\n\t\t<\/div>\n\t\t\t\t\t<\/div>\n\n\t\n\n\t<div id=\"col-2032457558\" class=\"col medium-3 small-12 large-3\"  >\n\t\t\t\t<div class=\"col-inner\"  >\n\t\t\t\n\t\t\t\n\n\t<div class=\"box has-hover   has-hover box-text-bottom\" >\n\n\t\t<div class=\"box-image\" >\n\t\t\t\t\t\t<div class=\"image-cover\" style=\"padding-top:100%;\">\n\t\t\t\t<img loading=\"lazy\" decoding=\"async\" width=\"1500\" height=\"1500\" src=\"https:\/\/www.ateliercreatif.eu\/wp-content\/uploads\/2021\/08\/Season-3.jpg\" class=\"attachment- size-\" alt=\"\" srcset=\"https:\/\/www.ateliercreatif.eu\/wp-content\/uploads\/2021\/08\/Season-3.jpg 1500w, https:\/\/www.ateliercreatif.eu\/wp-content\/uploads\/2021\/08\/Season-3-1080x1080.jpg 1080w, https:\/\/www.ateliercreatif.eu\/wp-content\/uploads\/2021\/08\/Season-3-100x100.jpg 100w, https:\/\/www.ateliercreatif.eu\/wp-content\/uploads\/2021\/08\/Season-3-400x400.jpg 400w, https:\/\/www.ateliercreatif.eu\/wp-content\/uploads\/2021\/08\/Season-3-800x800.jpg 800w, https:\/\/www.ateliercreatif.eu\/wp-content\/uploads\/2021\/08\/Season-3-280x280.jpg 280w, https:\/\/www.ateliercreatif.eu\/wp-content\/uploads\/2021\/08\/Season-3-768x768.jpg 768w, https:\/\/www.ateliercreatif.eu\/wp-content\/uploads\/2021\/08\/Season-3-510x510.jpg 510w\" sizes=\"auto, (max-width: 1500px) 100vw, 1500px\" \/>\t\t\t\t\t\t\t\t\t\t\t<\/div>\n\t\t\t\t\t<\/div>\n\n\t\t<div class=\"box-text text-center\" >\n\t\t\t<div class=\"box-text-inner\">\n\t\t\t\t\n\n<h4>P\u00e2ques<\/h4><p>Lapins de P\u00e2ques, plumes et \u0153ufs<\/p>\n\n\t\t\t<\/div>\n\t\t<\/div>\n\t<\/div>\n\t\n\n\t\t<\/div>\n\t\t\t\t\t<\/div>\n\n\t\n\n\t<div id=\"col-1359258435\" class=\"col medium-3 small-12 large-3\"  >\n\t\t\t\t<div class=\"col-inner\"  >\n\t\t\t\n\t\t\t\n\n\t<div class=\"box has-hover   has-hover box-text-bottom\" >\n\n\t\t<div class=\"box-image\" >\n\t\t\t\t\t\t<div class=\"image-cover\" style=\"padding-top:100%;\">\n\t\t\t\t<img loading=\"lazy\" decoding=\"async\" width=\"1500\" height=\"1500\" src=\"https:\/\/www.ateliercreatif.eu\/wp-content\/uploads\/2021\/08\/Season-4.jpg\" class=\"attachment- size-\" alt=\"\" srcset=\"https:\/\/www.ateliercreatif.eu\/wp-content\/uploads\/2021\/08\/Season-4.jpg 1500w, https:\/\/www.ateliercreatif.eu\/wp-content\/uploads\/2021\/08\/Season-4-1080x1080.jpg 1080w, https:\/\/www.ateliercreatif.eu\/wp-content\/uploads\/2021\/08\/Season-4-100x100.jpg 100w, https:\/\/www.ateliercreatif.eu\/wp-content\/uploads\/2021\/08\/Season-4-400x400.jpg 400w, https:\/\/www.ateliercreatif.eu\/wp-content\/uploads\/2021\/08\/Season-4-800x800.jpg 800w, https:\/\/www.ateliercreatif.eu\/wp-content\/uploads\/2021\/08\/Season-4-280x280.jpg 280w, https:\/\/www.ateliercreatif.eu\/wp-content\/uploads\/2021\/08\/Season-4-768x768.jpg 768w, https:\/\/www.ateliercreatif.eu\/wp-content\/uploads\/2021\/08\/Season-4-510x510.jpg 510w\" sizes=\"auto, (max-width: 1500px) 100vw, 1500px\" \/>\t\t\t\t\t\t\t\t\t\t\t<\/div>\n\t\t\t\t\t<\/div>\n\n\t\t<div class=\"box-text text-center\" >\n\t\t\t<div class=\"box-text-inner\">\n\t\t\t\t\n\n<h4>F\u00eate des femmes et des m\u00e8res<\/h4><p>Un cadeau de remerciement fleuri<\/p>\n\n\t\t\t<\/div>\n\t\t<\/div>\n\t<\/div>\n\t\n\n\t\t<\/div>\n\t\t\t\t\t<\/div>\n\n\t\n\n\t<div id=\"col-2109087824\" class=\"col medium-3 small-12 large-3\"  >\n\t\t\t\t<div class=\"col-inner\"  >\n\t\t\t\n\t\t\t\n\n\t<div class=\"box has-hover   has-hover box-text-bottom\" >\n\n\t\t<div class=\"box-image\" >\n\t\t\t\t\t\t<div class=\"image-cover\" style=\"padding-top:100%;\">\n\t\t\t\t<img loading=\"lazy\" decoding=\"async\" width=\"1500\" height=\"1500\" src=\"https:\/\/www.ateliercreatif.eu\/wp-content\/uploads\/2021\/08\/Season-5.jpg\" class=\"attachment- size-\" alt=\"\" srcset=\"https:\/\/www.ateliercreatif.eu\/wp-content\/uploads\/2021\/08\/Season-5.jpg 1500w, https:\/\/www.ateliercreatif.eu\/wp-content\/uploads\/2021\/08\/Season-5-1080x1080.jpg 1080w, https:\/\/www.ateliercreatif.eu\/wp-content\/uploads\/2021\/08\/Season-5-100x100.jpg 100w, https:\/\/www.ateliercreatif.eu\/wp-content\/uploads\/2021\/08\/Season-5-400x400.jpg 400w, https:\/\/www.ateliercreatif.eu\/wp-content\/uploads\/2021\/08\/Season-5-800x800.jpg 800w, https:\/\/www.ateliercreatif.eu\/wp-content\/uploads\/2021\/08\/Season-5-280x280.jpg 280w, https:\/\/www.ateliercreatif.eu\/wp-content\/uploads\/2021\/08\/Season-5-768x768.jpg 768w, https:\/\/www.ateliercreatif.eu\/wp-content\/uploads\/2021\/08\/Season-5-510x510.jpg 510w\" sizes=\"auto, (max-width: 1500px) 100vw, 1500px\" \/>\t\t\t\t\t\t\t\t\t\t\t<\/div>\n\t\t\t\t\t<\/div>\n\n\t\t<div class=\"box-text text-center\" >\n\t\t\t<div class=\"box-text-inner\">\n\t\t\t\t\n\n<h4>L&rsquo;\u00e9t\u00e9<\/h4><p>L\u00e9ger et pr\u00eat pour les vacances<\/p>\n\n\t\t\t<\/div>\n\t\t<\/div>\n\t<\/div>\n\t\n\n\t\t<\/div>\n\t\t\t\t\t<\/div>\n\n\t\n\n\t<div id=\"col-1162474174\" class=\"col medium-3 small-12 large-3\"  >\n\t\t\t\t<div class=\"col-inner\"  >\n\t\t\t\n\t\t\t\n\n\t<div class=\"box has-hover   has-hover box-text-bottom\" >\n\n\t\t<div class=\"box-image\" >\n\t\t\t\t\t\t<div class=\"image-cover\" style=\"padding-top:100%;\">\n\t\t\t\t<img loading=\"lazy\" decoding=\"async\" width=\"1500\" height=\"1500\" src=\"https:\/\/www.ateliercreatif.eu\/wp-content\/uploads\/2021\/08\/Season-6.jpg\" class=\"attachment- size-\" alt=\"\" srcset=\"https:\/\/www.ateliercreatif.eu\/wp-content\/uploads\/2021\/08\/Season-6.jpg 1500w, https:\/\/www.ateliercreatif.eu\/wp-content\/uploads\/2021\/08\/Season-6-1080x1080.jpg 1080w, https:\/\/www.ateliercreatif.eu\/wp-content\/uploads\/2021\/08\/Season-6-100x100.jpg 100w, https:\/\/www.ateliercreatif.eu\/wp-content\/uploads\/2021\/08\/Season-6-400x400.jpg 400w, https:\/\/www.ateliercreatif.eu\/wp-content\/uploads\/2021\/08\/Season-6-800x800.jpg 800w, https:\/\/www.ateliercreatif.eu\/wp-content\/uploads\/2021\/08\/Season-6-280x280.jpg 280w, https:\/\/www.ateliercreatif.eu\/wp-content\/uploads\/2021\/08\/Season-6-768x768.jpg 768w, https:\/\/www.ateliercreatif.eu\/wp-content\/uploads\/2021\/08\/Season-6-510x510.jpg 510w\" sizes=\"auto, (max-width: 1500px) 100vw, 1500px\" \/>\t\t\t\t\t\t\t\t\t\t\t<\/div>\n\t\t\t\t\t<\/div>\n\n\t\t<div class=\"box-text text-center\" >\n\t\t\t<div class=\"box-text-inner\">\n\t\t\t\t\n\n<h4>Automne<\/h4><p>Couleurs satur\u00e9es, baies et derni\u00e8res fleurs<\/p>\n\n\t\t\t<\/div>\n\t\t<\/div>\n\t<\/div>\n\t\n\n\t\t<\/div>\n\t\t\t\t\t<\/div>\n\n\t\n\n\t<div id=\"col-1979010503\" class=\"col medium-3 small-12 large-3\"  >\n\t\t\t\t<div class=\"col-inner\"  >\n\t\t\t\n\t\t\t\n\n\t<div class=\"box has-hover   has-hover box-text-bottom\" >\n\n\t\t<div class=\"box-image\" >\n\t\t\t\t\t\t<div class=\"image-cover\" style=\"padding-top:100%;\">\n\t\t\t\t<img loading=\"lazy\" decoding=\"async\" width=\"1500\" height=\"1500\" src=\"https:\/\/www.ateliercreatif.eu\/wp-content\/uploads\/2021\/08\/Season-7.jpg\" class=\"attachment- size-\" alt=\"\" srcset=\"https:\/\/www.ateliercreatif.eu\/wp-content\/uploads\/2021\/08\/Season-7.jpg 1500w, https:\/\/www.ateliercreatif.eu\/wp-content\/uploads\/2021\/08\/Season-7-1080x1080.jpg 1080w, https:\/\/www.ateliercreatif.eu\/wp-content\/uploads\/2021\/08\/Season-7-100x100.jpg 100w, https:\/\/www.ateliercreatif.eu\/wp-content\/uploads\/2021\/08\/Season-7-400x400.jpg 400w, https:\/\/www.ateliercreatif.eu\/wp-content\/uploads\/2021\/08\/Season-7-800x800.jpg 800w, https:\/\/www.ateliercreatif.eu\/wp-content\/uploads\/2021\/08\/Season-7-280x280.jpg 280w, https:\/\/www.ateliercreatif.eu\/wp-content\/uploads\/2021\/08\/Season-7-768x768.jpg 768w, https:\/\/www.ateliercreatif.eu\/wp-content\/uploads\/2021\/08\/Season-7-510x510.jpg 510w\" sizes=\"auto, (max-width: 1500px) 100vw, 1500px\" \/>\t\t\t\t\t\t\t\t\t\t\t<\/div>\n\t\t\t\t\t<\/div>\n\n\t\t<div class=\"box-text text-center\" >\n\t\t\t<div class=\"box-text-inner\">\n\t\t\t\t\n\n<h4>Toussaint<\/h4><p>Un doux souvenir pour nos proches<\/p>\n\n\t\t\t<\/div>\n\t\t<\/div>\n\t<\/div>\n\t\n\n\t\t<\/div>\n\t\t\t\t\t<\/div>\n\n\t\n\n\t<div id=\"col-654439728\" class=\"col medium-3 small-12 large-3\"  >\n\t\t\t\t<div class=\"col-inner\"  >\n\t\t\t\n\t\t\t\n\n\t<div class=\"box has-hover   has-hover box-text-bottom\" >\n\n\t\t<div class=\"box-image\" >\n\t\t\t\t\t\t<div class=\"image-cover\" style=\"padding-top:100%;\">\n\t\t\t\t<img loading=\"lazy\" decoding=\"async\" width=\"1500\" height=\"1500\" src=\"https:\/\/www.ateliercreatif.eu\/wp-content\/uploads\/2021\/08\/Season-8.jpg\" class=\"attachment- size-\" alt=\"\" srcset=\"https:\/\/www.ateliercreatif.eu\/wp-content\/uploads\/2021\/08\/Season-8.jpg 1500w, https:\/\/www.ateliercreatif.eu\/wp-content\/uploads\/2021\/08\/Season-8-1080x1080.jpg 1080w, https:\/\/www.ateliercreatif.eu\/wp-content\/uploads\/2021\/08\/Season-8-100x100.jpg 100w, https:\/\/www.ateliercreatif.eu\/wp-content\/uploads\/2021\/08\/Season-8-400x400.jpg 400w, https:\/\/www.ateliercreatif.eu\/wp-content\/uploads\/2021\/08\/Season-8-800x800.jpg 800w, https:\/\/www.ateliercreatif.eu\/wp-content\/uploads\/2021\/08\/Season-8-280x280.jpg 280w, https:\/\/www.ateliercreatif.eu\/wp-content\/uploads\/2021\/08\/Season-8-768x768.jpg 768w, https:\/\/www.ateliercreatif.eu\/wp-content\/uploads\/2021\/08\/Season-8-510x510.jpg 510w\" sizes=\"auto, (max-width: 1500px) 100vw, 1500px\" \/>\t\t\t\t\t\t\t\t\t\t\t<\/div>\n\t\t\t\t\t<\/div>\n\n\t\t<div class=\"box-text text-center\" >\n\t\t\t<div class=\"box-text-inner\">\n\t\t\t\t\n\n<h4>Av\u00e8nement<\/h4><p>Bougies, pins &amp; boules de No\u00ebl<\/p>\n\n\t\t\t<\/div>\n\t\t<\/div>\n\t<\/div>\n\t\n\n\t\t<\/div>\n\t\t\t\t\t<\/div>\n\n\t\n\n\t<div id=\"col-1212087427\" class=\"col medium-3 small-12 large-3\"  >\n\t\t\t\t<div class=\"col-inner\"  >\n\t\t\t\n\t\t\t\n\n\t<div class=\"box has-hover   has-hover box-text-bottom\" >\n\n\t\t<div class=\"box-image\" >\n\t\t\t\t\t\t<div class=\"image-cover\" style=\"padding-top:100%;\">\n\t\t\t\t<img loading=\"lazy\" decoding=\"async\" width=\"1500\" height=\"1500\" src=\"https:\/\/www.ateliercreatif.eu\/wp-content\/uploads\/2021\/08\/Season-9.jpg\" class=\"attachment- size-\" alt=\"\" srcset=\"https:\/\/www.ateliercreatif.eu\/wp-content\/uploads\/2021\/08\/Season-9.jpg 1500w, https:\/\/www.ateliercreatif.eu\/wp-content\/uploads\/2021\/08\/Season-9-1080x1080.jpg 1080w, https:\/\/www.ateliercreatif.eu\/wp-content\/uploads\/2021\/08\/Season-9-100x100.jpg 100w, https:\/\/www.ateliercreatif.eu\/wp-content\/uploads\/2021\/08\/Season-9-400x400.jpg 400w, https:\/\/www.ateliercreatif.eu\/wp-content\/uploads\/2021\/08\/Season-9-800x800.jpg 800w, https:\/\/www.ateliercreatif.eu\/wp-content\/uploads\/2021\/08\/Season-9-280x280.jpg 280w, https:\/\/www.ateliercreatif.eu\/wp-content\/uploads\/2021\/08\/Season-9-768x768.jpg 768w, https:\/\/www.ateliercreatif.eu\/wp-content\/uploads\/2021\/08\/Season-9-510x510.jpg 510w\" sizes=\"auto, (max-width: 1500px) 100vw, 1500px\" \/>\t\t\t\t\t\t\t\t\t\t\t<\/div>\n\t\t\t\t\t<\/div>\n\n\t\t<div class=\"box-text text-center\" >\n\t\t\t<div class=\"box-text-inner\">\n\t\t\t\t\n\n<h4>No\u00ebl<\/h4><p>Une d\u00e9coration festive<\/p>\n\n\t\t\t<\/div>\n\t\t<\/div>\n\t<\/div>\n\t\n\n\t\t<\/div>\n\t\t\t\t\t<\/div>\n\n\t\n\n\t<div id=\"col-507547514\" class=\"col medium-3 small-12 large-3\"  >\n\t\t\t\t<div class=\"col-inner\"  >\n\t\t\t\n\t\t\t\n\n\t<div class=\"box has-hover   has-hover box-text-bottom\" >\n\n\t\t<div class=\"box-image\" >\n\t\t\t\t\t\t<div class=\"image-cover\" style=\"padding-top:100%;\">\n\t\t\t\t<img loading=\"lazy\" decoding=\"async\" width=\"1500\" height=\"1500\" src=\"https:\/\/www.ateliercreatif.eu\/wp-content\/uploads\/2021\/08\/Season-10.jpg\" class=\"attachment- size-\" alt=\"\" srcset=\"https:\/\/www.ateliercreatif.eu\/wp-content\/uploads\/2021\/08\/Season-10.jpg 1500w, https:\/\/www.ateliercreatif.eu\/wp-content\/uploads\/2021\/08\/Season-10-1080x1080.jpg 1080w, https:\/\/www.ateliercreatif.eu\/wp-content\/uploads\/2021\/08\/Season-10-100x100.jpg 100w, https:\/\/www.ateliercreatif.eu\/wp-content\/uploads\/2021\/08\/Season-10-400x400.jpg 400w, https:\/\/www.ateliercreatif.eu\/wp-content\/uploads\/2021\/08\/Season-10-800x800.jpg 800w, https:\/\/www.ateliercreatif.eu\/wp-content\/uploads\/2021\/08\/Season-10-280x280.jpg 280w, https:\/\/www.ateliercreatif.eu\/wp-content\/uploads\/2021\/08\/Season-10-768x768.jpg 768w, https:\/\/www.ateliercreatif.eu\/wp-content\/uploads\/2021\/08\/Season-10-510x510.jpg 510w\" sizes=\"auto, (max-width: 1500px) 100vw, 1500px\" \/>\t\t\t\t\t\t\t\t\t\t\t<\/div>\n\t\t\t\t\t<\/div>\n\n\t\t<div class=\"box-text text-center\" >\n\t\t\t<div class=\"box-text-inner\">\n\t\t\t\t\n\n<h4>Nouvelles ann\u00e9es<\/h4><p>Porte-bonheur et paillettes<\/p>\n\n\t\t\t<\/div>\n\t\t<\/div>\n\t<\/div>\n\t\n\n\t\t<\/div>\n\t\t\t\t\t<\/div>\n\n\t\n\n<\/div>\n\n\t\t<\/div>\n\t\t\t\t\t<\/div>\n\n\t\n\n<\/div>\n\n","protected":false},"excerpt":{"rendered":"","protected":false},"author":3,"featured_media":0,"parent":0,"menu_order":0,"comment_status":"closed","ping_status":"closed","template":"page-blank.php","meta":{"footnotes":""},"class_list":["post-1794","page","type-page","status-publish","hentry"],"_links":{"self":[{"href":"https:\/\/www.ateliercreatif.eu\/fr\/wp-json\/wp\/v2\/pages\/1794","targetHints":{"allow":["GET"]}}],"collection":[{"href":"https:\/\/www.ateliercreatif.eu\/fr\/wp-json\/wp\/v2\/pages"}],"about":[{"href":"https:\/\/www.ateliercreatif.eu\/fr\/wp-json\/wp\/v2\/types\/page"}],"author":[{"embeddable":true,"href":"https:\/\/www.ateliercreatif.eu\/fr\/wp-json\/wp\/v2\/users\/3"}],"replies":[{"embeddable":true,"href":"https:\/\/www.ateliercreatif.eu\/fr\/wp-json\/wp\/v2\/comments?post=1794"}],"version-history":[{"count":1,"href":"https:\/\/www.ateliercreatif.eu\/fr\/wp-json\/wp\/v2\/pages\/1794\/revisions"}],"predecessor-version":[{"id":1795,"href":"https:\/\/www.ateliercreatif.eu\/fr\/wp-json\/wp\/v2\/pages\/1794\/revisions\/1795"}],"wp:attachment":[{"href":"https:\/\/www.ateliercreatif.eu\/fr\/wp-json\/wp\/v2\/media?parent=1794"}],"curies":[{"name":"wp","href":"https:\/\/api.w.org\/{rel}","templated":true}]}}