{"id":1770,"date":"2021-08-25T13:48:19","date_gmt":"2021-08-25T11:48:19","guid":{"rendered":"https:\/\/www.ateliercreatif.eu\/politique-de-confidentialite\/"},"modified":"2022-01-06T22:08:09","modified_gmt":"2022-01-06T21:08:09","slug":"politique-de-confidentialite","status":"publish","type":"page","link":"https:\/\/www.ateliercreatif.eu\/fr\/politique-de-confidentialite\/","title":{"rendered":"Politique de confidentialit\u00e9"},"content":{"rendered":"\n<h1>Politique de confidentialit\u00e9<\/h1>\n<p>Cette politique de confidentialit\u00e9 d\u00e9crit comment vos informations personnelles sont collect\u00e9es, utilis\u00e9es et partag\u00e9es lorsque vous visitez ou effectuez un achat sur www.ateliercreatif.eu (le \u00ab&nbsp;Site&nbsp;\u00bb).<br><br><strong>Informations personnelles que nous collectons<\/strong><br>Lorsque vous visitez le Site, nous collectons automatiquement certaines informations sur votre appareil, notamment des informations sur votre navigateur Web, votre adresse IP, votre fuseau horaire et certains des cookies install\u00e9s sur votre appareil. De plus, lorsque vous naviguez sur le Site, nous collectons des informations sur les pages Web individuelles ou les produits que vous consultez, les sites Web ou les termes de recherche qui vous ont renvoy\u00e9 au Site et des informations sur la fa\u00e7on dont vous interagissez avec le Site. Nous appelons ces informations collect\u00e9es automatiquement \u00ab&nbsp;Informations sur l&rsquo;appareil&nbsp;\u00bb.<br><br>Nous collectons des informations sur les appareils \u00e0 l&rsquo;aide des technologies suivantes&nbsp;:<br>\u2013 Les \u00ab&nbsp;cookies&nbsp;\u00bb sont des fichiers de donn\u00e9es qui sont plac\u00e9s sur votre appareil ou votre ordinateur et incluent souvent un identifiant unique anonyme. Pour plus d&rsquo;informations sur les cookies et comment d\u00e9sactiver les cookies, visitez http:\/\/www.allaboutcookies.org.<br>\u2013 Les \u00ab&nbsp;fichiers journaux&nbsp;\u00bb suivent les actions se produisant sur le site et collectent des donn\u00e9es, notamment votre adresse IP, le type de navigateur, le fournisseur de services Internet, les pages de renvoi\/de sortie et les horodatages.<br>\u2013 Les \u00ab&nbsp;balises Web&nbsp;\u00bb, les \u00ab&nbsp;balises&nbsp;\u00bb et les \u00ab&nbsp;pixels&nbsp;\u00bb sont des fichiers \u00e9lectroniques utilis\u00e9s pour enregistrer des informations sur la fa\u00e7on dont vous naviguez sur le Site.<br><br>De plus, lorsque vous effectuez un achat ou tentez d&rsquo;effectuer un achat via le Site, nous collectons certaines informations vous concernant, notamment votre nom, votre adresse de facturation, votre adresse de livraison, vos informations de paiement (y compris les num\u00e9ros de carte de cr\u00e9dit), votre adresse e-mail et votre num\u00e9ro de t\u00e9l\u00e9phone. Nous appelons ces informations les \u00ab&nbsp;Informations sur la commande&nbsp;\u00bb.<br><br>Lorsque nous parlons de \u00ab&nbsp;Informations personnelles&nbsp;\u00bb dans cette politique de confidentialit\u00e9, nous parlons \u00e0 la fois des informations sur l&rsquo;appareil et des informations sur les commandes.<br><br><strong>Comment utilisons-nous vos informations personnelles ?<\/strong><br>Nous utilisons les informations de commande que nous collectons g\u00e9n\u00e9ralement pour ex\u00e9cuter toutes les commandes pass\u00e9es via le site (y compris le traitement de vos informations de paiement, l&rsquo;organisation de l&rsquo;exp\u00e9dition et la fourniture de factures et\/ou de confirmations de commande). De plus, nous utilisons ces informations de commande pour&nbsp;:<br>&#8211; Communiquer avec toi;<br>\u2013 Filtrer nos commandes \u00e0 la recherche de risques potentiels ou de fraude&nbsp;; et<br>\u2013 Lorsque conform\u00e9ment aux pr\u00e9f\u00e9rences que vous avez partag\u00e9es avec nous, vous fournir des informations ou des publicit\u00e9s relatives \u00e0 nos produits ou services.<br><br>Nous utilisons les informations sur l&rsquo;appareil que nous collectons pour nous aider \u00e0 d\u00e9tecter les risques potentiels et la fraude (en particulier, votre adresse IP), et plus g\u00e9n\u00e9ralement pour am\u00e9liorer et optimiser notre site (par exemple, en g\u00e9n\u00e9rant des analyses sur la fa\u00e7on dont nos clients naviguent et interagissent avec le Site, et d&rsquo;\u00e9valuer le succ\u00e8s de nos campagnes marketing et publicitaires).<br><br><strong>Partage de vos informations personnelles<\/strong><br>Nous partageons vos informations personnelles avec des tiers pour nous aider \u00e0 utiliser vos informations personnelles, comme d\u00e9crit ci-dessus. Par exemple, nous utilisons Shopify pour alimenter notre boutique en ligne. Vous pouvez en savoir plus sur la fa\u00e7on dont Shopify utilise vos informations personnelles ici&nbsp;: https:\/\/www.shopify.com\/legal\/privacy. Nous utilisons \u00e9galement Google Analytics pour nous aider \u00e0 comprendre comment nos clients utilisent le Site \u2014 vous pouvez en savoir plus sur la fa\u00e7on dont Google utilise vos Informations personnelles ici : https:\/\/www.google.com\/intl\/en\/policies\/privacy\/. Vous pouvez \u00e9galement vous d\u00e9sinscrire de Google Analytics ici : https:\/\/tools.google.com\/dlpage\/gaoptout.<br><br>Enfin, nous pouvons \u00e9galement partager vos informations personnelles pour nous conformer aux lois et r\u00e9glementations applicables, pour r\u00e9pondre \u00e0 une assignation \u00e0 compara\u00eetre, \u00e0 un mandat de perquisition ou \u00e0 d&rsquo;autres demandes l\u00e9gales d&rsquo;informations que nous recevons, ou pour prot\u00e9ger nos droits d&rsquo;une autre mani\u00e8re.<br><br><strong>Publicit\u00e9 comportementale<\/strong><br>Comme d\u00e9crit ci-dessus, nous utilisons vos informations personnelles pour vous fournir des publicit\u00e9s cibl\u00e9es ou des communications marketing susceptibles de vous int\u00e9resser. Pour plus d&rsquo;informations sur le fonctionnement de la publicit\u00e9 cibl\u00e9e, vous pouvez visiter la page \u00e9ducative de la Network Advertising Initiative (\u00ab NAI \u00bb) \u00e0 l&rsquo;adresse http:\/\/www.networkadvertising.org\/understanding-online-advertising\/how-does-it-work.<br><br>Vous pouvez vous d\u00e9sinscrire de la publicit\u00e9 cibl\u00e9e en utilisant les liens ci-dessous :<br>\u2013 Facebook : https:\/\/www.facebook.com\/settings\/?tab=ads<br>\u2013 Google : https:\/\/www.google.com\/settings\/ads\/anonymous<br>\u2013 Bing : https:\/\/advertise.bingads.microsoft.com\/en-us\/resources\/policies\/personalized-ads<br><br>De plus, vous pouvez vous d\u00e9sinscrire de certains de ces services en visitant le portail de d\u00e9sinscription de la Digital Advertising Alliance \u00e0 l&rsquo;adresse http:\/\/optout.aboutads.info\/.<br><br><strong>Ne pas suivre<\/strong><br>Veuillez noter que nous ne modifions pas les pratiques de collecte et d&rsquo;utilisation des donn\u00e9es de notre site lorsque nous voyons un signal Ne pas suivre de votre navigateur.<br><br><strong>Tes droits<\/strong><br>Si vous \u00eates un r\u00e9sident europ\u00e9en, vous avez le droit d&rsquo;acc\u00e9der aux informations personnelles que nous d\u00e9tenons \u00e0 votre sujet et de demander que vos informations personnelles soient corrig\u00e9es, mises \u00e0 jour ou supprim\u00e9es. Si vous souhaitez exercer ce droit, veuillez nous contacter via les coordonn\u00e9es ci-dessous.<br><br>De plus, si vous \u00eates un r\u00e9sident europ\u00e9en, nous notons que nous traitons vos informations afin de remplir les contrats que nous pourrions avoir avec vous (par exemple si vous passez une commande via le Site), ou pour poursuivre nos int\u00e9r\u00eats commerciaux l\u00e9gitimes \u00e9num\u00e9r\u00e9s ci-dessus. De plus, veuillez noter que vos informations seront transf\u00e9r\u00e9es en dehors de l&rsquo;Europe, y compris au Canada et aux \u00c9tats-Unis.<br><br><strong>La conservation des donn\u00e9es<\/strong><br>Lorsque vous passez une commande via le site, nous conserverons vos informations de commande pour nos dossiers \u00e0 moins et jusqu&rsquo;\u00e0 ce que vous nous demandiez de supprimer ces informations.<br><br><strong>Changements<\/strong><br>Nous pouvons mettre \u00e0 jour cette politique de confidentialit\u00e9 de temps \u00e0 autre afin de refl\u00e9ter, par exemple, des changements dans nos pratiques ou pour d&rsquo;autres raisons op\u00e9rationnelles, l\u00e9gales ou r\u00e9glementaires.<br><br><strong>Nous contacter<\/strong><br>Pour plus d&rsquo;informations sur nos pratiques de confidentialit\u00e9, si vous avez des questions ou si vous souhaitez d\u00e9poser une plainte, veuillez nous contacter par e-mail \u00e0 petra@ateliercreatif.eu ou par courrier en utilisant les coordonn\u00e9es ci-dessous&nbsp;:<br><br>Atelier Cr\u00e9atif Petra SARL<\/p>\n<p>65a Rue De Leudelange<\/p>\n<p>L-8079 Bertrange<\/p>\n\n","protected":false},"excerpt":{"rendered":"","protected":false},"author":3,"featured_media":0,"parent":0,"menu_order":0,"comment_status":"closed","ping_status":"closed","template":"","meta":{"footnotes":""},"class_list":["post-1770","page","type-page","status-publish","hentry"],"_links":{"self":[{"href":"https:\/\/www.ateliercreatif.eu\/fr\/wp-json\/wp\/v2\/pages\/1770","targetHints":{"allow":["GET"]}}],"collection":[{"href":"https:\/\/www.ateliercreatif.eu\/fr\/wp-json\/wp\/v2\/pages"}],"about":[{"href":"https:\/\/www.ateliercreatif.eu\/fr\/wp-json\/wp\/v2\/types\/page"}],"author":[{"embeddable":true,"href":"https:\/\/www.ateliercreatif.eu\/fr\/wp-json\/wp\/v2\/users\/3"}],"replies":[{"embeddable":true,"href":"https:\/\/www.ateliercreatif.eu\/fr\/wp-json\/wp\/v2\/comments?post=1770"}],"version-history":[{"count":1,"href":"https:\/\/www.ateliercreatif.eu\/fr\/wp-json\/wp\/v2\/pages\/1770\/revisions"}],"predecessor-version":[{"id":1771,"href":"https:\/\/www.ateliercreatif.eu\/fr\/wp-json\/wp\/v2\/pages\/1770\/revisions\/1771"}],"wp:attachment":[{"href":"https:\/\/www.ateliercreatif.eu\/fr\/wp-json\/wp\/v2\/media?parent=1770"}],"curies":[{"name":"wp","href":"https:\/\/api.w.org\/{rel}","templated":true}]}}