{"id":1728,"date":"2013-08-11T19:06:15","date_gmt":"2013-08-11T17:06:15","guid":{"rendered":"https:\/\/www.ateliercreatif.eu\/a-propos\/"},"modified":"2023-06-21T15:55:49","modified_gmt":"2023-06-21T13:55:49","slug":"a-propos","status":"publish","type":"page","link":"https:\/\/www.ateliercreatif.eu\/fr\/a-propos\/","title":{"rendered":"\u00c0 propos"},"content":{"rendered":"\n<div class=\"row\" style=\"max-width:1200px\" id=\"row-1324667308\">\n\n\n\t<div id=\"col-422179989\" class=\"col small-12 large-12\"  >\n\t\t\t\t<div class=\"col-inner text-center\"  >\n\t\t\t\n\t\t\t\n\n\t<div class=\"img has-hover x md-x lg-x y md-y lg-y\" id=\"image_948981161\">\n\t\t\t\t\t\t\t\t<div class=\"img-inner dark\" style=\"margin:0px o 0px 0px;\">\n\t\t\t<img loading=\"lazy\" decoding=\"async\" width=\"1020\" height=\"425\" src=\"https:\/\/www.ateliercreatif.eu\/wp-content\/uploads\/2021\/08\/page-1-1400x583.jpg\" class=\"attachment-large size-large\" alt=\"\" srcset=\"https:\/\/www.ateliercreatif.eu\/wp-content\/uploads\/2021\/08\/page-1-1400x583.jpg 1400w, https:\/\/www.ateliercreatif.eu\/wp-content\/uploads\/2021\/08\/page-1-2000x833.jpg 2000w, https:\/\/www.ateliercreatif.eu\/wp-content\/uploads\/2021\/08\/page-1-800x333.jpg 800w, https:\/\/www.ateliercreatif.eu\/wp-content\/uploads\/2021\/08\/page-1-768x320.jpg 768w, https:\/\/www.ateliercreatif.eu\/wp-content\/uploads\/2021\/08\/page-1-1536x640.jpg 1536w, https:\/\/www.ateliercreatif.eu\/wp-content\/uploads\/2021\/08\/page-1-2048x853.jpg 2048w\" sizes=\"auto, (max-width: 1020px) 100vw, 1020px\" \/>\t\t\t\t\t\t\n\t\t\t\t\t<\/div>\n\t\t\t\t\t\t\t\t\n<style>\n#image_948981161 {\n  width: 100%;\n}\n<\/style>\n\t<\/div>\n\t\n\n\n\t\t<\/div>\n\t\t\t\t\t<\/div>\n\n\t\n\n<\/div>\n<div class=\"row\" style=\"max-width:1080px\" id=\"row-213170780\">\n\n\n\t<div id=\"col-725126716\" class=\"col about-me-custom-mobile small-12 large-12\"  >\n\t\t\t\t<div class=\"col-inner text-left\"  >\n\t\t\t\n\t\t\t\n\n<div class=\"container section-title-container\" ><h1 class=\"section-title section-title-center\"><b aria-hidden=\"true\"><\/b><span class=\"section-title-main\" style=\"font-size:150%;\">\u00c0 propos de moi et de mon Atelier<\/span><b aria-hidden=\"true\"><\/b><\/h1><\/div>\n\n<p>Depuis 1995, je vis ma passion et travaille avec ce qui m&rsquo;int\u00e9resse le plus : la beaut\u00e9 de la nature &amp; offrir le bonheur aux autres. J&rsquo;ai combin\u00e9 ces deux et les vis dans mon r\u00f4le de fleuriste.<\/p>\n<p>Vivre pendant plusieurs ann\u00e9es dans le top-spot europ\u00e9en des belles fleurs, les Pays-Bas, a caract\u00e9ris\u00e9 ma passion pour l&rsquo;arrangement de l&rsquo;art floral. Cette source d&rsquo;inspiration unique a \u00e9largi mon horizon cr\u00e9atif loin de la mode habituelle. La curiosit\u00e9, le courage et la volont\u00e9 d&rsquo;exp\u00e9rimenter g\u00e9n\u00e8rent une \u00e9nergie sans fin pour cr\u00e9er des arrangements \u00e0 partir de fleurs et de mat\u00e9riaux naturels<\/p>\n<p>Avec mes cr\u00e9ations faites \u00e0 la main, je refl\u00e8te mon exp\u00e9rience et ma passion pour l&rsquo;entreprise et vise \u00e0 d\u00e9passer les attentes de mes clients.<\/p>\n\t<div id=\"text-422694877\" class=\"text\">\n\t\t\n\n<blockquote>\n<h3><em>\u00ab\u00a0Les fleurs sont les stars du jour\u00a0\u00bb<\/em><\/h3>\n<\/blockquote>\n\t\t\n<style>\n#text-422694877 {\n  text-align: center;\n}\n<\/style>\n\t<\/div>\n\t\n<div class=\"row\"  id=\"row-1027045076\">\n\n\n\t<div id=\"col-1699549893\" class=\"col medium-6 small-12 large-6\"  >\n\t\t\t\t<div class=\"col-inner\"  >\n\t\t\t\n\t\t\t\n\n<p>Les fleurs sont un signe d&rsquo;appr\u00e9ciation, de consolation, d&rsquo;amour, de joie et de beaut\u00e9 pure.<\/p>\n<p>Dans mon Atelier, vous trouvez des cr\u00e9ations florales individuelles et uniques pour toutes les occasions. Nous ressentons ce que le client veut, donnons des conseils individuels et livrons en fait une fleuriste professionnelle de haute qualit\u00e9.<\/p>\n<p>Les temps forts annuels tels que l&rsquo;Avent, No\u00ebl, la Saint-Valentin, la F\u00eate des M\u00e8res ou la Toussaint, etc. font partie int\u00e9grante de notre portefeuille. Lorsqu&rsquo;une nouvelle saison arrive et que vous avez besoin d&rsquo;id\u00e9es et d&rsquo;aide pour d\u00e9corer votre espace bien-aim\u00e9 &#8211; vous \u00eates bien conseill\u00e9 dans l&rsquo;Atelier Cr\u00e9atif Petra.<\/p>\n<p>Votre maison n&rsquo;est pas la limite; qu&rsquo;il s&rsquo;agisse d&rsquo;un mariage, d&rsquo;une f\u00eate ou d&rsquo;un \u00e9v\u00e9nement d&rsquo;entreprise, je serais heureux de&nbsp; r\u00e9aliser vos souhaits floraux de mani\u00e8re professionnelle. De plus, je propose des ateliers floraux uniques en leur genre. Avec des conseils d&rsquo;experts et dans une atmosph\u00e8re d\u00e9tendue, vous cr\u00e9ez votre propre \u0153uvre d&rsquo;art floral comme par magie.<\/p>\n<p>Tout le monde est le bienvenu!<\/p>\n\n\n\t\t<\/div>\n\t\t\t\t\t<\/div>\n\n\t\n\n\t<div id=\"col-800249459\" class=\"col medium-6 small-12 large-6\"  >\n\t\t\t\t<div class=\"col-inner\"  >\n\t\t\t\n\t\t\t\n\n\t<div class=\"img has-hover x md-x lg-x y md-y lg-y\" id=\"image_1872223980\">\n\t\t\t\t\t\t\t\t<div class=\"img-inner dark\" >\n\t\t\t<img loading=\"lazy\" decoding=\"async\" width=\"600\" height=\"800\" src=\"https:\/\/www.ateliercreatif.eu\/wp-content\/uploads\/2021\/08\/Petra-Portrait-web-600x800.jpg\" class=\"attachment-large size-large\" alt=\"\" srcset=\"https:\/\/www.ateliercreatif.eu\/wp-content\/uploads\/2021\/08\/Petra-Portrait-web-600x800.jpg 600w, https:\/\/www.ateliercreatif.eu\/wp-content\/uploads\/2021\/08\/Petra-Portrait-web-300x400.jpg 300w, https:\/\/www.ateliercreatif.eu\/wp-content\/uploads\/2021\/08\/Petra-Portrait-web-768x1024.jpg 768w, https:\/\/www.ateliercreatif.eu\/wp-content\/uploads\/2021\/08\/Petra-Portrait-web-510x680.jpg 510w, https:\/\/www.ateliercreatif.eu\/wp-content\/uploads\/2021\/08\/Petra-Portrait-web.jpg 1000w\" sizes=\"auto, (max-width: 600px) 100vw, 600px\" \/>\t\t\t\t\t\t\n\t\t\t\t\t<\/div>\n\t\t\t\t\t\t\t\t\n<style>\n#image_1872223980 {\n  width: 100%;\n}\n<\/style>\n\t<\/div>\n\t\n\n\n\t\t<\/div>\n\t\t\t\t\t<\/div>\n\n\t\n\n<\/div>\n\n\t\t<\/div>\n\t\t\t\t\n<style>\n#col-725126716 > .col-inner {\n  padding: 0px 0px 0px 0px;\n}\n<\/style>\n\t<\/div>\n\n\t\n\n<\/div>\n\n","protected":false},"excerpt":{"rendered":"","protected":false},"author":3,"featured_media":1172,"parent":0,"menu_order":0,"comment_status":"closed","ping_status":"closed","template":"page-blank.php","meta":{"footnotes":""},"class_list":["post-1728","page","type-page","status-publish","has-post-thumbnail","hentry"],"_links":{"self":[{"href":"https:\/\/www.ateliercreatif.eu\/fr\/wp-json\/wp\/v2\/pages\/1728","targetHints":{"allow":["GET"]}}],"collection":[{"href":"https:\/\/www.ateliercreatif.eu\/fr\/wp-json\/wp\/v2\/pages"}],"about":[{"href":"https:\/\/www.ateliercreatif.eu\/fr\/wp-json\/wp\/v2\/types\/page"}],"author":[{"embeddable":true,"href":"https:\/\/www.ateliercreatif.eu\/fr\/wp-json\/wp\/v2\/users\/3"}],"replies":[{"embeddable":true,"href":"https:\/\/www.ateliercreatif.eu\/fr\/wp-json\/wp\/v2\/comments?post=1728"}],"version-history":[{"count":6,"href":"https:\/\/www.ateliercreatif.eu\/fr\/wp-json\/wp\/v2\/pages\/1728\/revisions"}],"predecessor-version":[{"id":2261,"href":"https:\/\/www.ateliercreatif.eu\/fr\/wp-json\/wp\/v2\/pages\/1728\/revisions\/2261"}],"wp:featuredmedia":[{"embeddable":true,"href":"https:\/\/www.ateliercreatif.eu\/fr\/wp-json\/wp\/v2\/media\/1172"}],"wp:attachment":[{"href":"https:\/\/www.ateliercreatif.eu\/fr\/wp-json\/wp\/v2\/media?parent=1728"}],"curies":[{"name":"wp","href":"https:\/\/api.w.org\/{rel}","templated":true}]}}