{"id":1716,"date":"2021-08-17T21:31:19","date_gmt":"2021-08-17T19:31:19","guid":{"rendered":"https:\/\/www.ateliercreatif.eu\/apercu-des-evenements\/"},"modified":"2023-06-21T16:03:30","modified_gmt":"2023-06-21T14:03:30","slug":"apercu-des-evenements","status":"publish","type":"page","link":"https:\/\/www.ateliercreatif.eu\/fr\/apercu-des-evenements\/","title":{"rendered":"Aper\u00e7u des \u00e9v\u00e9nements"},"content":{"rendered":"\n<div class=\"row\" style=\"max-width:1200px\" id=\"row-352866640\">\n\n\n\t<div id=\"col-978530863\" class=\"col small-12 large-12\"  >\n\t\t\t\t<div class=\"col-inner\"  >\n\t\t\t\n\t\t\t\n\n\t<div class=\"img has-hover x md-x lg-x y md-y lg-y\" id=\"image_826573522\">\n\t\t\t\t\t\t\t\t<div class=\"img-inner dark\" >\n\t\t\t<img loading=\"lazy\" decoding=\"async\" width=\"1020\" height=\"425\" src=\"https:\/\/www.ateliercreatif.eu\/wp-content\/uploads\/2021\/08\/page-2-1400x583.jpg\" class=\"attachment-large size-large\" alt=\"\" srcset=\"https:\/\/www.ateliercreatif.eu\/wp-content\/uploads\/2021\/08\/page-2-1400x583.jpg 1400w, https:\/\/www.ateliercreatif.eu\/wp-content\/uploads\/2021\/08\/page-2-2000x833.jpg 2000w, https:\/\/www.ateliercreatif.eu\/wp-content\/uploads\/2021\/08\/page-2-800x333.jpg 800w, https:\/\/www.ateliercreatif.eu\/wp-content\/uploads\/2021\/08\/page-2-768x320.jpg 768w, https:\/\/www.ateliercreatif.eu\/wp-content\/uploads\/2021\/08\/page-2-1536x640.jpg 1536w, https:\/\/www.ateliercreatif.eu\/wp-content\/uploads\/2021\/08\/page-2-2048x853.jpg 2048w\" sizes=\"auto, (max-width: 1020px) 100vw, 1020px\" \/>\t\t\t\t\t\t\n\t\t\t\t\t<\/div>\n\t\t\t\t\t\t\t\t\n<style>\n#image_826573522 {\n  width: 100%;\n}\n<\/style>\n\t<\/div>\n\t\n\n\n\t\t<\/div>\n\t\t\t\t\t<\/div>\n\n\t\n\n<\/div>\n<div class=\"row\" style=\"max-width:1080px\" id=\"row-741936905\">\n\n\n\t<div id=\"col-539332865\" class=\"col small-12 large-12\"  >\n\t\t\t\t<div class=\"col-inner\"  >\n\t\t\t\n\t\t\t\n\n<div class=\"container section-title-container\" ><h1 class=\"section-title section-title-center\"><b aria-hidden=\"true\"><\/b><span class=\"section-title-main\" style=\"font-size:150%;\">Aper\u00e7u de l'\u00e9v\u00e9nement<\/span><b aria-hidden=\"true\"><\/b><\/h1><\/div>\n\n<p>Du petit au grand, du d\u00e9contract\u00e9 \u00e0 l&rsquo;extravagant, chaque occasion m\u00e9rite d&rsquo;\u00eatre \u00ab&nbsp;responsable par les fleurs&nbsp;\u00bb<\/p>\n<p>L&rsquo;Atelier Cr\u00e9atif Petra transformera chaque \u00e9v\u00e9nement pr\u00e9vu en un point culminant individuel et floristique. Lors d&rsquo;une consultation d\u00e9taill\u00e9e, je ressens les souhaits du client et je comprends ses besoins et ses objectifs. Apr\u00e8s une planification d\u00e9taill\u00e9e et une ex\u00e9cution pr\u00e9cise, nos cr\u00e9ations de haute qualit\u00e9 sauront illuminer votre espace \u00e9v\u00e9nementiel.<\/p>\n<p>Notre longue exp\u00e9rience a fa\u00e7onn\u00e9 mes diff\u00e9rents clients de toutes tailles. R\u00e9guli\u00e8rement, nous d\u00e9corons des mariages, des festivit\u00e9s d&rsquo;entreprise, des d\u00eeners de c\u00e9l\u00e9bration, des galas et des expositions d&rsquo;art. De plus en plus de projets sont r\u00e9alis\u00e9s r\u00e9guli\u00e8rement pour des clients plus importants&nbsp;; allant de la d\u00e9coration des salles de concert de la Philharmonie luxembourgeoise \u00e0 l&rsquo;\u00e9quipement floral de la cath\u00e9drale nationale. Nous avons fourni des fleurs aux mannequins pour leur d\u00e9fil\u00e9 et avons organis\u00e9 des ateliers exclusifs en direct pour divers magasins.<\/p>\n\n<div class=\"container section-title-container\" ><h2 class=\"section-title section-title-normal\"><b aria-hidden=\"true\"><\/b><span class=\"section-title-main\" >Client\u00e8le \u00e9v\u00e9nementielle<\/span><b aria-hidden=\"true\"><\/b><\/h2><\/div>\n\n  <div class=\"banner-grid-wrapper\">\n  <div id=\"banner-grid-1919081784\" class=\"banner-grid row row-grid row-xsmall\" data-packery-options=\"\">\n                      \n\n<div class=\"col grid-col large-3 grid-col-1-4\" ><div class=\"col-inner\">\n\n\t<div class=\"img has-hover x md-x lg-x y md-y lg-y\" id=\"image_2090430135\">\n\t\t\t\t\t\t\t\t<div class=\"img-inner dark\" style=\"margin:0px 0px 0px 0px;\">\n\t\t\t<img loading=\"lazy\" decoding=\"async\" width=\"1000\" height=\"500\" src=\"https:\/\/www.ateliercreatif.eu\/wp-content\/uploads\/2021\/08\/cityconcorde.jpg\" class=\"attachment-large size-large\" alt=\"\" srcset=\"https:\/\/www.ateliercreatif.eu\/wp-content\/uploads\/2021\/08\/cityconcorde.jpg 1000w, https:\/\/www.ateliercreatif.eu\/wp-content\/uploads\/2021\/08\/cityconcorde-800x400.jpg 800w, https:\/\/www.ateliercreatif.eu\/wp-content\/uploads\/2021\/08\/cityconcorde-768x384.jpg 768w, https:\/\/www.ateliercreatif.eu\/wp-content\/uploads\/2021\/08\/cityconcorde-510x255.jpg 510w\" sizes=\"auto, (max-width: 1000px) 100vw, 1000px\" \/>\t\t\t\t\t\t\n\t\t\t\t\t<\/div>\n\t\t\t\t\t\t\t\t\n<style>\n#image_2090430135 {\n  width: 100%;\n}\n<\/style>\n\t<\/div>\n\t\n\n\n<\/div><\/div>\n<div class=\"col grid-col large-5 grid-col-1-4\" ><div class=\"col-inner\">\n\n\t<div class=\"img has-hover x md-x lg-x y md-y lg-y\" id=\"image_2092515858\">\n\t\t\t\t\t\t\t\t<div class=\"img-inner dark\" >\n\t\t\t<img loading=\"lazy\" decoding=\"async\" width=\"1020\" height=\"340\" src=\"https:\/\/www.ateliercreatif.eu\/wp-content\/uploads\/2021\/08\/PHILHARMONIE-1400x467.jpg\" class=\"attachment-large size-large\" alt=\"\" srcset=\"https:\/\/www.ateliercreatif.eu\/wp-content\/uploads\/2021\/08\/PHILHARMONIE-1400x467.jpg 1400w, https:\/\/www.ateliercreatif.eu\/wp-content\/uploads\/2021\/08\/PHILHARMONIE-scaled-2000x666.jpg 2000w, https:\/\/www.ateliercreatif.eu\/wp-content\/uploads\/2021\/08\/PHILHARMONIE-800x267.jpg 800w, https:\/\/www.ateliercreatif.eu\/wp-content\/uploads\/2021\/08\/PHILHARMONIE-768x256.jpg 768w, https:\/\/www.ateliercreatif.eu\/wp-content\/uploads\/2021\/08\/PHILHARMONIE-1536x512.jpg 1536w, https:\/\/www.ateliercreatif.eu\/wp-content\/uploads\/2021\/08\/PHILHARMONIE-2048x683.jpg 2048w\" sizes=\"auto, (max-width: 1020px) 100vw, 1020px\" \/>\t\t\t\t\t\t\n\t\t\t\t\t<\/div>\n\t\t\t\t\t\t\t\t\n<style>\n#image_2092515858 {\n  width: 100%;\n}\n<\/style>\n\t<\/div>\n\t\n\n\n<\/div><\/div>\n<div class=\"col grid-col large-4 grid-col-1-4\" ><div class=\"col-inner\">\n\n\t<div class=\"img has-hover x md-x lg-x y md-y lg-y\" id=\"image_567985337\">\n\t\t\t\t\t\t\t\t<div class=\"img-inner dark\" >\n\t\t\t<img loading=\"lazy\" decoding=\"async\" width=\"1000\" height=\"500\" src=\"https:\/\/www.ateliercreatif.eu\/wp-content\/uploads\/2021\/08\/cactus.jpg\" class=\"attachment-large size-large\" alt=\"\" srcset=\"https:\/\/www.ateliercreatif.eu\/wp-content\/uploads\/2021\/08\/cactus.jpg 1000w, https:\/\/www.ateliercreatif.eu\/wp-content\/uploads\/2021\/08\/cactus-800x400.jpg 800w, https:\/\/www.ateliercreatif.eu\/wp-content\/uploads\/2021\/08\/cactus-768x384.jpg 768w, https:\/\/www.ateliercreatif.eu\/wp-content\/uploads\/2021\/08\/cactus-510x255.jpg 510w\" sizes=\"auto, (max-width: 1000px) 100vw, 1000px\" \/>\t\t\t\t\t\t\n\t\t\t\t\t<\/div>\n\t\t\t\t\t\t\t\t\n<style>\n#image_567985337 {\n  width: 100%;\n}\n<\/style>\n\t<\/div>\n\t\n\n\n<\/div><\/div>\n<div class=\"col grid-col large-3 grid-col-1-4\" ><div class=\"col-inner\">\n\n\t<div class=\"img has-hover x md-x lg-x y md-y lg-y\" id=\"image_2035531384\">\n\t\t\t\t\t\t\t\t<div class=\"img-inner dark\" >\n\t\t\t<img loading=\"lazy\" decoding=\"async\" width=\"1000\" height=\"500\" src=\"https:\/\/www.ateliercreatif.eu\/wp-content\/uploads\/2021\/08\/mamerlogo.jpg\" class=\"attachment-large size-large\" alt=\"\" srcset=\"https:\/\/www.ateliercreatif.eu\/wp-content\/uploads\/2021\/08\/mamerlogo.jpg 1000w, https:\/\/www.ateliercreatif.eu\/wp-content\/uploads\/2021\/08\/mamerlogo-800x400.jpg 800w, https:\/\/www.ateliercreatif.eu\/wp-content\/uploads\/2021\/08\/mamerlogo-768x384.jpg 768w, https:\/\/www.ateliercreatif.eu\/wp-content\/uploads\/2021\/08\/mamerlogo-510x255.jpg 510w\" sizes=\"auto, (max-width: 1000px) 100vw, 1000px\" \/>\t\t\t\t\t\t\n\t\t\t\t\t<\/div>\n\t\t\t\t\t\t\t\t\n<style>\n#image_2035531384 {\n  width: 100%;\n}\n<\/style>\n\t<\/div>\n\t\n\n\n<\/div><\/div>\n<div class=\"col grid-col large-4 grid-col-1-4\" ><div class=\"col-inner\">\n\n\t<div class=\"img has-hover x md-x lg-x y md-y lg-y\" id=\"image_542562103\">\n\t\t\t\t\t\t\t\t<div class=\"img-inner dark\" >\n\t\t\t<img loading=\"lazy\" decoding=\"async\" width=\"1000\" height=\"500\" src=\"https:\/\/www.ateliercreatif.eu\/wp-content\/uploads\/2021\/08\/kinneksbondlogo_DEF.jpg\" class=\"attachment-large size-large\" alt=\"\" srcset=\"https:\/\/www.ateliercreatif.eu\/wp-content\/uploads\/2021\/08\/kinneksbondlogo_DEF.jpg 1000w, https:\/\/www.ateliercreatif.eu\/wp-content\/uploads\/2021\/08\/kinneksbondlogo_DEF-800x400.jpg 800w, https:\/\/www.ateliercreatif.eu\/wp-content\/uploads\/2021\/08\/kinneksbondlogo_DEF-768x384.jpg 768w, https:\/\/www.ateliercreatif.eu\/wp-content\/uploads\/2021\/08\/kinneksbondlogo_DEF-510x255.jpg 510w\" sizes=\"auto, (max-width: 1000px) 100vw, 1000px\" \/>\t\t\t\t\t\t\n\t\t\t\t\t<\/div>\n\t\t\t\t\t\t\t\t\n<style>\n#image_542562103 {\n  width: 100%;\n}\n<\/style>\n\t<\/div>\n\t\n\n\n<\/div><\/div>\n<div class=\"col grid-col large-5 grid-col-1-4\" ><div class=\"col-inner\">\n\n\t<div class=\"img has-hover x md-x lg-x y md-y lg-y\" id=\"image_1890553330\">\n\t\t\t\t\t\t\t\t<div class=\"img-inner dark\" >\n\t\t\t<img loading=\"lazy\" decoding=\"async\" width=\"1020\" height=\"340\" src=\"https:\/\/www.ateliercreatif.eu\/wp-content\/uploads\/2021\/08\/Logo-les-ambassadeurs-2019-12-12T08-42-32.752Z-08-42-32-1400x467.jpg\" class=\"attachment-large size-large\" alt=\"\" srcset=\"https:\/\/www.ateliercreatif.eu\/wp-content\/uploads\/2021\/08\/Logo-les-ambassadeurs-2019-12-12T08-42-32.752Z-08-42-32-1400x467.jpg 1400w, https:\/\/www.ateliercreatif.eu\/wp-content\/uploads\/2021\/08\/Logo-les-ambassadeurs-2019-12-12T08-42-32.752Z-08-42-32-scaled-2000x666.jpg 2000w, https:\/\/www.ateliercreatif.eu\/wp-content\/uploads\/2021\/08\/Logo-les-ambassadeurs-2019-12-12T08-42-32.752Z-08-42-32-800x267.jpg 800w, https:\/\/www.ateliercreatif.eu\/wp-content\/uploads\/2021\/08\/Logo-les-ambassadeurs-2019-12-12T08-42-32.752Z-08-42-32-768x256.jpg 768w, https:\/\/www.ateliercreatif.eu\/wp-content\/uploads\/2021\/08\/Logo-les-ambassadeurs-2019-12-12T08-42-32.752Z-08-42-32-1536x512.jpg 1536w, https:\/\/www.ateliercreatif.eu\/wp-content\/uploads\/2021\/08\/Logo-les-ambassadeurs-2019-12-12T08-42-32.752Z-08-42-32-2048x683.jpg 2048w\" sizes=\"auto, (max-width: 1020px) 100vw, 1020px\" \/>\t\t\t\t\t\t\n\t\t\t\t\t<\/div>\n\t\t\t\t\t\t\t\t\n<style>\n#image_1890553330 {\n  width: 100%;\n}\n<\/style>\n\t<\/div>\n\t\n\n\n<\/div><\/div>\n<div class=\"col grid-col large-4 grid-col-1-4\" ><div class=\"col-inner\">\n\n\t<div class=\"img has-hover x md-x lg-x y md-y lg-y\" id=\"image_1651069460\">\n\t\t\t\t\t\t\t\t<div class=\"img-inner dark\" >\n\t\t\t<img loading=\"lazy\" decoding=\"async\" width=\"1000\" height=\"500\" src=\"https:\/\/www.ateliercreatif.eu\/wp-content\/uploads\/2021\/08\/servior.png\" class=\"attachment-large size-large\" alt=\"\" srcset=\"https:\/\/www.ateliercreatif.eu\/wp-content\/uploads\/2021\/08\/servior.png 1000w, https:\/\/www.ateliercreatif.eu\/wp-content\/uploads\/2021\/08\/servior-800x400.png 800w, https:\/\/www.ateliercreatif.eu\/wp-content\/uploads\/2021\/08\/servior-768x384.png 768w, https:\/\/www.ateliercreatif.eu\/wp-content\/uploads\/2021\/08\/servior-510x255.png 510w\" sizes=\"auto, (max-width: 1000px) 100vw, 1000px\" \/>\t\t\t\t\t\t\n\t\t\t\t\t<\/div>\n\t\t\t\t\t\t\t\t\n<style>\n#image_1651069460 {\n  width: 100%;\n}\n<\/style>\n\t<\/div>\n\t\n\n\n<\/div><\/div>\n<div class=\"col grid-col large-2 grid-col-1-4\" ><div class=\"col-inner\">\n\n\t<div class=\"img has-hover x md-x lg-x y md-y lg-y\" id=\"image_1089316300\">\n\t\t\t\t\t\t\t\t<div class=\"img-inner dark\" >\n\t\t\t<img loading=\"lazy\" decoding=\"async\" width=\"500\" height=\"500\" src=\"https:\/\/www.ateliercreatif.eu\/wp-content\/uploads\/2021\/08\/BRAM.jpg\" class=\"attachment-large size-large\" alt=\"\" srcset=\"https:\/\/www.ateliercreatif.eu\/wp-content\/uploads\/2021\/08\/BRAM.jpg 500w, https:\/\/www.ateliercreatif.eu\/wp-content\/uploads\/2021\/08\/BRAM-100x100.jpg 100w, https:\/\/www.ateliercreatif.eu\/wp-content\/uploads\/2021\/08\/BRAM-400x400.jpg 400w, https:\/\/www.ateliercreatif.eu\/wp-content\/uploads\/2021\/08\/BRAM-280x280.jpg 280w\" sizes=\"auto, (max-width: 500px) 100vw, 500px\" \/>\t\t\t\t\t\t\n\t\t\t\t\t<\/div>\n\t\t\t\t\t\t\t\t\n<style>\n#image_1089316300 {\n  width: 100%;\n}\n<\/style>\n\t<\/div>\n\t\n\n\n<\/div><\/div>\n\n            <\/div>\n    <style>\n    #banner-grid-1919081784 .grid-col-1{height: 600px}\n    #banner-grid-1919081784 .grid-col-1-2{height: 300px}\n    #banner-grid-1919081784 .grid-col-1-3{height:200px}\n    #banner-grid-1919081784 .grid-col-2-3{height: 400px}\n    #banner-grid-1919081784 .grid-col-1-4{height: 150px}\n    #banner-grid-1919081784 .grid-col-3-4{height: 450px}\n\n\n    \n    \n\n  <\/style>\n    <\/div>\n  \n\t<div id=\"gap-255628710\" class=\"gap-element clearfix\" style=\"display:block; height:auto;\">\n\t\t\n<style>\n#gap-255628710 {\n  padding-top: 30px;\n}\n<\/style>\n\t<\/div>\n\t\n\n\n\t\t<\/div>\n\t\t\t\t\t<\/div>\n\n\t\n\n<\/div>\n\n","protected":false},"excerpt":{"rendered":"","protected":false},"author":3,"featured_media":0,"parent":0,"menu_order":0,"comment_status":"closed","ping_status":"closed","template":"page-blank.php","meta":{"footnotes":""},"class_list":["post-1716","page","type-page","status-publish","hentry"],"_links":{"self":[{"href":"https:\/\/www.ateliercreatif.eu\/fr\/wp-json\/wp\/v2\/pages\/1716","targetHints":{"allow":["GET"]}}],"collection":[{"href":"https:\/\/www.ateliercreatif.eu\/fr\/wp-json\/wp\/v2\/pages"}],"about":[{"href":"https:\/\/www.ateliercreatif.eu\/fr\/wp-json\/wp\/v2\/types\/page"}],"author":[{"embeddable":true,"href":"https:\/\/www.ateliercreatif.eu\/fr\/wp-json\/wp\/v2\/users\/3"}],"replies":[{"embeddable":true,"href":"https:\/\/www.ateliercreatif.eu\/fr\/wp-json\/wp\/v2\/comments?post=1716"}],"version-history":[{"count":2,"href":"https:\/\/www.ateliercreatif.eu\/fr\/wp-json\/wp\/v2\/pages\/1716\/revisions"}],"predecessor-version":[{"id":2264,"href":"https:\/\/www.ateliercreatif.eu\/fr\/wp-json\/wp\/v2\/pages\/1716\/revisions\/2264"}],"wp:attachment":[{"href":"https:\/\/www.ateliercreatif.eu\/fr\/wp-json\/wp\/v2\/media?parent=1716"}],"curies":[{"name":"wp","href":"https:\/\/api.w.org\/{rel}","templated":true}]}}