{"id":2454,"date":"2024-06-01T19:45:59","date_gmt":"2024-06-01T17:45:59","guid":{"rendered":"https:\/\/www.ateliercreatif.eu\/product\/bluehende-tulpe-schluesselanhaenger-fuchsia\/"},"modified":"2024-06-01T19:45:59","modified_gmt":"2024-06-01T17:45:59","slug":"bluhende-tulpe-keyring-fuchsie","status":"publish","type":"product","link":"https:\/\/www.ateliercreatif.eu\/de\/produkt\/bluhende-tulpe-keyring-fuchsie\/","title":{"rendered":"Bl\u00fchende Tulpe Schl\u00fcsselanh\u00e4nger &#8211; Fuchsia"},"content":{"rendered":"<p>&#8220; Bylin &#8211; Niederl\u00e4ndisches Design &#8220; inspiriert von der Natur.<\/p>\n<p>Die Produkte sind aus hochwertigem Leder gefertigt.<\/p>\n<p>Abmessungen : 3 x 11,5 cm.<\/p>\n<p>Die Tulpe, die charakteristische Blume der Niederlande, inspirierte das Design dieses h\u00fcbschen, bl\u00fchenden Tulpen-Schl\u00fcsselanh\u00e4ngers.<\/p>\n<p>Der Schl\u00fcsselanh\u00e4nger kann als funktioneller Taschenaufh\u00e4nger oder separat verwendet werden, um Ihre Schl\u00fcssel zusammen zu halten.<\/p>\n<p>Es ist ein perfektes Geschenk und ist in sch\u00f6nen Farben erh\u00e4ltlich.<\/p>\n<p>Der bl\u00fchende Tulpen-Leder-Schl\u00fcsselanh\u00e4nger in Form einer bl\u00fchenden Tulpe, ein Muss f\u00fcr alle Blumenfans.<\/p>\n","protected":false},"excerpt":{"rendered":"<p>&#8220; Bylin &#8211; Niederl\u00e4ndisches Design &#8220; inspiriert von der Natur. Die Produkte sind aus hochwertigem Leder gefertigt. Abmessungen : 3 x 11,5 cm. Die Tulpe, die charakteristische Blume der Niederlande, inspirierte das Design dieses h\u00fcbschen, bl\u00fchenden Tulpen-Schl\u00fcsselanh\u00e4ngers. Der Schl\u00fcsselanh\u00e4nger kann als funktioneller Taschenaufh\u00e4nger oder separat verwendet werden, um Ihre Schl\u00fcssel zusammen zu halten. Es ist [&#8230;]\n","protected":false},"featured_media":2418,"template":"","meta":[],"product_brand":[],"product_cat":[170,150],"product_tag":[],"class_list":{"0":"post-2454","1":"product","2":"type-product","3":"status-publish","4":"has-post-thumbnail","6":"product_cat-alle-zubehorteile","7":"product_cat-zubehor","9":"first","10":"instock","11":"taxable","12":"shipping-taxable","13":"purchasable","14":"product-type-simple"},"_links":{"self":[{"href":"https:\/\/www.ateliercreatif.eu\/de\/wp-json\/wp\/v2\/product\/2454","targetHints":{"allow":["GET"]}}],"collection":[{"href":"https:\/\/www.ateliercreatif.eu\/de\/wp-json\/wp\/v2\/product"}],"about":[{"href":"https:\/\/www.ateliercreatif.eu\/de\/wp-json\/wp\/v2\/types\/product"}],"wp:featuredmedia":[{"embeddable":true,"href":"https:\/\/www.ateliercreatif.eu\/de\/wp-json\/wp\/v2\/media\/2418"}],"wp:attachment":[{"href":"https:\/\/www.ateliercreatif.eu\/de\/wp-json\/wp\/v2\/media?parent=2454"}],"wp:term":[{"taxonomy":"product_brand","embeddable":true,"href":"https:\/\/www.ateliercreatif.eu\/de\/wp-json\/wp\/v2\/product_brand?post=2454"},{"taxonomy":"product_cat","embeddable":true,"href":"https:\/\/www.ateliercreatif.eu\/de\/wp-json\/wp\/v2\/product_cat?post=2454"},{"taxonomy":"product_tag","embeddable":true,"href":"https:\/\/www.ateliercreatif.eu\/de\/wp-json\/wp\/v2\/product_tag?post=2454"}],"curies":[{"name":"wp","href":"https:\/\/api.w.org\/{rel}","templated":true}]}}