{"id":2451,"date":"2024-06-01T19:38:32","date_gmt":"2024-06-01T17:38:32","guid":{"rendered":"https:\/\/www.ateliercreatif.eu\/product\/my-little-tulip-schluesselanhaenger-rot\/"},"modified":"2024-06-01T19:38:32","modified_gmt":"2024-06-01T17:38:32","slug":"mein-kleiner-tulpen-schlusselanhanger-rot","status":"publish","type":"product","link":"https:\/\/www.ateliercreatif.eu\/de\/produkt\/mein-kleiner-tulpen-schlusselanhanger-rot\/","title":{"rendered":"My Little Tulip Schl\u00fcsselanh\u00e4nger &#8211; Rot"},"content":{"rendered":"<p>&#8220; Bylin &#8211; Niederl\u00e4ndisches Design &#8220; inspiriert von der Natur.<\/p>\n<p>Die Produkte sind aus hochwertigem Leder gefertigt.<\/p>\n<p>Ma\u00dfe: 7 x 7 cm, pr\u00e4sentiert in einer Geschenkbox.<\/p>\n<p>&#8220; My Little Tulip&#8220;, ein bezaubernder Miniatur-Tulpen-Schl\u00fcsselanh\u00e4nger aus Leder, ist ein tolles Accessoire, das jedes Outfit aufwertet.<\/p>\n<p>Verwenden Sie ihn als Schl\u00fcsselanh\u00e4nger oder dekorieren Sie Ihre Handtasche damit.<\/p>\n<p>Dieses Sch\u00e4tzchen ist in mehreren Farben erh\u00e4ltlich und mit strapazierf\u00e4higem Leinenstoff gef\u00fcttert.<\/p>\n<p>Sie k\u00f6nnen sogar Ihre kleinen Geheimnisse darin verstecken &#8211; niemand wird es erfahren!<\/p>\n","protected":false},"excerpt":{"rendered":"<p>&#8220; Bylin &#8211; Niederl\u00e4ndisches Design &#8220; inspiriert von der Natur. Die Produkte sind aus hochwertigem Leder gefertigt. Ma\u00dfe: 7 x 7 cm, pr\u00e4sentiert in einer Geschenkbox. &#8220; My Little Tulip&#8220;, ein bezaubernder Miniatur-Tulpen-Schl\u00fcsselanh\u00e4nger aus Leder, ist ein tolles Accessoire, das jedes Outfit aufwertet. Verwenden Sie ihn als Schl\u00fcsselanh\u00e4nger oder dekorieren Sie Ihre Handtasche damit. Dieses [&#8230;]\n","protected":false},"featured_media":2436,"template":"","meta":[],"product_brand":[],"product_cat":[170,150],"product_tag":[],"class_list":{"0":"post-2451","1":"product","2":"type-product","3":"status-publish","4":"has-post-thumbnail","6":"product_cat-alle-zubehorteile","7":"product_cat-zubehor","9":"first","10":"instock","11":"taxable","12":"shipping-taxable","13":"purchasable","14":"product-type-simple"},"_links":{"self":[{"href":"https:\/\/www.ateliercreatif.eu\/de\/wp-json\/wp\/v2\/product\/2451","targetHints":{"allow":["GET"]}}],"collection":[{"href":"https:\/\/www.ateliercreatif.eu\/de\/wp-json\/wp\/v2\/product"}],"about":[{"href":"https:\/\/www.ateliercreatif.eu\/de\/wp-json\/wp\/v2\/types\/product"}],"wp:featuredmedia":[{"embeddable":true,"href":"https:\/\/www.ateliercreatif.eu\/de\/wp-json\/wp\/v2\/media\/2436"}],"wp:attachment":[{"href":"https:\/\/www.ateliercreatif.eu\/de\/wp-json\/wp\/v2\/media?parent=2451"}],"wp:term":[{"taxonomy":"product_brand","embeddable":true,"href":"https:\/\/www.ateliercreatif.eu\/de\/wp-json\/wp\/v2\/product_brand?post=2451"},{"taxonomy":"product_cat","embeddable":true,"href":"https:\/\/www.ateliercreatif.eu\/de\/wp-json\/wp\/v2\/product_cat?post=2451"},{"taxonomy":"product_tag","embeddable":true,"href":"https:\/\/www.ateliercreatif.eu\/de\/wp-json\/wp\/v2\/product_tag?post=2451"}],"curies":[{"name":"wp","href":"https:\/\/api.w.org\/{rel}","templated":true}]}}