{"id":2445,"date":"2024-06-01T12:38:40","date_gmt":"2024-06-01T10:38:40","guid":{"rendered":"https:\/\/www.ateliercreatif.eu\/product\/my-little-tulip-schluesselanhaenger-schwarzes-marakesh\/"},"modified":"2025-05-19T10:03:00","modified_gmt":"2025-05-19T08:03:00","slug":"mein-kleiner-tulpen-schlusselanhanger-schwarz-marakesh","status":"publish","type":"product","link":"https:\/\/www.ateliercreatif.eu\/de\/produkt\/mein-kleiner-tulpen-schlusselanhanger-schwarz-marakesh\/","title":{"rendered":"My Little Tulip Schl\u00fcsselanh\u00e4nger &#8211; Schwarzes Marakesh"},"content":{"rendered":"<p>&#8220; Bylin &#8211; holl\u00e4ndisches Design&#8220;, inspiriert von der Natur.<\/p>\n<p>Die Produkte sind aus hochwertigem Leder gefertigt.<\/p>\n<p>Ma\u00dfe: 7 x 7 cm, pr\u00e4sentiert in einer Geschenkbox.<\/p>\n<p>Meine kleine Tulpe, ein charmanter Miniatur-Tulpen-Schl\u00fcsselanh\u00e4nger aus Leder, ist ein tolles Accessoire, das jedes Outfit aufwertet.<\/p>\n<p>Verwenden Sie ihn als Schl\u00fcsselanh\u00e4nger oder schm\u00fccken Sie damit Ihre Handtasche.<\/p>\n<p>Dieses niedliche Exemplar ist in verschiedenen Farben erh\u00e4ltlich und mit strapazierf\u00e4higem Leinenstoff gef\u00fcttert.<\/p>\n<p>Die Marakesh-Version ist aus schwarzem Leder mit einem mehrfarbigen Futterstoff.<\/p>\n<p>Sie k\u00f6nnen sogar Ihre kleinen Geheimnisse darin verstecken &#8211; niemand wird es erfahren!<\/p>\n","protected":false},"excerpt":{"rendered":"<p>&#8220; Bylin &#8211; holl\u00e4ndisches Design&#8220;, inspiriert von der Natur. Die Produkte sind aus hochwertigem Leder gefertigt. Ma\u00dfe: 7 x 7 cm, pr\u00e4sentiert in einer Geschenkbox. Meine kleine Tulpe, ein charmanter Miniatur-Tulpen-Schl\u00fcsselanh\u00e4nger aus Leder, ist ein tolles Accessoire, das jedes Outfit aufwertet. Verwenden Sie ihn als Schl\u00fcsselanh\u00e4nger oder schm\u00fccken Sie damit Ihre Handtasche. Dieses niedliche Exemplar [&#8230;]\n","protected":false},"featured_media":2430,"template":"","meta":[],"product_brand":[],"product_cat":[150,170],"product_tag":[],"class_list":{"0":"post-2445","1":"product","2":"type-product","3":"status-publish","4":"has-post-thumbnail","6":"product_cat-zubehor","7":"product_cat-alle-zubehorteile","9":"first","10":"instock","11":"taxable","12":"shipping-taxable","13":"purchasable","14":"product-type-simple"},"_links":{"self":[{"href":"https:\/\/www.ateliercreatif.eu\/de\/wp-json\/wp\/v2\/product\/2445","targetHints":{"allow":["GET"]}}],"collection":[{"href":"https:\/\/www.ateliercreatif.eu\/de\/wp-json\/wp\/v2\/product"}],"about":[{"href":"https:\/\/www.ateliercreatif.eu\/de\/wp-json\/wp\/v2\/types\/product"}],"wp:featuredmedia":[{"embeddable":true,"href":"https:\/\/www.ateliercreatif.eu\/de\/wp-json\/wp\/v2\/media\/2430"}],"wp:attachment":[{"href":"https:\/\/www.ateliercreatif.eu\/de\/wp-json\/wp\/v2\/media?parent=2445"}],"wp:term":[{"taxonomy":"product_brand","embeddable":true,"href":"https:\/\/www.ateliercreatif.eu\/de\/wp-json\/wp\/v2\/product_brand?post=2445"},{"taxonomy":"product_cat","embeddable":true,"href":"https:\/\/www.ateliercreatif.eu\/de\/wp-json\/wp\/v2\/product_cat?post=2445"},{"taxonomy":"product_tag","embeddable":true,"href":"https:\/\/www.ateliercreatif.eu\/de\/wp-json\/wp\/v2\/product_tag?post=2445"}],"curies":[{"name":"wp","href":"https:\/\/api.w.org\/{rel}","templated":true}]}}