{"id":2439,"date":"2024-05-31T19:57:44","date_gmt":"2024-05-31T17:57:44","guid":{"rendered":"https:\/\/www.ateliercreatif.eu\/product\/tulpe-schluesselanhaenger-rosa\/"},"modified":"2025-05-19T10:11:20","modified_gmt":"2025-05-19T08:11:20","slug":"tulpen-keyring-rosa","status":"publish","type":"product","link":"https:\/\/www.ateliercreatif.eu\/de\/produkt\/tulpen-keyring-rosa\/","title":{"rendered":"Tulpe Schl\u00fcsselanh\u00e4nger &#8211; Rosa"},"content":{"rendered":"<p>&#8220; Bylin-holl\u00e4ndisches Design &#8220; inspiriert von der Natur.<\/p>\n<p>Die Produkte sind aus hochwertigem Leder gefertigt.<\/p>\n<p>Abmessungen : 4,5 x 10 cm.<\/p>\n<p>Die Tulpe, die charakteristische Blume der Niederlande, inspirierte das Design dieses klassischen Schl\u00fcsselanh\u00e4ngers aus Leder.<\/p>\n<p>Suchen Sie nie wieder nach Ihren Schl\u00fcsseln. Dieser farbenfrohe Hingucker h\u00e4lt Sie \u00fcber Jahre hinweg organisiert.<\/p>\n<p>Und warum nicht auch eine f\u00fcr Ihre besten Freunde?<\/p>\n<p>Dieser Tulpen-Schl\u00fcsselanh\u00e4nger aus Leder ist ein perfektes Geschenk.<\/p>\n","protected":false},"excerpt":{"rendered":"<p>&#8220; Bylin-holl\u00e4ndisches Design &#8220; inspiriert von der Natur. Die Produkte sind aus hochwertigem Leder gefertigt. Abmessungen : 4,5 x 10 cm. Die Tulpe, die charakteristische Blume der Niederlande, inspirierte das Design dieses klassischen Schl\u00fcsselanh\u00e4ngers aus Leder. Suchen Sie nie wieder nach Ihren Schl\u00fcsseln. Dieser farbenfrohe Hingucker h\u00e4lt Sie \u00fcber Jahre hinweg organisiert. Und warum nicht [&#8230;]\n","protected":false},"featured_media":2424,"template":"","meta":[],"product_brand":[],"product_cat":[170,150],"product_tag":[],"class_list":{"0":"post-2439","1":"product","2":"type-product","3":"status-publish","4":"has-post-thumbnail","6":"product_cat-alle-zubehorteile","7":"product_cat-zubehor","9":"first","10":"outofstock","11":"taxable","12":"shipping-taxable","13":"purchasable","14":"product-type-simple"},"_links":{"self":[{"href":"https:\/\/www.ateliercreatif.eu\/de\/wp-json\/wp\/v2\/product\/2439","targetHints":{"allow":["GET"]}}],"collection":[{"href":"https:\/\/www.ateliercreatif.eu\/de\/wp-json\/wp\/v2\/product"}],"about":[{"href":"https:\/\/www.ateliercreatif.eu\/de\/wp-json\/wp\/v2\/types\/product"}],"wp:featuredmedia":[{"embeddable":true,"href":"https:\/\/www.ateliercreatif.eu\/de\/wp-json\/wp\/v2\/media\/2424"}],"wp:attachment":[{"href":"https:\/\/www.ateliercreatif.eu\/de\/wp-json\/wp\/v2\/media?parent=2439"}],"wp:term":[{"taxonomy":"product_brand","embeddable":true,"href":"https:\/\/www.ateliercreatif.eu\/de\/wp-json\/wp\/v2\/product_brand?post=2439"},{"taxonomy":"product_cat","embeddable":true,"href":"https:\/\/www.ateliercreatif.eu\/de\/wp-json\/wp\/v2\/product_cat?post=2439"},{"taxonomy":"product_tag","embeddable":true,"href":"https:\/\/www.ateliercreatif.eu\/de\/wp-json\/wp\/v2\/product_tag?post=2439"}],"curies":[{"name":"wp","href":"https:\/\/api.w.org\/{rel}","templated":true}]}}