{"id":2415,"date":"2024-05-31T19:12:44","date_gmt":"2024-05-31T17:12:44","guid":{"rendered":"https:\/\/www.ateliercreatif.eu\/product\/blumenvase-patricia-creme-perle\/"},"modified":"2025-05-19T10:12:08","modified_gmt":"2025-05-19T08:12:08","slug":"blumen-vase-patricia-creme-perle","status":"publish","type":"product","link":"https:\/\/www.ateliercreatif.eu\/de\/produkt\/blumen-vase-patricia-creme-perle\/","title":{"rendered":"Blumenvase &#8220; Patricia Creme Perle &#8222;"},"content":{"rendered":"<p>&#8220; Villa Pottery &#8222;, von Luimes&amp;Luimes, holl\u00e4ndisches Design.<\/p>\n<p>Villa Pottery Keramik ist bekannt f\u00fcr ihre Qualit\u00e4t, sch\u00f6ne Glasuren und unverwechselbare Designs.<\/p>\n<p>Ma\u00dfe : 14 x 14 x 15 cm.<\/p>\n<p>Die Blumenvase &#8220; Patricia &#8220; mit 9 \u00d6ffnungen kann verwendet werden, um eine romantische, wundersch\u00f6ne Rose, Pfingstrose, Dahlie&#8230; in der Mitte zu pr\u00e4sentieren, oder eine Auswahl an sch\u00f6nen Gartenblumen f\u00fcr mehr Volumen.<\/p>\n<p>Die helle Perlfarbe passt zu jeder Einrichtung, ob modern oder klassisch.<\/p>\n","protected":false},"excerpt":{"rendered":"<p>&#8220; Villa Pottery &#8222;, von Luimes&amp;Luimes, holl\u00e4ndisches Design. Villa Pottery Keramik ist bekannt f\u00fcr ihre Qualit\u00e4t, sch\u00f6ne Glasuren und unverwechselbare Designs. Ma\u00dfe : 14 x 14 x 15 cm. Die Blumenvase &#8220; Patricia &#8220; mit 9 \u00d6ffnungen kann verwendet werden, um eine romantische, wundersch\u00f6ne Rose, Pfingstrose, Dahlie&#8230; in der Mitte zu pr\u00e4sentieren, oder eine Auswahl [&#8230;]\n","protected":false},"featured_media":2393,"template":"","meta":[],"product_brand":[],"product_cat":[150,166],"product_tag":[],"class_list":{"0":"post-2415","1":"product","2":"type-product","3":"status-publish","4":"has-post-thumbnail","6":"product_cat-zubehor","7":"product_cat-topfe-vasen","9":"first","10":"instock","11":"taxable","12":"shipping-taxable","13":"purchasable","14":"product-type-simple"},"_links":{"self":[{"href":"https:\/\/www.ateliercreatif.eu\/de\/wp-json\/wp\/v2\/product\/2415","targetHints":{"allow":["GET"]}}],"collection":[{"href":"https:\/\/www.ateliercreatif.eu\/de\/wp-json\/wp\/v2\/product"}],"about":[{"href":"https:\/\/www.ateliercreatif.eu\/de\/wp-json\/wp\/v2\/types\/product"}],"wp:featuredmedia":[{"embeddable":true,"href":"https:\/\/www.ateliercreatif.eu\/de\/wp-json\/wp\/v2\/media\/2393"}],"wp:attachment":[{"href":"https:\/\/www.ateliercreatif.eu\/de\/wp-json\/wp\/v2\/media?parent=2415"}],"wp:term":[{"taxonomy":"product_brand","embeddable":true,"href":"https:\/\/www.ateliercreatif.eu\/de\/wp-json\/wp\/v2\/product_brand?post=2415"},{"taxonomy":"product_cat","embeddable":true,"href":"https:\/\/www.ateliercreatif.eu\/de\/wp-json\/wp\/v2\/product_cat?post=2415"},{"taxonomy":"product_tag","embeddable":true,"href":"https:\/\/www.ateliercreatif.eu\/de\/wp-json\/wp\/v2\/product_tag?post=2415"}],"curies":[{"name":"wp","href":"https:\/\/api.w.org\/{rel}","templated":true}]}}