{"id":2408,"date":"2024-05-31T18:47:10","date_gmt":"2024-05-31T16:47:10","guid":{"rendered":"https:\/\/www.ateliercreatif.eu\/product\/malibu-green-touch-blumenvase\/"},"modified":"2024-06-01T20:07:21","modified_gmt":"2024-06-01T18:07:21","slug":"malibu-green-touch-flower-vase","status":"publish","type":"product","link":"https:\/\/www.ateliercreatif.eu\/de\/produkt\/malibu-green-touch-flower-vase\/","title":{"rendered":"Blumenvase &#8220; Malibu Green Touch Porzellan &#8222;"},"content":{"rendered":"<p>&#8220; Villa Pottery &#8222;, von Luimes&amp;Luimes, niederl\u00e4ndisches Design.<\/p>\n<p>Die Keramik von Villa Pottery ist bekannt f\u00fcr ihre Qualit\u00e4t, ihre sch\u00f6nen Glasuren und ihr unverwechselbares Design.<\/p>\n<p>Ma\u00dfe: 15,8 x 15,5 x 14,3 cm.<\/p>\n<p>Malibu Blumenvase, ein sehr modernes Design mit 7 \u00d6ffnungen.<\/p>\n<p>Sie k\u00f6nnen 1 majest\u00e4tische Blume in der Mitte oder eine feine Auswahl an zarten Blumen f\u00fcr mehr Volumen pr\u00e4sentieren.<\/p>\n","protected":false},"excerpt":{"rendered":"<p>&#8220; Villa Pottery &#8222;, von Luimes&amp;Luimes, niederl\u00e4ndisches Design. Die Keramik von Villa Pottery ist bekannt f\u00fcr ihre Qualit\u00e4t, ihre sch\u00f6nen Glasuren und ihr unverwechselbares Design. Ma\u00dfe: 15,8 x 15,5 x 14,3 cm. Malibu Blumenvase, ein sehr modernes Design mit 7 \u00d6ffnungen. Sie k\u00f6nnen 1 majest\u00e4tische Blume in der Mitte oder eine feine Auswahl an zarten [&#8230;]\n","protected":false},"featured_media":2399,"template":"","meta":[],"product_brand":[],"product_cat":[166,150],"product_tag":[],"class_list":{"0":"post-2408","1":"product","2":"type-product","3":"status-publish","4":"has-post-thumbnail","6":"product_cat-topfe-vasen","7":"product_cat-zubehor","9":"first","10":"instock","11":"taxable","12":"shipping-taxable","13":"purchasable","14":"product-type-simple"},"_links":{"self":[{"href":"https:\/\/www.ateliercreatif.eu\/de\/wp-json\/wp\/v2\/product\/2408","targetHints":{"allow":["GET"]}}],"collection":[{"href":"https:\/\/www.ateliercreatif.eu\/de\/wp-json\/wp\/v2\/product"}],"about":[{"href":"https:\/\/www.ateliercreatif.eu\/de\/wp-json\/wp\/v2\/types\/product"}],"wp:featuredmedia":[{"embeddable":true,"href":"https:\/\/www.ateliercreatif.eu\/de\/wp-json\/wp\/v2\/media\/2399"}],"wp:attachment":[{"href":"https:\/\/www.ateliercreatif.eu\/de\/wp-json\/wp\/v2\/media?parent=2408"}],"wp:term":[{"taxonomy":"product_brand","embeddable":true,"href":"https:\/\/www.ateliercreatif.eu\/de\/wp-json\/wp\/v2\/product_brand?post=2408"},{"taxonomy":"product_cat","embeddable":true,"href":"https:\/\/www.ateliercreatif.eu\/de\/wp-json\/wp\/v2\/product_cat?post=2408"},{"taxonomy":"product_tag","embeddable":true,"href":"https:\/\/www.ateliercreatif.eu\/de\/wp-json\/wp\/v2\/product_tag?post=2408"}],"curies":[{"name":"wp","href":"https:\/\/api.w.org\/{rel}","templated":true}]}}