{"id":2123,"date":"2021-10-14T11:30:15","date_gmt":"2021-10-14T09:30:15","guid":{"rendered":"https:\/\/www.ateliercreatif.eu\/product\/springfield-keramik-multiflower-vase\/"},"modified":"2024-05-29T17:18:41","modified_gmt":"2024-05-29T15:18:41","slug":"springfield-keramik-multiflower-vase","status":"publish","type":"product","link":"https:\/\/www.ateliercreatif.eu\/de\/produkt\/springfield-keramik-multiflower-vase\/","title":{"rendered":"SPRINGFIELD Keramik Multiflower Vase"},"content":{"rendered":"<p>&#8222;Villa Pottery&#8220; von Luimes&amp;Luimes, niederl\u00e4ndisches Design.<\/p>\n<p>Villa Pottery-Keramik ist bekannt f\u00fcr ihre Qualit\u00e4t, ungew\u00f6hnliche Glasuren, unverwechselbare Designs und sch\u00f6ne Verarbeitung.<\/p>\n<p>Abmessungen : 12,5 x 12,5 x 12,5 cm.<\/p>\n<p>SPRINGFIELD ist eine wundersch\u00f6ne und ideale Vase f\u00fcr alle Arten von Blumen. Schneiden Sie ein paar sch\u00f6ne Blumen in Ihrem Garten oder entlang der Pr\u00e4rie und lassen Sie sie Ihr Interieur aufwerten.<\/p>\n<p>Als Tischdekoration kann es in der Mitte f\u00fcr ein T\u00eate-\u00e0-T\u00eate-Diner platziert werden.<\/p>\n<p>Ben\u00f6tigen Sie mehr Volumen, als 3 oder mehr Vasen mit verschiedenen F\u00fcllungen aufstellen und fertig ist Ihre Tischdekoration.<\/p>\n<p>Auch ohne F\u00fcllung sch\u00f6n, einfach als Dekoration, SPRINGFIELD ist ein perfektes Geschenk.<\/p>\n","protected":false},"excerpt":{"rendered":"<p>&#8222;Villa Pottery&#8220; von Luimes&amp;Luimes, niederl\u00e4ndisches Design. Villa Pottery-Keramik ist bekannt f\u00fcr ihre Qualit\u00e4t, ungew\u00f6hnliche Glasuren, unverwechselbare Designs und sch\u00f6ne Verarbeitung. Abmessungen : 12,5 x 12,5 x 12,5 cm. SPRINGFIELD ist eine wundersch\u00f6ne und ideale Vase f\u00fcr alle Arten von Blumen. Schneiden Sie ein paar sch\u00f6ne Blumen in Ihrem Garten oder entlang der Pr\u00e4rie und lassen [&#8230;]\n","protected":false},"featured_media":1421,"template":"","meta":[],"product_brand":[],"product_cat":[166,150],"product_tag":[],"class_list":{"0":"post-2123","1":"product","2":"type-product","3":"status-publish","4":"has-post-thumbnail","6":"product_cat-topfe-vasen","7":"product_cat-zubehor","9":"first","10":"outofstock","11":"taxable","12":"shipping-taxable","13":"purchasable","14":"product-type-simple"},"_links":{"self":[{"href":"https:\/\/www.ateliercreatif.eu\/de\/wp-json\/wp\/v2\/product\/2123","targetHints":{"allow":["GET"]}}],"collection":[{"href":"https:\/\/www.ateliercreatif.eu\/de\/wp-json\/wp\/v2\/product"}],"about":[{"href":"https:\/\/www.ateliercreatif.eu\/de\/wp-json\/wp\/v2\/types\/product"}],"wp:featuredmedia":[{"embeddable":true,"href":"https:\/\/www.ateliercreatif.eu\/de\/wp-json\/wp\/v2\/media\/1421"}],"wp:attachment":[{"href":"https:\/\/www.ateliercreatif.eu\/de\/wp-json\/wp\/v2\/media?parent=2123"}],"wp:term":[{"taxonomy":"product_brand","embeddable":true,"href":"https:\/\/www.ateliercreatif.eu\/de\/wp-json\/wp\/v2\/product_brand?post=2123"},{"taxonomy":"product_cat","embeddable":true,"href":"https:\/\/www.ateliercreatif.eu\/de\/wp-json\/wp\/v2\/product_cat?post=2123"},{"taxonomy":"product_tag","embeddable":true,"href":"https:\/\/www.ateliercreatif.eu\/de\/wp-json\/wp\/v2\/product_tag?post=2123"}],"curies":[{"name":"wp","href":"https:\/\/api.w.org\/{rel}","templated":true}]}}