{"id":2111,"date":"2021-10-14T11:05:36","date_gmt":"2021-10-14T09:05:36","guid":{"rendered":"https:\/\/www.ateliercreatif.eu\/product\/jolie-porzellan-blumenvase\/"},"modified":"2024-05-29T17:33:46","modified_gmt":"2024-05-29T15:33:46","slug":"jolie-porzellan-blumenvase","status":"publish","type":"product","link":"https:\/\/www.ateliercreatif.eu\/de\/produkt\/jolie-porzellan-blumenvase\/","title":{"rendered":"JOLIE Porzellan Blumenvase"},"content":{"rendered":"<p>&#8222;Villa Pottery&#8220;, von Luimes&amp;Luimes, niederl\u00e4ndisches Design.<\/p>\n<p>Die Keramik von Villa Pottery ist bekannt f\u00fcr ihre Qualit\u00e4t, ihre sch\u00f6nen Glasuren und ihr unverwechselbares Design.<\/p>\n<p>Abmessungen: 15 x 15 x 15 cm.<\/p>\n<p>JOLIE Blumenvase, verziert mit 6 handgefertigten Porzellanblumen in einem warmen, weichen Honigton, passt zu fast allen Einrichtungsstilen, ob klassisch oder modern.<\/p>\n<p>Ideal f\u00fcr einen kleinen bis mittelgro\u00dfen Blumenstrau\u00df.<\/p>\n<p>Kann auch als Pflanzen\u00fcbertopf verwendet werden und ist ein perfektes Geschenk.<\/p>\n<p>&nbsp;<\/p>\n<p>&nbsp;<\/p>\n","protected":false},"excerpt":{"rendered":"<p>&#8222;Villa Pottery&#8220;, von Luimes&amp;Luimes, niederl\u00e4ndisches Design. Die Keramik von Villa Pottery ist bekannt f\u00fcr ihre Qualit\u00e4t, ihre sch\u00f6nen Glasuren und ihr unverwechselbares Design. Abmessungen: 15 x 15 x 15 cm. JOLIE Blumenvase, verziert mit 6 handgefertigten Porzellanblumen in einem warmen, weichen Honigton, passt zu fast allen Einrichtungsstilen, ob klassisch oder modern. Ideal f\u00fcr einen kleinen [&#8230;]\n","protected":false},"featured_media":1425,"template":"","meta":[],"product_brand":[],"product_cat":[166,150],"product_tag":[],"class_list":{"0":"post-2111","1":"product","2":"type-product","3":"status-publish","4":"has-post-thumbnail","6":"product_cat-topfe-vasen","7":"product_cat-zubehor","9":"first","10":"outofstock","11":"taxable","12":"shipping-taxable","13":"purchasable","14":"product-type-simple"},"_links":{"self":[{"href":"https:\/\/www.ateliercreatif.eu\/de\/wp-json\/wp\/v2\/product\/2111","targetHints":{"allow":["GET"]}}],"collection":[{"href":"https:\/\/www.ateliercreatif.eu\/de\/wp-json\/wp\/v2\/product"}],"about":[{"href":"https:\/\/www.ateliercreatif.eu\/de\/wp-json\/wp\/v2\/types\/product"}],"wp:featuredmedia":[{"embeddable":true,"href":"https:\/\/www.ateliercreatif.eu\/de\/wp-json\/wp\/v2\/media\/1425"}],"wp:attachment":[{"href":"https:\/\/www.ateliercreatif.eu\/de\/wp-json\/wp\/v2\/media?parent=2111"}],"wp:term":[{"taxonomy":"product_brand","embeddable":true,"href":"https:\/\/www.ateliercreatif.eu\/de\/wp-json\/wp\/v2\/product_brand?post=2111"},{"taxonomy":"product_cat","embeddable":true,"href":"https:\/\/www.ateliercreatif.eu\/de\/wp-json\/wp\/v2\/product_cat?post=2111"},{"taxonomy":"product_tag","embeddable":true,"href":"https:\/\/www.ateliercreatif.eu\/de\/wp-json\/wp\/v2\/product_tag?post=2111"}],"curies":[{"name":"wp","href":"https:\/\/api.w.org\/{rel}","templated":true}]}}