{"id":2105,"date":"2021-10-14T12:07:07","date_gmt":"2021-10-14T10:07:07","guid":{"rendered":"https:\/\/www.ateliercreatif.eu\/product\/my-little-tulip-schluesselanhaenger-fuchsia\/"},"modified":"2025-05-19T10:34:56","modified_gmt":"2025-05-19T08:34:56","slug":"my-little-tulpe-key-baghanger-fuchsia","status":"publish","type":"product","link":"https:\/\/www.ateliercreatif.eu\/de\/produkt\/my-little-tulpe-key-baghanger-fuchsia\/","title":{"rendered":"My Little Tulip Schl\u00fcsselanh\u00e4nger &#8211; Fuchsia"},"content":{"rendered":"<p>&#8222;BYLIN-holl\u00e4ndisches Design&#8220; inspiriert von der Natur. Die Produkte sind aus hochwertigem Leder gefertigt.<\/p>\n<p>Ma\u00dfe : 7 x 7 cm, in Geschenkverpackung.<\/p>\n<p>&#8222;My Little Tulip&#8220;, ein bezaubernder Miniatur-Tulpen-Schl\u00fcsselanh\u00e4nger aus Leder, ist ein tolles Accessoire, das jedes Outfit aufwertet.<\/p>\n<p>Verwenden Sie ihn als Schl\u00fcsselanh\u00e4nger oder dekorieren Sie Ihre Handtasche damit.<\/p>\n<p>Dieses Sch\u00e4tzchen ist in mehreren Farben erh\u00e4ltlich und mit strapazierf\u00e4higem Leinenstoff gef\u00fcttert.<\/p>\n<p>Sie k\u00f6nnen sogar Ihre kleinen Geheimnisse darin verbergen &#8211; niemand wird es erfahren!<\/p>\n<p>&nbsp;<\/p>\n","protected":false},"excerpt":{"rendered":"<p>&#8222;BYLIN-holl\u00e4ndisches Design&#8220; inspiriert von der Natur. Die Produkte sind aus hochwertigem Leder gefertigt. Ma\u00dfe : 7 x 7 cm, in Geschenkverpackung. &#8222;My Little Tulip&#8220;, ein bezaubernder Miniatur-Tulpen-Schl\u00fcsselanh\u00e4nger aus Leder, ist ein tolles Accessoire, das jedes Outfit aufwertet. Verwenden Sie ihn als Schl\u00fcsselanh\u00e4nger oder dekorieren Sie Ihre Handtasche damit. Dieses Sch\u00e4tzchen ist in mehreren Farben erh\u00e4ltlich [&#8230;]\n","protected":false},"featured_media":1417,"template":"","meta":[],"product_brand":[],"product_cat":[156,150],"product_tag":[],"class_list":{"0":"post-2105","1":"product","2":"type-product","3":"status-publish","4":"has-post-thumbnail","6":"product_cat-sonderzubehor","7":"product_cat-zubehor","9":"first","10":"outofstock","11":"taxable","12":"shipping-taxable","13":"purchasable","14":"product-type-simple"},"_links":{"self":[{"href":"https:\/\/www.ateliercreatif.eu\/de\/wp-json\/wp\/v2\/product\/2105","targetHints":{"allow":["GET"]}}],"collection":[{"href":"https:\/\/www.ateliercreatif.eu\/de\/wp-json\/wp\/v2\/product"}],"about":[{"href":"https:\/\/www.ateliercreatif.eu\/de\/wp-json\/wp\/v2\/types\/product"}],"wp:featuredmedia":[{"embeddable":true,"href":"https:\/\/www.ateliercreatif.eu\/de\/wp-json\/wp\/v2\/media\/1417"}],"wp:attachment":[{"href":"https:\/\/www.ateliercreatif.eu\/de\/wp-json\/wp\/v2\/media?parent=2105"}],"wp:term":[{"taxonomy":"product_brand","embeddable":true,"href":"https:\/\/www.ateliercreatif.eu\/de\/wp-json\/wp\/v2\/product_brand?post=2105"},{"taxonomy":"product_cat","embeddable":true,"href":"https:\/\/www.ateliercreatif.eu\/de\/wp-json\/wp\/v2\/product_cat?post=2105"},{"taxonomy":"product_tag","embeddable":true,"href":"https:\/\/www.ateliercreatif.eu\/de\/wp-json\/wp\/v2\/product_tag?post=2105"}],"curies":[{"name":"wp","href":"https:\/\/api.w.org\/{rel}","templated":true}]}}