{"id":2098,"date":"2021-10-14T12:45:12","date_gmt":"2021-10-14T10:45:12","guid":{"rendered":"https:\/\/www.ateliercreatif.eu\/product\/my-little-tulip-schluesselanhaenger-mehrfarbig\/"},"modified":"2022-01-06T22:21:41","modified_gmt":"2022-01-06T21:21:41","slug":"my-little-tulip-key-baghanger-multi-black","status":"publish","type":"product","link":"https:\/\/www.ateliercreatif.eu\/de\/produkt\/my-little-tulip-key-baghanger-multi-black\/","title":{"rendered":"My Little Tulip Schl\u00fcsselanh\u00e4nger &#8211; Mehrfarbig"},"content":{"rendered":"<p>&#8222;BYLIN &#8211; Dutch Design&#8220; inspiriert von der Natur. Die Produkte sind aus hochwertigem Leder gefertigt.<\/p>\n<p>Ma\u00dfe : 7 x 7 cm, pr\u00e4sentiert in einer Geschenkbox.<\/p>\n<p>&#8222;My Little Tulip&#8220;, ein bezaubernder Miniatur-Tulpen-Schl\u00fcsselanh\u00e4nger aus Leder, ist ein tolles Accessoire, das jedes Outfit aufwertet.<\/p>\n<p>Verwenden Sie ihn als Schl\u00fcsselanh\u00e4nger oder dekorieren Sie Ihre Handtasche damit.<\/p>\n<p>Dieses Sch\u00e4tzchen ist in mehreren Farben erh\u00e4ltlich und mit strapazierf\u00e4higem Leinenstoff gef\u00fcttert.<\/p>\n<p>Sie k\u00f6nnen sogar Ihre kleinen Geheimnisse darin verbergen &#8211; niemand wird es erfahren!<\/p>\n","protected":false},"excerpt":{"rendered":"<p>&#8222;BYLIN &#8211; Dutch Design&#8220; inspiriert von der Natur. Die Produkte sind aus hochwertigem Leder gefertigt. Ma\u00dfe : 7 x 7 cm, pr\u00e4sentiert in einer Geschenkbox. &#8222;My Little Tulip&#8220;, ein bezaubernder Miniatur-Tulpen-Schl\u00fcsselanh\u00e4nger aus Leder, ist ein tolles Accessoire, das jedes Outfit aufwertet. Verwenden Sie ihn als Schl\u00fcsselanh\u00e4nger oder dekorieren Sie Ihre Handtasche damit. Dieses Sch\u00e4tzchen ist [&#8230;]\n","protected":false},"featured_media":1419,"template":"","meta":[],"product_brand":[],"product_cat":[156,150],"product_tag":[],"class_list":{"0":"post-2098","1":"product","2":"type-product","3":"status-publish","4":"has-post-thumbnail","6":"product_cat-sonderzubehor","7":"product_cat-zubehor","9":"first","10":"instock","11":"taxable","12":"shipping-taxable","13":"purchasable","14":"product-type-simple"},"_links":{"self":[{"href":"https:\/\/www.ateliercreatif.eu\/de\/wp-json\/wp\/v2\/product\/2098","targetHints":{"allow":["GET"]}}],"collection":[{"href":"https:\/\/www.ateliercreatif.eu\/de\/wp-json\/wp\/v2\/product"}],"about":[{"href":"https:\/\/www.ateliercreatif.eu\/de\/wp-json\/wp\/v2\/types\/product"}],"wp:featuredmedia":[{"embeddable":true,"href":"https:\/\/www.ateliercreatif.eu\/de\/wp-json\/wp\/v2\/media\/1419"}],"wp:attachment":[{"href":"https:\/\/www.ateliercreatif.eu\/de\/wp-json\/wp\/v2\/media?parent=2098"}],"wp:term":[{"taxonomy":"product_brand","embeddable":true,"href":"https:\/\/www.ateliercreatif.eu\/de\/wp-json\/wp\/v2\/product_brand?post=2098"},{"taxonomy":"product_cat","embeddable":true,"href":"https:\/\/www.ateliercreatif.eu\/de\/wp-json\/wp\/v2\/product_cat?post=2098"},{"taxonomy":"product_tag","embeddable":true,"href":"https:\/\/www.ateliercreatif.eu\/de\/wp-json\/wp\/v2\/product_tag?post=2098"}],"curies":[{"name":"wp","href":"https:\/\/api.w.org\/{rel}","templated":true}]}}