{"id":2097,"date":"2021-10-14T00:44:30","date_gmt":"2021-10-13T22:44:30","guid":{"rendered":"https:\/\/www.ateliercreatif.eu\/product\/grenada-blumenvase-7-voegel\/"},"modified":"2025-05-19T10:37:44","modified_gmt":"2025-05-19T08:37:44","slug":"grenada-blumenvase-7-vogel","status":"publish","type":"product","link":"https:\/\/www.ateliercreatif.eu\/de\/produkt\/grenada-blumenvase-7-vogel\/","title":{"rendered":"GRENADA Blumenvase 7 V\u00f6gel"},"content":{"rendered":"<p>&#8222;Villa Pottery&#8220; von Luimes&amp;Luimes, niederl\u00e4ndisches Design.<\/p>\n<p>Villa Pottery-Keramik ist bekannt f\u00fcr ihre Qualit\u00e4t, ungew\u00f6hnliche Glasuren, unverwechselbare Designs und sch\u00f6ne Verarbeitung.<\/p>\n<p>Ma\u00dfe: 12 x 11,7 x 13,7 cm.<\/p>\n<p>GRENADA ist eine bezaubernde Blumenvase mit 7 V\u00f6geln.<\/p>\n<p>Wundersch\u00f6n ohne F\u00fcllung, einfach als Dekoration zu verwenden.<\/p>\n<p>Perfekt als Blumenvase f\u00fcr eine einzelne sch\u00f6ne Blume oder ein paar zarte Blumen.<\/p>\n<p>GRENADA ist ein perfektes Geschenk.<\/p>\n","protected":false},"excerpt":{"rendered":"<p>&#8222;Villa Pottery&#8220; von Luimes&amp;Luimes, niederl\u00e4ndisches Design. Villa Pottery-Keramik ist bekannt f\u00fcr ihre Qualit\u00e4t, ungew\u00f6hnliche Glasuren, unverwechselbare Designs und sch\u00f6ne Verarbeitung. Ma\u00dfe: 12 x 11,7 x 13,7 cm. GRENADA ist eine bezaubernde Blumenvase mit 7 V\u00f6geln. Wundersch\u00f6n ohne F\u00fcllung, einfach als Dekoration zu verwenden. Perfekt als Blumenvase f\u00fcr eine einzelne sch\u00f6ne Blume oder ein paar zarte [&#8230;]\n","protected":false},"featured_media":1429,"template":"","meta":[],"product_brand":[],"product_cat":[166,150],"product_tag":[],"class_list":{"0":"post-2097","1":"product","2":"type-product","3":"status-publish","4":"has-post-thumbnail","6":"product_cat-topfe-vasen","7":"product_cat-zubehor","9":"first","10":"outofstock","11":"taxable","12":"shipping-taxable","13":"purchasable","14":"product-type-simple"},"_links":{"self":[{"href":"https:\/\/www.ateliercreatif.eu\/de\/wp-json\/wp\/v2\/product\/2097","targetHints":{"allow":["GET"]}}],"collection":[{"href":"https:\/\/www.ateliercreatif.eu\/de\/wp-json\/wp\/v2\/product"}],"about":[{"href":"https:\/\/www.ateliercreatif.eu\/de\/wp-json\/wp\/v2\/types\/product"}],"wp:featuredmedia":[{"embeddable":true,"href":"https:\/\/www.ateliercreatif.eu\/de\/wp-json\/wp\/v2\/media\/1429"}],"wp:attachment":[{"href":"https:\/\/www.ateliercreatif.eu\/de\/wp-json\/wp\/v2\/media?parent=2097"}],"wp:term":[{"taxonomy":"product_brand","embeddable":true,"href":"https:\/\/www.ateliercreatif.eu\/de\/wp-json\/wp\/v2\/product_brand?post=2097"},{"taxonomy":"product_cat","embeddable":true,"href":"https:\/\/www.ateliercreatif.eu\/de\/wp-json\/wp\/v2\/product_cat?post=2097"},{"taxonomy":"product_tag","embeddable":true,"href":"https:\/\/www.ateliercreatif.eu\/de\/wp-json\/wp\/v2\/product_tag?post=2097"}],"curies":[{"name":"wp","href":"https:\/\/api.w.org\/{rel}","templated":true}]}}