{"id":2096,"date":"2021-10-14T11:15:39","date_gmt":"2021-10-14T09:15:39","guid":{"rendered":"https:\/\/www.ateliercreatif.eu\/product\/brigitte-blumenvase\/"},"modified":"2022-01-06T22:22:06","modified_gmt":"2022-01-06T21:22:06","slug":"brigitte-blumenvase","status":"publish","type":"product","link":"https:\/\/www.ateliercreatif.eu\/de\/produkt\/brigitte-blumenvase\/","title":{"rendered":"BRIGITTE Blumenvase"},"content":{"rendered":"<p data-line-height=\"s\">&#8222;Villa Pottery&#8220; von Luimes&amp;Luimes, niederl\u00e4ndisches Design.<\/p>\n<p data-line-height=\"s\">Villa Pottery Keramik ist bekannt f\u00fcr ihre Qualit\u00e4t, ungew\u00f6hnliche Glasuren, unverwechselbare Designs und sch\u00f6ne Verarbeitung.<\/p>\n<p data-line-height=\"s\">Abmessungen : 15 x 15 x 25,4 cm.<\/p>\n<p data-line-height=\"s\">BRIGITTE ist eine elegante Blumenvase aus Keramik, verziert mit 1 handgefertigten Porzellanblume.<\/p>\n<p data-line-height=\"s\">Die Sonderfarbe Mostard Reaktiv passt sowohl zu klassischen als auch zu modernen Interieurs.<\/p>\n<p data-line-height=\"s\">Ideal f\u00fcr eine au\u00dfergew\u00f6hnliche Blume, wie eine Pfingstrose, Lilie, Strelizia oder einfach Ihre Lieblingsblume.<\/p>\n<p data-line-height=\"s\">Auch ein kleiner hoher Strau\u00df wird in dieser eleganten Blumenvase sch\u00f6n.<\/p>\n<p data-line-height=\"s\">BRIGITTE ist ein perfektes Geschenk<\/p>\n","protected":false},"excerpt":{"rendered":"<p>&#8222;Villa Pottery&#8220; von Luimes&amp;Luimes, niederl\u00e4ndisches Design. Villa Pottery Keramik ist bekannt f\u00fcr ihre Qualit\u00e4t, ungew\u00f6hnliche Glasuren, unverwechselbare Designs und sch\u00f6ne Verarbeitung. Abmessungen : 15 x 15 x 25,4 cm. BRIGITTE ist eine elegante Blumenvase aus Keramik, verziert mit 1 handgefertigten Porzellanblume. Die Sonderfarbe Mostard Reaktiv passt sowohl zu klassischen als auch zu modernen Interieurs. Ideal [&#8230;]\n","protected":false},"featured_media":1469,"template":"","meta":[],"product_brand":[],"product_cat":[166,150],"product_tag":[],"class_list":{"0":"post-2096","1":"product","2":"type-product","3":"status-publish","4":"has-post-thumbnail","6":"product_cat-topfe-vasen","7":"product_cat-zubehor","9":"first","10":"instock","11":"taxable","12":"shipping-taxable","13":"purchasable","14":"product-type-simple"},"_links":{"self":[{"href":"https:\/\/www.ateliercreatif.eu\/de\/wp-json\/wp\/v2\/product\/2096","targetHints":{"allow":["GET"]}}],"collection":[{"href":"https:\/\/www.ateliercreatif.eu\/de\/wp-json\/wp\/v2\/product"}],"about":[{"href":"https:\/\/www.ateliercreatif.eu\/de\/wp-json\/wp\/v2\/types\/product"}],"wp:featuredmedia":[{"embeddable":true,"href":"https:\/\/www.ateliercreatif.eu\/de\/wp-json\/wp\/v2\/media\/1469"}],"wp:attachment":[{"href":"https:\/\/www.ateliercreatif.eu\/de\/wp-json\/wp\/v2\/media?parent=2096"}],"wp:term":[{"taxonomy":"product_brand","embeddable":true,"href":"https:\/\/www.ateliercreatif.eu\/de\/wp-json\/wp\/v2\/product_brand?post=2096"},{"taxonomy":"product_cat","embeddable":true,"href":"https:\/\/www.ateliercreatif.eu\/de\/wp-json\/wp\/v2\/product_cat?post=2096"},{"taxonomy":"product_tag","embeddable":true,"href":"https:\/\/www.ateliercreatif.eu\/de\/wp-json\/wp\/v2\/product_tag?post=2096"}],"curies":[{"name":"wp","href":"https:\/\/api.w.org\/{rel}","templated":true}]}}