{"id":2093,"date":"2021-09-02T17:14:47","date_gmt":"2021-09-02T15:14:47","guid":{"rendered":"https:\/\/www.ateliercreatif.eu\/product\/mini-schere\/"},"modified":"2022-01-06T22:21:48","modified_gmt":"2022-01-06T21:21:48","slug":"mini-gartenschere","status":"publish","type":"product","link":"https:\/\/www.ateliercreatif.eu\/de\/produkt\/mini-gartenschere\/","title":{"rendered":"Mini-Schere"},"content":{"rendered":"<p>Die 11 cm Mini-Schere passt in jede Tasche.<\/p>\n<p>Ein kleines Allroundtalent. Ideal bei der Pflege Ihrer Innenbepflanzung, beim Reinigen der Balkonblumenpflanzen, beim Sammeln frischer Kr\u00e4uter oder beim Schneiden zarter Fr\u00fchlingsblumen entlang der Pr\u00e4rie.<\/p>\n<p>Aus Edelstahl gefertigt, h\u00e4lt es jahrelang.<\/p>\n","protected":false},"excerpt":{"rendered":"<p>Die 11 cm Mini-Schere passt in jede Tasche. Ein kleines Allroundtalent. Ideal bei der Pflege Ihrer Innenbepflanzung, beim Reinigen der Balkonblumenpflanzen, beim Sammeln frischer Kr\u00e4uter oder beim Schneiden zarter Fr\u00fchlingsblumen entlang der Pr\u00e4rie. Aus Edelstahl gefertigt, h\u00e4lt es jahrelang.<\/p>\n","protected":false},"featured_media":1451,"template":"","meta":[],"product_brand":[],"product_cat":[151,150],"product_tag":[],"class_list":{"0":"post-2093","1":"product","2":"type-product","3":"status-publish","4":"has-post-thumbnail","6":"product_cat-gartenhilfe","7":"product_cat-zubehor","9":"first","10":"instock","11":"taxable","12":"shipping-taxable","13":"purchasable","14":"product-type-simple"},"_links":{"self":[{"href":"https:\/\/www.ateliercreatif.eu\/de\/wp-json\/wp\/v2\/product\/2093","targetHints":{"allow":["GET"]}}],"collection":[{"href":"https:\/\/www.ateliercreatif.eu\/de\/wp-json\/wp\/v2\/product"}],"about":[{"href":"https:\/\/www.ateliercreatif.eu\/de\/wp-json\/wp\/v2\/types\/product"}],"wp:featuredmedia":[{"embeddable":true,"href":"https:\/\/www.ateliercreatif.eu\/de\/wp-json\/wp\/v2\/media\/1451"}],"wp:attachment":[{"href":"https:\/\/www.ateliercreatif.eu\/de\/wp-json\/wp\/v2\/media?parent=2093"}],"wp:term":[{"taxonomy":"product_brand","embeddable":true,"href":"https:\/\/www.ateliercreatif.eu\/de\/wp-json\/wp\/v2\/product_brand?post=2093"},{"taxonomy":"product_cat","embeddable":true,"href":"https:\/\/www.ateliercreatif.eu\/de\/wp-json\/wp\/v2\/product_cat?post=2093"},{"taxonomy":"product_tag","embeddable":true,"href":"https:\/\/www.ateliercreatif.eu\/de\/wp-json\/wp\/v2\/product_tag?post=2093"}],"curies":[{"name":"wp","href":"https:\/\/api.w.org\/{rel}","templated":true}]}}