{"id":2064,"date":"2021-10-14T19:02:25","date_gmt":"2021-10-14T17:02:25","guid":{"rendered":"https:\/\/www.ateliercreatif.eu\/product\/schluesselanhaenger-tulpe-limette\/"},"modified":"2021-10-14T19:02:25","modified_gmt":"2021-10-14T17:02:25","slug":"tulpe-schlusselanhanger-limette","status":"publish","type":"product","link":"https:\/\/www.ateliercreatif.eu\/de\/produkt\/tulpe-schlusselanhanger-limette\/","title":{"rendered":"Schl\u00fcsselanh\u00e4nger Tulpe &#8211; Limette"},"content":{"rendered":"<p>&#8222;BYLIN &#8211; Dutch Design&#8220; inspiriert von der Natur. Die Produkte sind aus hochwertigem Leder gefertigt.<\/p>\n<p>Abmessungen : 4,5 x 10 cm.<\/p>\n<p>Die Tulpe, die charakteristische Blume der Niederlande, inspirierte das Design dieses klassischen Tulpen-Schl\u00fcsselanh\u00e4ngers aus Leder.<\/p>\n<p>Suchen Sie nie wieder nach Ihren Schl\u00fcsseln. Dieser farbenfrohe Hingucker h\u00e4lt Sie \u00fcber Jahre hinweg organisiert.<\/p>\n<p>Und warum nicht auch eine f\u00fcr Ihre besten Freunde?<\/p>\n<p>Dieser Tulpen-Schl\u00fcsselanh\u00e4nger aus Leder ist das perfekte Geschenk.<\/p>\n","protected":false},"excerpt":{"rendered":"<p>&#8222;BYLIN &#8211; Dutch Design&#8220; inspiriert von der Natur. Die Produkte sind aus hochwertigem Leder gefertigt. Abmessungen : 4,5 x 10 cm. Die Tulpe, die charakteristische Blume der Niederlande, inspirierte das Design dieses klassischen Tulpen-Schl\u00fcsselanh\u00e4ngers aus Leder. Suchen Sie nie wieder nach Ihren Schl\u00fcsseln. Dieser farbenfrohe Hingucker h\u00e4lt Sie \u00fcber Jahre hinweg organisiert. Und warum nicht [&#8230;]\n","protected":false},"featured_media":1397,"template":"","meta":[],"product_brand":[],"product_cat":[156,150],"product_tag":[],"class_list":{"0":"post-2064","1":"product","2":"type-product","3":"status-publish","4":"has-post-thumbnail","6":"product_cat-sonderzubehor","7":"product_cat-zubehor","9":"first","10":"instock","11":"taxable","12":"shipping-taxable","13":"purchasable","14":"product-type-simple"},"_links":{"self":[{"href":"https:\/\/www.ateliercreatif.eu\/de\/wp-json\/wp\/v2\/product\/2064","targetHints":{"allow":["GET"]}}],"collection":[{"href":"https:\/\/www.ateliercreatif.eu\/de\/wp-json\/wp\/v2\/product"}],"about":[{"href":"https:\/\/www.ateliercreatif.eu\/de\/wp-json\/wp\/v2\/types\/product"}],"wp:featuredmedia":[{"embeddable":true,"href":"https:\/\/www.ateliercreatif.eu\/de\/wp-json\/wp\/v2\/media\/1397"}],"wp:attachment":[{"href":"https:\/\/www.ateliercreatif.eu\/de\/wp-json\/wp\/v2\/media?parent=2064"}],"wp:term":[{"taxonomy":"product_brand","embeddable":true,"href":"https:\/\/www.ateliercreatif.eu\/de\/wp-json\/wp\/v2\/product_brand?post=2064"},{"taxonomy":"product_cat","embeddable":true,"href":"https:\/\/www.ateliercreatif.eu\/de\/wp-json\/wp\/v2\/product_cat?post=2064"},{"taxonomy":"product_tag","embeddable":true,"href":"https:\/\/www.ateliercreatif.eu\/de\/wp-json\/wp\/v2\/product_tag?post=2064"}],"curies":[{"name":"wp","href":"https:\/\/api.w.org\/{rel}","templated":true}]}}