{"id":2039,"date":"2021-10-15T20:44:53","date_gmt":"2021-10-15T18:44:53","guid":{"rendered":"https:\/\/www.ateliercreatif.eu\/product\/blooming-tulip-schluesselanhaenger-orange\/"},"modified":"2025-05-19T10:24:11","modified_gmt":"2025-05-19T08:24:11","slug":"bluhende-tulpe-schlusselanhanger-baghanger-orange","status":"publish","type":"product","link":"https:\/\/www.ateliercreatif.eu\/de\/produkt\/bluhende-tulpe-schlusselanhanger-baghanger-orange\/","title":{"rendered":"Blooming Tulip Schl\u00fcsselanh\u00e4nger &#8211; Orange"},"content":{"rendered":"<p>&#8222;BYLIN &#8211; Dutch Design&#8220; inspiriert von der Natur. Die Produkte sind aus hochwertigem Leder gefertigt.<\/p>\n<p>Ma\u00dfe . 3&#215;11,5cm.<\/p>\n<p>Die Tulpe, die charakteristische Blume der Niederlande, inspirierte das Design dieses sch\u00f6nen bl\u00fchenden Tulpen-Schl\u00fcsselanh\u00e4ngers.<\/p>\n<p>Dieser wundervolle Taschen Accessoires Anh\u00e4nger wertet Ihre geliebte Handtasche auf, kann aber auch als Schl\u00fcsselanh\u00e4nger genutzt werden.<\/p>\n<p>Es ist ein perfektes Geschenk und ist in sch\u00f6nen Farben erh\u00e4ltlich.<\/p>\n<p>Der bl\u00fchende Tulpen-Leder-Schl\u00fcsselanh\u00e4nger in Form einer bl\u00fchenden Tulpe, ein Muss f\u00fcr alle Blumenfans.<\/p>\n","protected":false},"excerpt":{"rendered":"<p>&#8222;BYLIN &#8211; Dutch Design&#8220; inspiriert von der Natur. Die Produkte sind aus hochwertigem Leder gefertigt. Ma\u00dfe . 3&#215;11,5cm. Die Tulpe, die charakteristische Blume der Niederlande, inspirierte das Design dieses sch\u00f6nen bl\u00fchenden Tulpen-Schl\u00fcsselanh\u00e4ngers. Dieser wundervolle Taschen Accessoires Anh\u00e4nger wertet Ihre geliebte Handtasche auf, kann aber auch als Schl\u00fcsselanh\u00e4nger genutzt werden. Es ist ein perfektes Geschenk und [&#8230;]\n","protected":false},"featured_media":1471,"template":"","meta":[],"product_brand":[],"product_cat":[156,150],"product_tag":[],"class_list":{"0":"post-2039","1":"product","2":"type-product","3":"status-publish","4":"has-post-thumbnail","6":"product_cat-sonderzubehor","7":"product_cat-zubehor","9":"first","10":"instock","11":"taxable","12":"shipping-taxable","13":"purchasable","14":"product-type-simple"},"_links":{"self":[{"href":"https:\/\/www.ateliercreatif.eu\/de\/wp-json\/wp\/v2\/product\/2039","targetHints":{"allow":["GET"]}}],"collection":[{"href":"https:\/\/www.ateliercreatif.eu\/de\/wp-json\/wp\/v2\/product"}],"about":[{"href":"https:\/\/www.ateliercreatif.eu\/de\/wp-json\/wp\/v2\/types\/product"}],"wp:featuredmedia":[{"embeddable":true,"href":"https:\/\/www.ateliercreatif.eu\/de\/wp-json\/wp\/v2\/media\/1471"}],"wp:attachment":[{"href":"https:\/\/www.ateliercreatif.eu\/de\/wp-json\/wp\/v2\/media?parent=2039"}],"wp:term":[{"taxonomy":"product_brand","embeddable":true,"href":"https:\/\/www.ateliercreatif.eu\/de\/wp-json\/wp\/v2\/product_brand?post=2039"},{"taxonomy":"product_cat","embeddable":true,"href":"https:\/\/www.ateliercreatif.eu\/de\/wp-json\/wp\/v2\/product_cat?post=2039"},{"taxonomy":"product_tag","embeddable":true,"href":"https:\/\/www.ateliercreatif.eu\/de\/wp-json\/wp\/v2\/product_tag?post=2039"}],"curies":[{"name":"wp","href":"https:\/\/api.w.org\/{rel}","templated":true}]}}