{"id":2029,"date":"2021-10-17T22:39:49","date_gmt":"2021-10-17T20:39:49","guid":{"rendered":"https:\/\/www.ateliercreatif.eu\/product\/giessball-mit-kurzem-hals\/"},"modified":"2024-05-29T17:15:59","modified_gmt":"2024-05-29T15:15:59","slug":"giesball-dusche-kurzhals","status":"publish","type":"product","link":"https:\/\/www.ateliercreatif.eu\/de\/produkt\/giesball-dusche-kurzhals\/","title":{"rendered":"Gie\u00dfkugel"},"content":{"rendered":"<p>Ideal zum Gie\u00dfen von Bonsai und anderen Topfpflanzen.<\/p>\n<p>Gerade bei der Aufzucht von Pflanzen ist es wichtig, diese sorgf\u00e4ltig zu gie\u00dfen. Daf\u00fcr ist das Kugelspray ideal.<\/p>\n<p>Einfache Handhabung: Beh\u00e4lter mit Wasser f\u00fcllen. Dr\u00fccken Sie den Gummiball zusammen und tauchen Sie ihn in das Wasser. Lassen Sie die Kugel los, der entstehende Unterdruck saugt das Wasser an. Entleeren Sie das Wasser langsam und vorsichtig \u00fcber die Pflanzen.<\/p>\n<p>Ihre Pflanzen werden es lieben. Ideal zum Gie\u00dfen von Orchideen, Tillandsien, Terrarien und allen Topfpflanzen.<\/p>\n","protected":false},"excerpt":{"rendered":"<p>Ideal zum Gie\u00dfen von Bonsai und anderen Topfpflanzen. Gerade bei der Aufzucht von Pflanzen ist es wichtig, diese sorgf\u00e4ltig zu gie\u00dfen. Daf\u00fcr ist das Kugelspray ideal. Einfache Handhabung: Beh\u00e4lter mit Wasser f\u00fcllen. Dr\u00fccken Sie den Gummiball zusammen und tauchen Sie ihn in das Wasser. Lassen Sie die Kugel los, der entstehende Unterdruck saugt das Wasser [&#8230;]\n","protected":false},"featured_media":1621,"template":"","meta":[],"product_brand":[],"product_cat":[151,150],"product_tag":[],"class_list":{"0":"post-2029","1":"product","2":"type-product","3":"status-publish","4":"has-post-thumbnail","6":"product_cat-gartenhilfe","7":"product_cat-zubehor","9":"first","10":"instock","11":"taxable","12":"shipping-taxable","13":"purchasable","14":"product-type-simple"},"_links":{"self":[{"href":"https:\/\/www.ateliercreatif.eu\/de\/wp-json\/wp\/v2\/product\/2029","targetHints":{"allow":["GET"]}}],"collection":[{"href":"https:\/\/www.ateliercreatif.eu\/de\/wp-json\/wp\/v2\/product"}],"about":[{"href":"https:\/\/www.ateliercreatif.eu\/de\/wp-json\/wp\/v2\/types\/product"}],"wp:featuredmedia":[{"embeddable":true,"href":"https:\/\/www.ateliercreatif.eu\/de\/wp-json\/wp\/v2\/media\/1621"}],"wp:attachment":[{"href":"https:\/\/www.ateliercreatif.eu\/de\/wp-json\/wp\/v2\/media?parent=2029"}],"wp:term":[{"taxonomy":"product_brand","embeddable":true,"href":"https:\/\/www.ateliercreatif.eu\/de\/wp-json\/wp\/v2\/product_brand?post=2029"},{"taxonomy":"product_cat","embeddable":true,"href":"https:\/\/www.ateliercreatif.eu\/de\/wp-json\/wp\/v2\/product_cat?post=2029"},{"taxonomy":"product_tag","embeddable":true,"href":"https:\/\/www.ateliercreatif.eu\/de\/wp-json\/wp\/v2\/product_tag?post=2029"}],"curies":[{"name":"wp","href":"https:\/\/api.w.org\/{rel}","templated":true}]}}