{"id":2001,"date":"2021-11-07T23:52:34","date_gmt":"2021-11-07T22:52:34","guid":{"rendered":"https:\/\/www.ateliercreatif.eu\/product\/indoor-gartengeraete-set\/"},"modified":"2025-08-17T17:03:05","modified_gmt":"2025-08-17T15:03:05","slug":"indoor-gartengerate-set","status":"publish","type":"product","link":"https:\/\/www.ateliercreatif.eu\/de\/produkt\/indoor-gartengerate-set\/","title":{"rendered":"Indoor-Gartenger\u00e4te-Set"},"content":{"rendered":"<p>Dieses Set enth\u00e4lt alles, was Sie f\u00fcr eine gute Pflege Ihrer Zimmerpflanzen ben\u00f6tigen.<\/p>\n<p>Abmessungen: 17x4x24cm.<\/p>\n<p>Das Set besteht aus einem Rechen, einer Schaufel und einer Gartenschere, die auf einem Holzhalter pr\u00e4sentiert werden. Die Werkzeuge sind aus Edelstahl gefertigt.<\/p>\n<p>Dieses Indoor-Gartenwerkzeug-Set ist ein perfektes Geschenk f\u00fcr alle Pflanzenliebhaber.<\/p>\n","protected":false},"excerpt":{"rendered":"<p>Dieses Set enth\u00e4lt alles, was Sie f\u00fcr eine gute Pflege Ihrer Zimmerpflanzen ben\u00f6tigen. Abmessungen: 17x4x24cm. Das Set besteht aus einem Rechen, einer Schaufel und einer Gartenschere, die auf einem Holzhalter pr\u00e4sentiert werden. Die Werkzeuge sind aus Edelstahl gefertigt. Dieses Indoor-Gartenwerkzeug-Set ist ein perfektes Geschenk f\u00fcr alle Pflanzenliebhaber.<\/p>\n","protected":false},"featured_media":1467,"template":"","meta":[],"product_brand":[],"product_cat":[151,150],"product_tag":[],"class_list":{"0":"post-2001","1":"product","2":"type-product","3":"status-publish","4":"has-post-thumbnail","6":"product_cat-gartenhilfe","7":"product_cat-zubehor","9":"first","10":"instock","11":"sale","12":"taxable","13":"shipping-taxable","14":"purchasable","15":"product-type-simple"},"_links":{"self":[{"href":"https:\/\/www.ateliercreatif.eu\/de\/wp-json\/wp\/v2\/product\/2001","targetHints":{"allow":["GET"]}}],"collection":[{"href":"https:\/\/www.ateliercreatif.eu\/de\/wp-json\/wp\/v2\/product"}],"about":[{"href":"https:\/\/www.ateliercreatif.eu\/de\/wp-json\/wp\/v2\/types\/product"}],"wp:featuredmedia":[{"embeddable":true,"href":"https:\/\/www.ateliercreatif.eu\/de\/wp-json\/wp\/v2\/media\/1467"}],"wp:attachment":[{"href":"https:\/\/www.ateliercreatif.eu\/de\/wp-json\/wp\/v2\/media?parent=2001"}],"wp:term":[{"taxonomy":"product_brand","embeddable":true,"href":"https:\/\/www.ateliercreatif.eu\/de\/wp-json\/wp\/v2\/product_brand?post=2001"},{"taxonomy":"product_cat","embeddable":true,"href":"https:\/\/www.ateliercreatif.eu\/de\/wp-json\/wp\/v2\/product_cat?post=2001"},{"taxonomy":"product_tag","embeddable":true,"href":"https:\/\/www.ateliercreatif.eu\/de\/wp-json\/wp\/v2\/product_tag?post=2001"}],"curies":[{"name":"wp","href":"https:\/\/api.w.org\/{rel}","templated":true}]}}