{"id":1999,"date":"2021-11-08T00:04:38","date_gmt":"2021-11-07T23:04:38","guid":{"rendered":"https:\/\/www.ateliercreatif.eu\/product\/bonsai-schere\/"},"modified":"2025-08-17T17:06:49","modified_gmt":"2025-08-17T15:06:49","slug":"bonsai-schere","status":"publish","type":"product","link":"https:\/\/www.ateliercreatif.eu\/de\/produkt\/bonsai-schere\/","title":{"rendered":"Bonsai-Schere"},"content":{"rendered":"<p>Diese Bonsai-Schere eignet sich perfekt f\u00fcr den pr\u00e4zisen Schnitt, die Formgebung und die Pflege von Pflanzen.<\/p>\n<p>Ma\u00dfe: 1,8 x 8,7 x 18,3 cm.<\/p>\n<p>Dank des robusten Materials ist die Schere sehr langlebig.<\/p>\n<p>Dieses traditionelle Gartenwerkzeug ist perfekt f\u00fcr alle, die einen gr\u00fcnen Daumen haben.<\/p>\n<p>&nbsp;<\/p>\n","protected":false},"excerpt":{"rendered":"<p>Diese Bonsai-Schere eignet sich perfekt f\u00fcr den pr\u00e4zisen Schnitt, die Formgebung und die Pflege von Pflanzen. Ma\u00dfe: 1,8 x 8,7 x 18,3 cm. Dank des robusten Materials ist die Schere sehr langlebig. Dieses traditionelle Gartenwerkzeug ist perfekt f\u00fcr alle, die einen gr\u00fcnen Daumen haben. &nbsp;<\/p>\n","protected":false},"featured_media":1461,"template":"","meta":[],"product_brand":[],"product_cat":[151,150],"product_tag":[],"class_list":{"0":"post-1999","1":"product","2":"type-product","3":"status-publish","4":"has-post-thumbnail","6":"product_cat-gartenhilfe","7":"product_cat-zubehor","9":"first","10":"instock","11":"sale","12":"taxable","13":"shipping-taxable","14":"purchasable","15":"product-type-simple"},"_links":{"self":[{"href":"https:\/\/www.ateliercreatif.eu\/de\/wp-json\/wp\/v2\/product\/1999","targetHints":{"allow":["GET"]}}],"collection":[{"href":"https:\/\/www.ateliercreatif.eu\/de\/wp-json\/wp\/v2\/product"}],"about":[{"href":"https:\/\/www.ateliercreatif.eu\/de\/wp-json\/wp\/v2\/types\/product"}],"wp:featuredmedia":[{"embeddable":true,"href":"https:\/\/www.ateliercreatif.eu\/de\/wp-json\/wp\/v2\/media\/1461"}],"wp:attachment":[{"href":"https:\/\/www.ateliercreatif.eu\/de\/wp-json\/wp\/v2\/media?parent=1999"}],"wp:term":[{"taxonomy":"product_brand","embeddable":true,"href":"https:\/\/www.ateliercreatif.eu\/de\/wp-json\/wp\/v2\/product_brand?post=1999"},{"taxonomy":"product_cat","embeddable":true,"href":"https:\/\/www.ateliercreatif.eu\/de\/wp-json\/wp\/v2\/product_cat?post=1999"},{"taxonomy":"product_tag","embeddable":true,"href":"https:\/\/www.ateliercreatif.eu\/de\/wp-json\/wp\/v2\/product_tag?post=1999"}],"curies":[{"name":"wp","href":"https:\/\/api.w.org\/{rel}","templated":true}]}}