{"id":1784,"date":"2021-08-25T13:49:07","date_gmt":"2021-08-25T11:49:07","guid":{"rendered":"https:\/\/www.ateliercreatif.eu\/versandbedingungen\/"},"modified":"2022-01-06T22:08:16","modified_gmt":"2022-01-06T21:08:16","slug":"versandbedingungen","status":"publish","type":"page","link":"https:\/\/www.ateliercreatif.eu\/de\/versandbedingungen\/","title":{"rendered":"Versandbedingungen"},"content":{"rendered":"\n<p>Atelier Cratif Petra (\u201ewir\u201c und \u201euns\u201c) ist der Betreiber von (www.ateliercreif.eu) (\u201eWebsite\u201c). Indem Sie eine Bestellung \u00fcber diese Website aufgeben, stimmen Sie den nachstehenden Bedingungen zu. Diese werden bereitgestellt, um sicherzustellen, dass beide Parteien sich dieser Vereinbarung bewusst sind und sich darauf einigen, um sich gegenseitig zu sch\u00fctzen und Erwartungen an unseren Service zu setzen.<\/p>\n<p><strong>1. Allgemeines<\/strong><\/p>\n<p>Vorbehaltlich der Lagerverf\u00fcgbarkeit. Wir versuchen, auf unserer Website genaue Lagerbest\u00e4nde zu f\u00fchren, aber von Zeit zu Zeit kann es zu Lagerabweichungen kommen und wir k\u00f6nnen nicht alle Ihre Artikel zum Zeitpunkt des Kaufs liefern. In diesem Fall erf\u00fcllen wir Ihnen die verf\u00fcgbaren Produkte und kontaktieren Sie, ob Sie die Wiederauff\u00fcllung des nachbestellten Artikels abwarten oder eine R\u00fcckerstattung vornehmen m\u00f6chten.<\/p>\n<p><strong>2. Versandkosten<\/strong><\/p>\n<p>Die Versandkosten werden w\u00e4hrend des Bestellvorgangs basierend auf Gewicht, Abmessungen und Zielort der Artikel in der Bestellung berechnet. Die Versandkosten werden beim Kauf eingezogen.<\/p>\n<p>Dieser Preis ist der Endpreis f\u00fcr die Versandkosten an den Kunden.<\/p>\n<p>Wir liefern das\/die Paket(e) selbst oder mit DHL Express, um den besten Service &amp; h\u00f6chste Kundenzufriedenheit zu garantieren.<\/p>\n<figure class=\"wp-block-table\">\n<table>\n<tbody>\n<tr>\n<td><strong>Europa 1<\/strong><\/td>\n<td><strong>Europa 2<\/strong><\/td>\n<td><strong>Welt 1<\/strong><\/td>\n<td><strong>Welt 2<\/strong><\/td>\n<\/tr>\n<tr>\n<td>Luxemburg, Deutschland, Andorra, \u00d6sterreich, Belgien, D\u00e4nemark, Frankreich (ohne DOM-TOM), Niederlande, Vereinigtes K\u00f6nigreich, Slowenien, Schweden, Schweiz<\/td>\n<td>Bulgarien, Estland, Finnland, Griechenland, Irland, Island, Italien, Kroatien, Lettland, Liechtenstein, Litauen, Malta, Norwegen, Polen, Portugal, Rum\u00e4nien, Slowakei, Spanien, Tschechien, Ungarn, Zypern<\/td>\n<td>\u00c4gypten, Albanien, Algerien, Armenien, Bosnien-Herzegowina, Georgien, Iran, Irak, Israel, Jordanien, Kosovo, Libanon, Libyen, Mazedonien, Marokko, Mauretanien, Moldawien, Montenegro, Russland, Serbien, Syrien, Tunesien, T\u00fcrkei, Ukraine, USA, Vereinigte Arabische Emirate, Wei\u00dfrussland<\/td>\n<td>S\u00fcdafrika, Brasilien, Kanada, China, S\u00fcdkorea, Indien, Indonesien, Malaysia, Philippinen, Singapur, Taiwan, Thailand, Vietnam<\/td>\n<\/tr>\n<\/tbody>\n<\/table>\n<\/figure>\n<figure class=\"wp-block-table\">\n<table>\n<tbody>\n<tr>\n<td><strong> Welt 3<\/strong><\/td>\n<td>\u00dcbrigen Welt<\/td>\n<\/tr>\n<\/tbody>\n<\/table>\n<\/figure>\n<div class=\"wp-block-group__inner-container\">\n<p><strong>3. R\u00fccksendungen<\/strong><\/p>\n<p>Bestimmte Arten von Artikeln, Sonderanfertigungen (wie Sonderbestellungen oder personalisierte Artikel) und Hygieneartikel (wie Gesichtsmasken) k\u00f6nnen nicht zur\u00fcckgegeben werden.<\/p>\n<\/div>\n<p><strong>3.1 R\u00fcckkehr aufgrund einer Meinungs\u00e4nderung<\/strong><\/p>\n<p>Wir akzeptieren gerne R\u00fccksendungen aufgrund von Meinungs\u00e4nderungen f\u00fcr berechtigte Produkte, solange eine Aufforderung zur R\u00fccksendung innerhalb von 14 Tagen nach Erhalt des Artikels bei uns eingeht und in der Originalverpackung, unbenutzt und wiederverkaufsf\u00e4hig an uns zur\u00fcckgesendet wird. Die R\u00fccksendung wird auf Kosten des Kunden bezahlt und muss f\u00fcr den Versand selbst organisiert werden.<br>Sobald die R\u00fccksendungen eingegangen und akzeptiert sind, werden R\u00fcckerstattungen verarbeitet, um das Guthaben f\u00fcr einen zuk\u00fcnftigen Kauf aufzubewahren. Wir benachrichtigen Sie, sobald dies per E-Mail abgeschlossen ist.<\/p>\n<p>Wir erstatten den Wert der zur\u00fcckgesandten Ware, jedoch NICHT den Wert der bezahlten Versandkosten.<\/p>\n<p><strong>3.2 Garantier\u00fccksendungen<\/strong><\/p>\n<p>Wir erf\u00fcllen gerne g\u00fcltige Garantieanspr\u00fcche, sofern ein Anspruch innerhalb von 90 Tagen nach Erhalt der Artikel eingereicht wird.<\/p>\n<p>Kunden m\u00fcssen f\u00fcr die R\u00fccksendung bezahlen.<\/p>\n<p>Nach R\u00fccksendung von Artikeln f\u00fcr einen Garantieanspruch k\u00f6nnen Sie davon ausgehen, dass wir Ihren Garantieanspruch innerhalb von 14 Tagen bearbeiten.<\/p>\n<p>Sobald der Garantieanspruch best\u00e4tigt ist, haben Sie die Wahl zwischen:<\/p>\n<ol>\n<li>eine R\u00fcckerstattung auf Ihre Zahlungsmethode<\/li>\n<li>eine R\u00fcckerstattung des Guthabens im Gesch\u00e4ft<\/li>\n<li>ein Ersatzartikel an Sie gesendet (sofern verf\u00fcgbar)<\/li>\n<\/ol>\n<p><strong>3.3 Vollst\u00e4ndige R\u00fcckgaberichtlinie<\/strong><\/p>\n<p>Bitte konsultieren Sie unsere vollst\u00e4ndigen R\u00fcckgaberichtlinien, die Sie auf unserer Seite R\u00fcckgaberichtlinien finden.<\/p>\n<p><strong>4. Lieferbedingungen<\/strong><\/p>\n<p><strong>4.1 Laufzeit im Inland<\/strong><\/p>\n<p>Im Allgemeinen sind Inlandssendungen 2 \u2013 7 Tage unterwegs.<\/p>\n<p><strong>4.2 Laufzeit International<\/strong><\/p>\n<p>Im Allgemeinen sind Bestellungen, die ins Ausland versandt werden, 3 \u2013 22 Tage unterwegs. Dies variiert stark je nach Lieferland &amp; Kontinent. Wir k\u00f6nnen Ihnen einen genaueren Kostenvoranschlag anbieten, wenn Sie Ihre Lieferoption an der Kasse ausw\u00e4hlen.<\/p>\n<p><strong>4.3 Versandzeit<\/strong><\/p>\n<p>Bestellungen werden in der Regel innerhalb von 1-2 Werktagen nach Zahlungseingang der Bestellung versandt.<\/p>\n<p>Unser Lager ist von Montag bis Freitag w\u00e4hrend der \u00fcblichen Gesch\u00e4ftszeiten ge\u00f6ffnet, au\u00dfer an Feiertagen, zu denen das Lager geschlossen ist. In diesen F\u00e4llen ergreifen wir Ma\u00dfnahmen, um sicherzustellen, dass Lieferverz\u00f6gerungen auf ein Minimum beschr\u00e4nkt werden.<\/p>\n<p><strong>4.4 \u00c4nderung der Lieferadresse<\/strong><\/p>\n<p>Bei \u00c4nderungsw\u00fcnschen der Lieferadresse k\u00f6nnen wir die Adresse jederzeit vor Versand der Bestellung \u00e4ndern. Bitte kontaktieren Sie uns \u00fcber Social Media oder E-Mail.<\/p>\n<p><strong>4.5 Postfachversand<\/strong><\/p>\n<p>Wir versenden ausschlie\u00dflich per Post an Postfachadressen. Zu diesen Standorten k\u00f6nnen wir keine Kurierdienste anbieten.<\/p>\n<p><strong>4.6 Versand an Milit\u00e4radressen<\/strong><\/p>\n<p>Wir k\u00f6nnen nicht an Milit\u00e4radressen versenden.<\/p>\n<p><strong>4.7 Artikel nicht auf Lager<\/strong><\/p>\n<p>Wenn ein Artikel nicht vorr\u00e4tig ist, versenden wir die vorr\u00e4tigen Artikel sofort und versenden die restlichen Artikel, sobald sie wieder auf Lager sind. Hierdurch entstehen keine zus\u00e4tzlichen Geb\u00fchren.<\/p>\n<p><strong>4.8 Lieferzeit \u00fcberschritten<\/strong><\/p>\n<p>Wenn die Lieferzeit die prognostizierte Zeit \u00fcberschritten hat, kontaktieren Sie uns bitte, damit wir eine Untersuchung durchf\u00fchren k\u00f6nnen.<\/p>\n<p><strong>5. Tracking-Benachrichtigungen<\/strong><\/p>\n<p>Wenn Sie sich f\u00fcr eine Versandoption mit Sendungsverfolgung entscheiden: Nach dem Versand erhalten Kunden einen Sendungsverfolgungslink, \u00fcber den sie den Fortschritt ihrer Sendung basierend auf den neuesten Updates des Versanddienstleisters verfolgen k\u00f6nnen.<\/p>\n<p><strong>6. Beim Transport besch\u00e4digte Pakete<\/strong><\/p>\n<p>Wenn Sie feststellen, dass ein Paket w\u00e4hrend des Transports besch\u00e4digt ist, lehnen Sie das Paket bitte beim Kurier ab und wenden Sie sich an unseren Kundenservice. Wenn das Paket ohne Ihre Anwesenheit zugestellt wurde, kontaktieren Sie bitte den Kundenservice f\u00fcr die n\u00e4chsten Schritte.<\/p>\n<p><strong>7. Z\u00f6lle &amp; Steuern<\/strong><\/p>\n<p><strong>7.1 Umsatzsteuer<\/strong><\/p>\n<p>Auf den auf der Website angezeigten Warenpreis wurde bereits Umsatzsteuer erhoben<\/p>\n<p><strong>7.2 Einfuhrz\u00f6lle &amp; Steuern<\/strong><\/p>\n<p>Einfuhrz\u00f6lle und Steuern f\u00fcr internationale Sendungen k\u00f6nnen bei der Ankunft im Zielland f\u00e4llig werden. Dies ist je nach Land unterschiedlich und undefined ermutigt Sie, sich dieser potenziellen Kosten bewusst zu sein, bevor Sie eine Bestellung bei uns aufgeben.<\/p>\n<p>Wenn Sie die Zahlung von Z\u00f6llen und Steuern bei Ankunft in Ihrem Zielland verweigern, wird die Ware auf Kosten des Kunden an undefined zur\u00fcckgesendet und der Kunde erh\u00e4lt den bezahlten Warenwert abz\u00fcglich der Kosten der R\u00fccksendung zur\u00fcck. Die Kosten f\u00fcr den Erstversand werden nicht zur\u00fcckerstattet.<\/p>\n<p><strong>8. Stornierungen<\/strong><\/p>\n<p>Wenn Sie Ihre Meinung \u00e4ndern, bevor Sie Ihre Bestellung erhalten haben, k\u00f6nnen wir jederzeit Stornierungen akzeptieren, bevor die Bestellung versandt wurde. Wenn eine Bestellung bereits versandt wurde, beachten Sie bitte unsere R\u00fcckerstattungsrichtlinie.<\/p>\n<p><strong>9. Versicherung<\/strong><\/p>\n<p>Pakete sind bis zu dem vom Kurier angegebenen Wert gegen Verlust und Besch\u00e4digung versichert.<\/p>\n<p><strong>9.1 Ablauf bei w\u00e4hrend des Transports besch\u00e4digten Paketen<\/strong><\/p>\n<p>Wir werden eine R\u00fcckerstattung oder einen Ersatz bearbeiten, sobald der Kurier die Untersuchung des Anspruchs abgeschlossen hat.<\/p>\n<p><strong>9.2 Verfahren bei Paketverlust auf dem Transportweg<\/strong><\/p>\n<p>Wir werden eine R\u00fcckerstattung oder einen Ersatz bearbeiten, sobald der Kurier eine Untersuchung durchgef\u00fchrt hat und das Paket als verloren betrachtet.<\/p>\n<p><strong>10. Kundenservice<\/strong><\/p>\n<p>F\u00fcr alle Kundendienstanfragen senden Sie uns bitte eine E-Mail an petra@ateliercreif.eu<\/p>\n\n","protected":false},"excerpt":{"rendered":"","protected":false},"author":3,"featured_media":0,"parent":0,"menu_order":0,"comment_status":"closed","ping_status":"closed","template":"","meta":{"footnotes":""},"class_list":["post-1784","page","type-page","status-publish","hentry"],"_links":{"self":[{"href":"https:\/\/www.ateliercreatif.eu\/de\/wp-json\/wp\/v2\/pages\/1784","targetHints":{"allow":["GET"]}}],"collection":[{"href":"https:\/\/www.ateliercreatif.eu\/de\/wp-json\/wp\/v2\/pages"}],"about":[{"href":"https:\/\/www.ateliercreatif.eu\/de\/wp-json\/wp\/v2\/types\/page"}],"author":[{"embeddable":true,"href":"https:\/\/www.ateliercreatif.eu\/de\/wp-json\/wp\/v2\/users\/3"}],"replies":[{"embeddable":true,"href":"https:\/\/www.ateliercreatif.eu\/de\/wp-json\/wp\/v2\/comments?post=1784"}],"version-history":[{"count":1,"href":"https:\/\/www.ateliercreatif.eu\/de\/wp-json\/wp\/v2\/pages\/1784\/revisions"}],"predecessor-version":[{"id":1785,"href":"https:\/\/www.ateliercreatif.eu\/de\/wp-json\/wp\/v2\/pages\/1784\/revisions\/1785"}],"wp:attachment":[{"href":"https:\/\/www.ateliercreatif.eu\/de\/wp-json\/wp\/v2\/media?parent=1784"}],"curies":[{"name":"wp","href":"https:\/\/api.w.org\/{rel}","templated":true}]}}