{"id":1777,"date":"2013-08-11T19:06:15","date_gmt":"2013-08-11T17:06:15","guid":{"rendered":"https:\/\/www.ateliercreatif.eu\/ueber\/"},"modified":"2023-06-21T15:55:50","modified_gmt":"2023-06-21T13:55:50","slug":"ueber","status":"publish","type":"page","link":"https:\/\/www.ateliercreatif.eu\/de\/ueber\/","title":{"rendered":"\u00dcber"},"content":{"rendered":"\n<div class=\"row\" style=\"max-width:1200px\" id=\"row-560084323\">\n\n\n\t<div id=\"col-611646917\" class=\"col small-12 large-12\"  >\n\t\t\t\t<div class=\"col-inner text-center\"  >\n\t\t\t\n\t\t\t\n\n\t<div class=\"img has-hover x md-x lg-x y md-y lg-y\" id=\"image_1473861833\">\n\t\t\t\t\t\t\t\t<div class=\"img-inner dark\" style=\"margin:0px o 0px 0px;\">\n\t\t\t<img loading=\"lazy\" decoding=\"async\" width=\"1020\" height=\"425\" src=\"https:\/\/www.ateliercreatif.eu\/wp-content\/uploads\/2021\/08\/page-1-1400x583.jpg\" class=\"attachment-large size-large\" alt=\"\" srcset=\"https:\/\/www.ateliercreatif.eu\/wp-content\/uploads\/2021\/08\/page-1-1400x583.jpg 1400w, https:\/\/www.ateliercreatif.eu\/wp-content\/uploads\/2021\/08\/page-1-2000x833.jpg 2000w, https:\/\/www.ateliercreatif.eu\/wp-content\/uploads\/2021\/08\/page-1-800x333.jpg 800w, https:\/\/www.ateliercreatif.eu\/wp-content\/uploads\/2021\/08\/page-1-768x320.jpg 768w, https:\/\/www.ateliercreatif.eu\/wp-content\/uploads\/2021\/08\/page-1-1536x640.jpg 1536w, https:\/\/www.ateliercreatif.eu\/wp-content\/uploads\/2021\/08\/page-1-2048x853.jpg 2048w\" sizes=\"auto, (max-width: 1020px) 100vw, 1020px\" \/>\t\t\t\t\t\t\n\t\t\t\t\t<\/div>\n\t\t\t\t\t\t\t\t\n<style>\n#image_1473861833 {\n  width: 100%;\n}\n<\/style>\n\t<\/div>\n\t\n\n\n\t\t<\/div>\n\t\t\t\t\t<\/div>\n\n\t\n\n<\/div>\n<div class=\"row\" style=\"max-width:1080px\" id=\"row-801705511\">\n\n\n\t<div id=\"col-1384919428\" class=\"col about-me-custom-mobile small-12 large-12\"  >\n\t\t\t\t<div class=\"col-inner text-left\"  >\n\t\t\t\n\t\t\t\n\n<div class=\"container section-title-container\" ><h1 class=\"section-title section-title-center\"><b aria-hidden=\"true\"><\/b><span class=\"section-title-main\" style=\"font-size:150%;\">\u00dcber mich &amp; mein Atelier<\/span><b aria-hidden=\"true\"><\/b><\/h1><\/div>\n\n<p>Seit 1995 lebe ich meine Leidenschaft und arbeite mit dem was mich am meisten interessiert: die Sch\u00f6nheit der Natur &amp; anderen Freude schenken. Ich habe diese beiden kombiniert und lebe sie in meiner Rolle als Floristin.<\/p>\n<p>Das mehrj\u00e4hrige Leben im europ\u00e4ischen Top-Spot f\u00fcr sch\u00f6ne Blumen, den Niederlanden, pr\u00e4gte meine Leidenschaft f\u00fcr das Arrangieren von Blumenkunst. Diese einzigartige Inspirationsquelle hat meinen kreativen Horizont weit weg von der \u00fcblichen Mode erweitert. Neugier, Mut &amp; Experimentierfreude erzeugen unendlich viel Energie f\u00fcr die Gestaltung von Arrangements aus Blumen &amp; Naturmaterial<\/p>\n<p>Mit meinen handgefertigten Kreationen spiegele ich meine Erfahrung &amp; Leidenschaft f\u00fcr das Gesch\u00e4ft wider und m\u00f6chte die Erwartungen meiner Kunden \u00fcbertreffen.<\/p>\n\t<div id=\"text-2173112214\" class=\"text\">\n\t\t\n\n<blockquote>\n<h3><em>&#8222;Blumen sind die Stars des Tages&#8220;<\/em><\/h3>\n<\/blockquote>\n\t\t\n<style>\n#text-2173112214 {\n  text-align: center;\n}\n<\/style>\n\t<\/div>\n\t\n<div class=\"row\"  id=\"row-1641013949\">\n\n\n\t<div id=\"col-1136899443\" class=\"col medium-6 small-12 large-6\"  >\n\t\t\t\t<div class=\"col-inner\"  >\n\t\t\t\n\t\t\t\n\n<p>Blumen sind ein Zeichen der Wertsch\u00e4tzung, des Trostes, der Liebe, der Freude und der unverf\u00e4lschten Sch\u00f6nheit.<\/p>\n<p>In meinem Atelier finden Sie individuelle und einzigartige Blumenkreationen f\u00fcr alle Gelegenheiten. Wir sp\u00fcren, was der Kunde will, beraten individuell und liefern selbstverst\u00e4ndlich professionelle Floristik auf h\u00f6chstem Niveau.<\/p>\n<p>Jahreshighlights wie Advent, Weihnachten, Valentinstag, Muttertag oder Allerheiligen etc. sind fester Bestandteil unseres Portfolios. Wenn eine neue Saison anbricht und Sie Ideen &amp; Hilfe bei der Dekoration Ihres geliebten Raumes brauchen \u2013 sind Sie im Atelier Cr\u00e9atif Petra gut beraten.<\/p>\n<p>Ihr Zuhause ist nicht die Grenze; ob Hochzeit, Feier oder Firmenevent, ich freue mich auf&nbsp; setzen Ihre floralen W\u00fcnsche professionell um. Dar\u00fcber hinaus biete ich Blumenworkshops an, die in ihrem Genre einzigartig sind. Unter fachkundiger Anleitung und in entspannter Atmosph\u00e4re kreieren Sie wie von Zauberhand Ihr eigenes florales Kunstwerk.<\/p>\n<p>Jeder ist willkommen!<\/p>\n\n\n\t\t<\/div>\n\t\t\t\t\t<\/div>\n\n\t\n\n\t<div id=\"col-1767801828\" class=\"col medium-6 small-12 large-6\"  >\n\t\t\t\t<div class=\"col-inner\"  >\n\t\t\t\n\t\t\t\n\n\t<div class=\"img has-hover x md-x lg-x y md-y lg-y\" id=\"image_1637951254\">\n\t\t\t\t\t\t\t\t<div class=\"img-inner dark\" >\n\t\t\t<img loading=\"lazy\" decoding=\"async\" width=\"600\" height=\"800\" src=\"https:\/\/www.ateliercreatif.eu\/wp-content\/uploads\/2021\/08\/Petra-Portrait-web-600x800.jpg\" class=\"attachment-large size-large\" alt=\"\" srcset=\"https:\/\/www.ateliercreatif.eu\/wp-content\/uploads\/2021\/08\/Petra-Portrait-web-600x800.jpg 600w, https:\/\/www.ateliercreatif.eu\/wp-content\/uploads\/2021\/08\/Petra-Portrait-web-300x400.jpg 300w, https:\/\/www.ateliercreatif.eu\/wp-content\/uploads\/2021\/08\/Petra-Portrait-web-768x1024.jpg 768w, https:\/\/www.ateliercreatif.eu\/wp-content\/uploads\/2021\/08\/Petra-Portrait-web-510x680.jpg 510w, https:\/\/www.ateliercreatif.eu\/wp-content\/uploads\/2021\/08\/Petra-Portrait-web.jpg 1000w\" sizes=\"auto, (max-width: 600px) 100vw, 600px\" \/>\t\t\t\t\t\t\n\t\t\t\t\t<\/div>\n\t\t\t\t\t\t\t\t\n<style>\n#image_1637951254 {\n  width: 100%;\n}\n<\/style>\n\t<\/div>\n\t\n\n\n\t\t<\/div>\n\t\t\t\t\t<\/div>\n\n\t\n\n<\/div>\n\n\t\t<\/div>\n\t\t\t\t\n<style>\n#col-1384919428 > .col-inner {\n  padding: 0px 0px 0px 0px;\n}\n<\/style>\n\t<\/div>\n\n\t\n\n<\/div>\n\n","protected":false},"excerpt":{"rendered":"","protected":false},"author":3,"featured_media":1173,"parent":0,"menu_order":0,"comment_status":"closed","ping_status":"closed","template":"page-blank.php","meta":{"footnotes":""},"class_list":["post-1777","page","type-page","status-publish","has-post-thumbnail","hentry"],"_links":{"self":[{"href":"https:\/\/www.ateliercreatif.eu\/de\/wp-json\/wp\/v2\/pages\/1777","targetHints":{"allow":["GET"]}}],"collection":[{"href":"https:\/\/www.ateliercreatif.eu\/de\/wp-json\/wp\/v2\/pages"}],"about":[{"href":"https:\/\/www.ateliercreatif.eu\/de\/wp-json\/wp\/v2\/types\/page"}],"author":[{"embeddable":true,"href":"https:\/\/www.ateliercreatif.eu\/de\/wp-json\/wp\/v2\/users\/3"}],"replies":[{"embeddable":true,"href":"https:\/\/www.ateliercreatif.eu\/de\/wp-json\/wp\/v2\/comments?post=1777"}],"version-history":[{"count":2,"href":"https:\/\/www.ateliercreatif.eu\/de\/wp-json\/wp\/v2\/pages\/1777\/revisions"}],"predecessor-version":[{"id":2262,"href":"https:\/\/www.ateliercreatif.eu\/de\/wp-json\/wp\/v2\/pages\/1777\/revisions\/2262"}],"wp:featuredmedia":[{"embeddable":true,"href":"https:\/\/www.ateliercreatif.eu\/de\/wp-json\/wp\/v2\/media\/1173"}],"wp:attachment":[{"href":"https:\/\/www.ateliercreatif.eu\/de\/wp-json\/wp\/v2\/media?parent=1777"}],"curies":[{"name":"wp","href":"https:\/\/api.w.org\/{rel}","templated":true}]}}