{"id":1772,"date":"2021-08-17T21:32:07","date_gmt":"2021-08-17T19:32:07","guid":{"rendered":"https:\/\/www.ateliercreatif.eu\/saisonuebersicht\/"},"modified":"2022-01-06T22:08:12","modified_gmt":"2022-01-06T21:08:12","slug":"saisonuebersicht","status":"publish","type":"page","link":"https:\/\/www.ateliercreatif.eu\/de\/saisonuebersicht\/","title":{"rendered":"Saison\u00fcbersicht"},"content":{"rendered":"\n<div class=\"row\" style=\"max-width:1200px\" id=\"row-151398736\">\n\n\n\t<div id=\"col-1845576095\" class=\"col small-12 large-12\"  >\n\t\t\t\t<div class=\"col-inner\"  >\n\t\t\t\n\t\t\t\n\n\t<div class=\"img has-hover x md-x lg-x y md-y lg-y\" id=\"image_1564090710\">\n\t\t\t\t\t\t\t\t<div class=\"img-inner dark\" >\n\t\t\t<img loading=\"lazy\" decoding=\"async\" width=\"1020\" height=\"425\" src=\"https:\/\/www.ateliercreatif.eu\/wp-content\/uploads\/2021\/08\/page-3-1400x583.jpg\" class=\"attachment-large size-large\" alt=\"\" srcset=\"https:\/\/www.ateliercreatif.eu\/wp-content\/uploads\/2021\/08\/page-3-1400x583.jpg 1400w, https:\/\/www.ateliercreatif.eu\/wp-content\/uploads\/2021\/08\/page-3-2000x833.jpg 2000w, https:\/\/www.ateliercreatif.eu\/wp-content\/uploads\/2021\/08\/page-3-800x333.jpg 800w, https:\/\/www.ateliercreatif.eu\/wp-content\/uploads\/2021\/08\/page-3-768x320.jpg 768w, https:\/\/www.ateliercreatif.eu\/wp-content\/uploads\/2021\/08\/page-3-1536x640.jpg 1536w, https:\/\/www.ateliercreatif.eu\/wp-content\/uploads\/2021\/08\/page-3-2048x853.jpg 2048w\" sizes=\"auto, (max-width: 1020px) 100vw, 1020px\" \/>\t\t\t\t\t\t\n\t\t\t\t\t<\/div>\n\t\t\t\t\t\t\t\t\n<style>\n#image_1564090710 {\n  width: 100%;\n}\n<\/style>\n\t<\/div>\n\t\n\n\n\t\t<\/div>\n\t\t\t\t\t<\/div>\n\n\t\n\n<\/div>\n<div class=\"row\" style=\"max-width:1080px\" id=\"row-1928070027\">\n\n\n\t<div id=\"col-1932140515\" class=\"col small-12 large-12\"  >\n\t\t\t\t<div class=\"col-inner\"  >\n\t\t\t\n\t\t\t\n\n<div class=\"container section-title-container\" ><h1 class=\"section-title section-title-center\"><b aria-hidden=\"true\"><\/b><span class=\"section-title-main\" style=\"font-size:150%;\">Saison\u00fcbersicht<\/span><b aria-hidden=\"true\"><\/b><\/h1><\/div>\n\n<p>Jedes Jahr beginnt ein neuer Zyklus. Die Natur wird lebendig, bl\u00fcht und w\u00e4chst, bis sie langsam verblasst und ihren Lebenszyklus vollendet. <\/p>\n<p>Das gleiche k\u00f6nnte auf uns Menschen zutreffen, da wir im Laufe der Jahre &amp; Jahreszeiten neue Zyklen beginnen voller Erwartungen, Hoffnungen, Freunde, Pl\u00e4ne &amp; Freude, aber auch Entt\u00e4uschungen, Trauer, Verlust und Wiederaufbau. F\u00fcr jeden Anlass sind Blumen emotionale Begleiter in allen Lebensphasen.<\/p>\n<p>Ein pr\u00e4chtiger, festlicher Adventskranz erleuchtet die Weihnachtszeit, an Silvester knallen die Korken, am Valentinstag ist Amor dabei. Am Muttertag l\u00e4sst ein Blumenstrau\u00df das Herz h\u00f6her schlagen. Jeder w\u00fcnscht sich einmal im Jahr etwas Aufmerksamkeit an seinem Geburtstag.<br>Im Fr\u00fchling und Sommer locken die Balkone und G\u00e4rten mit Blumenreichtum. Hochzeiten werden gefeiert, Kinder getauft. Der Kreislauf des Lebens beginnt und endet&#8230;<br>Die Zeit vergeht schnell, deshalb ist es wichtig, jeden Moment zu etwas Besonderem zu machen. Heben Sie jeden Anlass mit floralen Kreationen von Atelier Cr\u00e9atif Petra hervor.<\/p>\n<div class=\"container section-title-container\" ><h3 class=\"section-title section-title-normal\"><b aria-hidden=\"true\"><\/b><span class=\"section-title-main\" >\u00dcberblick \u00fcber die wichtigsten Blumensaisons<\/span><b aria-hidden=\"true\"><\/b><\/h3><\/div>\n\n<div class=\"row row-full-width align-equal align-center row-box-shadow-3 row-box-shadow-5-hover\"  id=\"row-959909443\">\n\n\n\t<div id=\"col-1177655952\" class=\"col medium-3 small-12 large-3\"  >\n\t\t\t\t<div class=\"col-inner\"  >\n\t\t\t\n\t\t\t\n\n\t<div class=\"box has-hover   has-hover box-text-bottom\" >\n\n\t\t<div class=\"box-image\" >\n\t\t\t\t\t\t<div class=\"image-cover\" style=\"padding-top:100%;\">\n\t\t\t\t<img loading=\"lazy\" decoding=\"async\" width=\"1500\" height=\"1500\" src=\"https:\/\/www.ateliercreatif.eu\/wp-content\/uploads\/2021\/08\/Season-1.jpg\" class=\"attachment- size-\" alt=\"\" srcset=\"https:\/\/www.ateliercreatif.eu\/wp-content\/uploads\/2021\/08\/Season-1.jpg 1500w, https:\/\/www.ateliercreatif.eu\/wp-content\/uploads\/2021\/08\/Season-1-1080x1080.jpg 1080w, https:\/\/www.ateliercreatif.eu\/wp-content\/uploads\/2021\/08\/Season-1-100x100.jpg 100w, https:\/\/www.ateliercreatif.eu\/wp-content\/uploads\/2021\/08\/Season-1-400x400.jpg 400w, https:\/\/www.ateliercreatif.eu\/wp-content\/uploads\/2021\/08\/Season-1-800x800.jpg 800w, https:\/\/www.ateliercreatif.eu\/wp-content\/uploads\/2021\/08\/Season-1-280x280.jpg 280w, https:\/\/www.ateliercreatif.eu\/wp-content\/uploads\/2021\/08\/Season-1-768x768.jpg 768w, https:\/\/www.ateliercreatif.eu\/wp-content\/uploads\/2021\/08\/Season-1-510x510.jpg 510w\" sizes=\"auto, (max-width: 1500px) 100vw, 1500px\" \/>\t\t\t\t\t\t\t\t\t\t\t<\/div>\n\t\t\t\t\t<\/div>\n\n\t\t<div class=\"box-text text-center\" >\n\t\t\t<div class=\"box-text-inner\">\n\t\t\t\t\n\n<h4>Valentinstag<\/h4><p>Rosen in Rot &amp; Herzen<\/p>\n\n\t\t\t<\/div>\n\t\t<\/div>\n\t<\/div>\n\t\n\n\t\t<\/div>\n\t\t\t\t\t<\/div>\n\n\t\n\n\t<div id=\"col-524840798\" class=\"col medium-3 small-12 large-3\"  >\n\t\t\t\t<div class=\"col-inner\"  >\n\t\t\t\n\t\t\t\n\n\t<div class=\"box has-hover   has-hover box-text-bottom\" >\n\n\t\t<div class=\"box-image\" >\n\t\t\t\t\t\t<div class=\"image-cover\" style=\"padding-top:100%;\">\n\t\t\t\t<img loading=\"lazy\" decoding=\"async\" width=\"1500\" height=\"1500\" src=\"https:\/\/www.ateliercreatif.eu\/wp-content\/uploads\/2021\/08\/Season-2.jpg\" class=\"attachment- size-\" alt=\"\" srcset=\"https:\/\/www.ateliercreatif.eu\/wp-content\/uploads\/2021\/08\/Season-2.jpg 1500w, https:\/\/www.ateliercreatif.eu\/wp-content\/uploads\/2021\/08\/Season-2-1080x1080.jpg 1080w, https:\/\/www.ateliercreatif.eu\/wp-content\/uploads\/2021\/08\/Season-2-100x100.jpg 100w, https:\/\/www.ateliercreatif.eu\/wp-content\/uploads\/2021\/08\/Season-2-400x400.jpg 400w, https:\/\/www.ateliercreatif.eu\/wp-content\/uploads\/2021\/08\/Season-2-800x800.jpg 800w, https:\/\/www.ateliercreatif.eu\/wp-content\/uploads\/2021\/08\/Season-2-280x280.jpg 280w, https:\/\/www.ateliercreatif.eu\/wp-content\/uploads\/2021\/08\/Season-2-768x768.jpg 768w, https:\/\/www.ateliercreatif.eu\/wp-content\/uploads\/2021\/08\/Season-2-510x510.jpg 510w\" sizes=\"auto, (max-width: 1500px) 100vw, 1500px\" \/>\t\t\t\t\t\t\t\t\t\t\t<\/div>\n\t\t\t\t\t<\/div>\n\n\t\t<div class=\"box-text text-center\" >\n\t\t\t<div class=\"box-text-inner\">\n\t\t\t\t\n\n<h4>Fr\u00fchling<\/h4><p>Tulpen, erste Bl\u00fcten, zarte Bl\u00e4tter<\/p>\n\n\t\t\t<\/div>\n\t\t<\/div>\n\t<\/div>\n\t\n\n\t\t<\/div>\n\t\t\t\t\t<\/div>\n\n\t\n\n\t<div id=\"col-20933716\" class=\"col medium-3 small-12 large-3\"  >\n\t\t\t\t<div class=\"col-inner\"  >\n\t\t\t\n\t\t\t\n\n\t<div class=\"box has-hover   has-hover box-text-bottom\" >\n\n\t\t<div class=\"box-image\" >\n\t\t\t\t\t\t<div class=\"image-cover\" style=\"padding-top:100%;\">\n\t\t\t\t<img loading=\"lazy\" decoding=\"async\" width=\"1500\" height=\"1500\" src=\"https:\/\/www.ateliercreatif.eu\/wp-content\/uploads\/2021\/08\/Season-3.jpg\" class=\"attachment- size-\" alt=\"\" srcset=\"https:\/\/www.ateliercreatif.eu\/wp-content\/uploads\/2021\/08\/Season-3.jpg 1500w, https:\/\/www.ateliercreatif.eu\/wp-content\/uploads\/2021\/08\/Season-3-1080x1080.jpg 1080w, https:\/\/www.ateliercreatif.eu\/wp-content\/uploads\/2021\/08\/Season-3-100x100.jpg 100w, https:\/\/www.ateliercreatif.eu\/wp-content\/uploads\/2021\/08\/Season-3-400x400.jpg 400w, https:\/\/www.ateliercreatif.eu\/wp-content\/uploads\/2021\/08\/Season-3-800x800.jpg 800w, https:\/\/www.ateliercreatif.eu\/wp-content\/uploads\/2021\/08\/Season-3-280x280.jpg 280w, https:\/\/www.ateliercreatif.eu\/wp-content\/uploads\/2021\/08\/Season-3-768x768.jpg 768w, https:\/\/www.ateliercreatif.eu\/wp-content\/uploads\/2021\/08\/Season-3-510x510.jpg 510w\" sizes=\"auto, (max-width: 1500px) 100vw, 1500px\" \/>\t\t\t\t\t\t\t\t\t\t\t<\/div>\n\t\t\t\t\t<\/div>\n\n\t\t<div class=\"box-text text-center\" >\n\t\t\t<div class=\"box-text-inner\">\n\t\t\t\t\n\n<h4>Ostern<\/h4><p>Osterhasen, Federn &amp; Eier<\/p>\n\n\t\t\t<\/div>\n\t\t<\/div>\n\t<\/div>\n\t\n\n\t\t<\/div>\n\t\t\t\t\t<\/div>\n\n\t\n\n\t<div id=\"col-1726997643\" class=\"col medium-3 small-12 large-3\"  >\n\t\t\t\t<div class=\"col-inner\"  >\n\t\t\t\n\t\t\t\n\n\t<div class=\"box has-hover   has-hover box-text-bottom\" >\n\n\t\t<div class=\"box-image\" >\n\t\t\t\t\t\t<div class=\"image-cover\" style=\"padding-top:100%;\">\n\t\t\t\t<img loading=\"lazy\" decoding=\"async\" width=\"1500\" height=\"1500\" src=\"https:\/\/www.ateliercreatif.eu\/wp-content\/uploads\/2021\/08\/Season-4.jpg\" class=\"attachment- size-\" alt=\"\" srcset=\"https:\/\/www.ateliercreatif.eu\/wp-content\/uploads\/2021\/08\/Season-4.jpg 1500w, https:\/\/www.ateliercreatif.eu\/wp-content\/uploads\/2021\/08\/Season-4-1080x1080.jpg 1080w, https:\/\/www.ateliercreatif.eu\/wp-content\/uploads\/2021\/08\/Season-4-100x100.jpg 100w, https:\/\/www.ateliercreatif.eu\/wp-content\/uploads\/2021\/08\/Season-4-400x400.jpg 400w, https:\/\/www.ateliercreatif.eu\/wp-content\/uploads\/2021\/08\/Season-4-800x800.jpg 800w, https:\/\/www.ateliercreatif.eu\/wp-content\/uploads\/2021\/08\/Season-4-280x280.jpg 280w, https:\/\/www.ateliercreatif.eu\/wp-content\/uploads\/2021\/08\/Season-4-768x768.jpg 768w, https:\/\/www.ateliercreatif.eu\/wp-content\/uploads\/2021\/08\/Season-4-510x510.jpg 510w\" sizes=\"auto, (max-width: 1500px) 100vw, 1500px\" \/>\t\t\t\t\t\t\t\t\t\t\t<\/div>\n\t\t\t\t\t<\/div>\n\n\t\t<div class=\"box-text text-center\" >\n\t\t\t<div class=\"box-text-inner\">\n\t\t\t\t\n\n<h4>Frauen- &amp; Muttertag<\/h4><p>Ein bl\u00fchendes Dankesgeschenk<\/p>\n\n\t\t\t<\/div>\n\t\t<\/div>\n\t<\/div>\n\t\n\n\t\t<\/div>\n\t\t\t\t\t<\/div>\n\n\t\n\n\t<div id=\"col-89010841\" class=\"col medium-3 small-12 large-3\"  >\n\t\t\t\t<div class=\"col-inner\"  >\n\t\t\t\n\t\t\t\n\n\t<div class=\"box has-hover   has-hover box-text-bottom\" >\n\n\t\t<div class=\"box-image\" >\n\t\t\t\t\t\t<div class=\"image-cover\" style=\"padding-top:100%;\">\n\t\t\t\t<img loading=\"lazy\" decoding=\"async\" width=\"1500\" height=\"1500\" src=\"https:\/\/www.ateliercreatif.eu\/wp-content\/uploads\/2021\/08\/Season-5.jpg\" class=\"attachment- size-\" alt=\"\" srcset=\"https:\/\/www.ateliercreatif.eu\/wp-content\/uploads\/2021\/08\/Season-5.jpg 1500w, https:\/\/www.ateliercreatif.eu\/wp-content\/uploads\/2021\/08\/Season-5-1080x1080.jpg 1080w, https:\/\/www.ateliercreatif.eu\/wp-content\/uploads\/2021\/08\/Season-5-100x100.jpg 100w, https:\/\/www.ateliercreatif.eu\/wp-content\/uploads\/2021\/08\/Season-5-400x400.jpg 400w, https:\/\/www.ateliercreatif.eu\/wp-content\/uploads\/2021\/08\/Season-5-800x800.jpg 800w, https:\/\/www.ateliercreatif.eu\/wp-content\/uploads\/2021\/08\/Season-5-280x280.jpg 280w, https:\/\/www.ateliercreatif.eu\/wp-content\/uploads\/2021\/08\/Season-5-768x768.jpg 768w, https:\/\/www.ateliercreatif.eu\/wp-content\/uploads\/2021\/08\/Season-5-510x510.jpg 510w\" sizes=\"auto, (max-width: 1500px) 100vw, 1500px\" \/>\t\t\t\t\t\t\t\t\t\t\t<\/div>\n\t\t\t\t\t<\/div>\n\n\t\t<div class=\"box-text text-center\" >\n\t\t\t<div class=\"box-text-inner\">\n\t\t\t\t\n\n<h4>Sommer<\/h4><p>Leicht &amp; bereit f\u00fcr den Urlaub<\/p>\n\n\t\t\t<\/div>\n\t\t<\/div>\n\t<\/div>\n\t\n\n\t\t<\/div>\n\t\t\t\t\t<\/div>\n\n\t\n\n\t<div id=\"col-1360096037\" class=\"col medium-3 small-12 large-3\"  >\n\t\t\t\t<div class=\"col-inner\"  >\n\t\t\t\n\t\t\t\n\n\t<div class=\"box has-hover   has-hover box-text-bottom\" >\n\n\t\t<div class=\"box-image\" >\n\t\t\t\t\t\t<div class=\"image-cover\" style=\"padding-top:100%;\">\n\t\t\t\t<img loading=\"lazy\" decoding=\"async\" width=\"1500\" height=\"1500\" src=\"https:\/\/www.ateliercreatif.eu\/wp-content\/uploads\/2021\/08\/Season-6.jpg\" class=\"attachment- size-\" alt=\"\" srcset=\"https:\/\/www.ateliercreatif.eu\/wp-content\/uploads\/2021\/08\/Season-6.jpg 1500w, https:\/\/www.ateliercreatif.eu\/wp-content\/uploads\/2021\/08\/Season-6-1080x1080.jpg 1080w, https:\/\/www.ateliercreatif.eu\/wp-content\/uploads\/2021\/08\/Season-6-100x100.jpg 100w, https:\/\/www.ateliercreatif.eu\/wp-content\/uploads\/2021\/08\/Season-6-400x400.jpg 400w, https:\/\/www.ateliercreatif.eu\/wp-content\/uploads\/2021\/08\/Season-6-800x800.jpg 800w, https:\/\/www.ateliercreatif.eu\/wp-content\/uploads\/2021\/08\/Season-6-280x280.jpg 280w, https:\/\/www.ateliercreatif.eu\/wp-content\/uploads\/2021\/08\/Season-6-768x768.jpg 768w, https:\/\/www.ateliercreatif.eu\/wp-content\/uploads\/2021\/08\/Season-6-510x510.jpg 510w\" sizes=\"auto, (max-width: 1500px) 100vw, 1500px\" \/>\t\t\t\t\t\t\t\t\t\t\t<\/div>\n\t\t\t\t\t<\/div>\n\n\t\t<div class=\"box-text text-center\" >\n\t\t\t<div class=\"box-text-inner\">\n\t\t\t\t\n\n<h4>Herbst<\/h4><p>Ges\u00e4ttigte Farben, Beeren &amp; letzte Bl\u00fcten<\/p>\n\n\t\t\t<\/div>\n\t\t<\/div>\n\t<\/div>\n\t\n\n\t\t<\/div>\n\t\t\t\t\t<\/div>\n\n\t\n\n\t<div id=\"col-1655561621\" class=\"col medium-3 small-12 large-3\"  >\n\t\t\t\t<div class=\"col-inner\"  >\n\t\t\t\n\t\t\t\n\n\t<div class=\"box has-hover   has-hover box-text-bottom\" >\n\n\t\t<div class=\"box-image\" >\n\t\t\t\t\t\t<div class=\"image-cover\" style=\"padding-top:100%;\">\n\t\t\t\t<img loading=\"lazy\" decoding=\"async\" width=\"1500\" height=\"1500\" src=\"https:\/\/www.ateliercreatif.eu\/wp-content\/uploads\/2021\/08\/Season-7.jpg\" class=\"attachment- size-\" alt=\"\" srcset=\"https:\/\/www.ateliercreatif.eu\/wp-content\/uploads\/2021\/08\/Season-7.jpg 1500w, https:\/\/www.ateliercreatif.eu\/wp-content\/uploads\/2021\/08\/Season-7-1080x1080.jpg 1080w, https:\/\/www.ateliercreatif.eu\/wp-content\/uploads\/2021\/08\/Season-7-100x100.jpg 100w, https:\/\/www.ateliercreatif.eu\/wp-content\/uploads\/2021\/08\/Season-7-400x400.jpg 400w, https:\/\/www.ateliercreatif.eu\/wp-content\/uploads\/2021\/08\/Season-7-800x800.jpg 800w, https:\/\/www.ateliercreatif.eu\/wp-content\/uploads\/2021\/08\/Season-7-280x280.jpg 280w, https:\/\/www.ateliercreatif.eu\/wp-content\/uploads\/2021\/08\/Season-7-768x768.jpg 768w, https:\/\/www.ateliercreatif.eu\/wp-content\/uploads\/2021\/08\/Season-7-510x510.jpg 510w\" sizes=\"auto, (max-width: 1500px) 100vw, 1500px\" \/>\t\t\t\t\t\t\t\t\t\t\t<\/div>\n\t\t\t\t\t<\/div>\n\n\t\t<div class=\"box-text text-center\" >\n\t\t\t<div class=\"box-text-inner\">\n\t\t\t\t\n\n<h4>Allerheiligen<\/h4><p>Eine liebevolle Erinnerung f\u00fcr unsere N\u00e4chsten<\/p>\n\n\t\t\t<\/div>\n\t\t<\/div>\n\t<\/div>\n\t\n\n\t\t<\/div>\n\t\t\t\t\t<\/div>\n\n\t\n\n\t<div id=\"col-958416348\" class=\"col medium-3 small-12 large-3\"  >\n\t\t\t\t<div class=\"col-inner\"  >\n\t\t\t\n\t\t\t\n\n\t<div class=\"box has-hover   has-hover box-text-bottom\" >\n\n\t\t<div class=\"box-image\" >\n\t\t\t\t\t\t<div class=\"image-cover\" style=\"padding-top:100%;\">\n\t\t\t\t<img loading=\"lazy\" decoding=\"async\" width=\"1500\" height=\"1500\" src=\"https:\/\/www.ateliercreatif.eu\/wp-content\/uploads\/2021\/08\/Season-8.jpg\" class=\"attachment- size-\" alt=\"\" srcset=\"https:\/\/www.ateliercreatif.eu\/wp-content\/uploads\/2021\/08\/Season-8.jpg 1500w, https:\/\/www.ateliercreatif.eu\/wp-content\/uploads\/2021\/08\/Season-8-1080x1080.jpg 1080w, https:\/\/www.ateliercreatif.eu\/wp-content\/uploads\/2021\/08\/Season-8-100x100.jpg 100w, https:\/\/www.ateliercreatif.eu\/wp-content\/uploads\/2021\/08\/Season-8-400x400.jpg 400w, https:\/\/www.ateliercreatif.eu\/wp-content\/uploads\/2021\/08\/Season-8-800x800.jpg 800w, https:\/\/www.ateliercreatif.eu\/wp-content\/uploads\/2021\/08\/Season-8-280x280.jpg 280w, https:\/\/www.ateliercreatif.eu\/wp-content\/uploads\/2021\/08\/Season-8-768x768.jpg 768w, https:\/\/www.ateliercreatif.eu\/wp-content\/uploads\/2021\/08\/Season-8-510x510.jpg 510w\" sizes=\"auto, (max-width: 1500px) 100vw, 1500px\" \/>\t\t\t\t\t\t\t\t\t\t\t<\/div>\n\t\t\t\t\t<\/div>\n\n\t\t<div class=\"box-text text-center\" >\n\t\t\t<div class=\"box-text-inner\">\n\t\t\t\t\n\n<h4>Advent<\/h4><p>Kerzen, Kiefern &amp; Weihnachtskugeln<\/p>\n\n\t\t\t<\/div>\n\t\t<\/div>\n\t<\/div>\n\t\n\n\t\t<\/div>\n\t\t\t\t\t<\/div>\n\n\t\n\n\t<div id=\"col-989231340\" class=\"col medium-3 small-12 large-3\"  >\n\t\t\t\t<div class=\"col-inner\"  >\n\t\t\t\n\t\t\t\n\n\t<div class=\"box has-hover   has-hover box-text-bottom\" >\n\n\t\t<div class=\"box-image\" >\n\t\t\t\t\t\t<div class=\"image-cover\" style=\"padding-top:100%;\">\n\t\t\t\t<img loading=\"lazy\" decoding=\"async\" width=\"1500\" height=\"1500\" src=\"https:\/\/www.ateliercreatif.eu\/wp-content\/uploads\/2021\/08\/Season-9.jpg\" class=\"attachment- size-\" alt=\"\" srcset=\"https:\/\/www.ateliercreatif.eu\/wp-content\/uploads\/2021\/08\/Season-9.jpg 1500w, https:\/\/www.ateliercreatif.eu\/wp-content\/uploads\/2021\/08\/Season-9-1080x1080.jpg 1080w, https:\/\/www.ateliercreatif.eu\/wp-content\/uploads\/2021\/08\/Season-9-100x100.jpg 100w, https:\/\/www.ateliercreatif.eu\/wp-content\/uploads\/2021\/08\/Season-9-400x400.jpg 400w, https:\/\/www.ateliercreatif.eu\/wp-content\/uploads\/2021\/08\/Season-9-800x800.jpg 800w, https:\/\/www.ateliercreatif.eu\/wp-content\/uploads\/2021\/08\/Season-9-280x280.jpg 280w, https:\/\/www.ateliercreatif.eu\/wp-content\/uploads\/2021\/08\/Season-9-768x768.jpg 768w, https:\/\/www.ateliercreatif.eu\/wp-content\/uploads\/2021\/08\/Season-9-510x510.jpg 510w\" sizes=\"auto, (max-width: 1500px) 100vw, 1500px\" \/>\t\t\t\t\t\t\t\t\t\t\t<\/div>\n\t\t\t\t\t<\/div>\n\n\t\t<div class=\"box-text text-center\" >\n\t\t\t<div class=\"box-text-inner\">\n\t\t\t\t\n\n<h4>Weihnachten<\/h4><p>Eine festliche Dekoration<\/p>\n\n\t\t\t<\/div>\n\t\t<\/div>\n\t<\/div>\n\t\n\n\t\t<\/div>\n\t\t\t\t\t<\/div>\n\n\t\n\n\t<div id=\"col-1002068782\" class=\"col medium-3 small-12 large-3\"  >\n\t\t\t\t<div class=\"col-inner\"  >\n\t\t\t\n\t\t\t\n\n\t<div class=\"box has-hover   has-hover box-text-bottom\" >\n\n\t\t<div class=\"box-image\" >\n\t\t\t\t\t\t<div class=\"image-cover\" style=\"padding-top:100%;\">\n\t\t\t\t<img loading=\"lazy\" decoding=\"async\" width=\"1500\" height=\"1500\" src=\"https:\/\/www.ateliercreatif.eu\/wp-content\/uploads\/2021\/08\/Season-10.jpg\" class=\"attachment- size-\" alt=\"\" srcset=\"https:\/\/www.ateliercreatif.eu\/wp-content\/uploads\/2021\/08\/Season-10.jpg 1500w, https:\/\/www.ateliercreatif.eu\/wp-content\/uploads\/2021\/08\/Season-10-1080x1080.jpg 1080w, https:\/\/www.ateliercreatif.eu\/wp-content\/uploads\/2021\/08\/Season-10-100x100.jpg 100w, https:\/\/www.ateliercreatif.eu\/wp-content\/uploads\/2021\/08\/Season-10-400x400.jpg 400w, https:\/\/www.ateliercreatif.eu\/wp-content\/uploads\/2021\/08\/Season-10-800x800.jpg 800w, https:\/\/www.ateliercreatif.eu\/wp-content\/uploads\/2021\/08\/Season-10-280x280.jpg 280w, https:\/\/www.ateliercreatif.eu\/wp-content\/uploads\/2021\/08\/Season-10-768x768.jpg 768w, https:\/\/www.ateliercreatif.eu\/wp-content\/uploads\/2021\/08\/Season-10-510x510.jpg 510w\" sizes=\"auto, (max-width: 1500px) 100vw, 1500px\" \/>\t\t\t\t\t\t\t\t\t\t\t<\/div>\n\t\t\t\t\t<\/div>\n\n\t\t<div class=\"box-text text-center\" >\n\t\t\t<div class=\"box-text-inner\">\n\t\t\t\t\n\n<h4>Neujahrs<\/h4><p>Gl\u00fccksbringer &amp; Glitzer<\/p>\n\n\t\t\t<\/div>\n\t\t<\/div>\n\t<\/div>\n\t\n\n\t\t<\/div>\n\t\t\t\t\t<\/div>\n\n\t\n\n<\/div>\n\n\t\t<\/div>\n\t\t\t\t\t<\/div>\n\n\t\n\n<\/div>\n\n","protected":false},"excerpt":{"rendered":"","protected":false},"author":3,"featured_media":0,"parent":0,"menu_order":0,"comment_status":"closed","ping_status":"closed","template":"page-blank.php","meta":{"footnotes":""},"class_list":["post-1772","page","type-page","status-publish","hentry"],"_links":{"self":[{"href":"https:\/\/www.ateliercreatif.eu\/de\/wp-json\/wp\/v2\/pages\/1772","targetHints":{"allow":["GET"]}}],"collection":[{"href":"https:\/\/www.ateliercreatif.eu\/de\/wp-json\/wp\/v2\/pages"}],"about":[{"href":"https:\/\/www.ateliercreatif.eu\/de\/wp-json\/wp\/v2\/types\/page"}],"author":[{"embeddable":true,"href":"https:\/\/www.ateliercreatif.eu\/de\/wp-json\/wp\/v2\/users\/3"}],"replies":[{"embeddable":true,"href":"https:\/\/www.ateliercreatif.eu\/de\/wp-json\/wp\/v2\/comments?post=1772"}],"version-history":[{"count":1,"href":"https:\/\/www.ateliercreatif.eu\/de\/wp-json\/wp\/v2\/pages\/1772\/revisions"}],"predecessor-version":[{"id":1775,"href":"https:\/\/www.ateliercreatif.eu\/de\/wp-json\/wp\/v2\/pages\/1772\/revisions\/1775"}],"wp:attachment":[{"href":"https:\/\/www.ateliercreatif.eu\/de\/wp-json\/wp\/v2\/media?parent=1772"}],"curies":[{"name":"wp","href":"https:\/\/api.w.org\/{rel}","templated":true}]}}