{"id":1768,"date":"2021-08-25T13:48:19","date_gmt":"2021-08-25T11:48:19","guid":{"rendered":"https:\/\/www.ateliercreatif.eu\/datenschutz-bestimmungen\/"},"modified":"2022-01-06T22:08:09","modified_gmt":"2022-01-06T21:08:09","slug":"datenschutz-bestimmungen","status":"publish","type":"page","link":"https:\/\/www.ateliercreatif.eu\/de\/datenschutz-bestimmungen\/","title":{"rendered":"Datenschutz-Bestimmungen"},"content":{"rendered":"\n<h1>Datenschutz-Bestimmungen<\/h1>\n<p>Diese Datenschutzrichtlinie beschreibt, wie Ihre personenbezogenen Daten gesammelt, verwendet und weitergegeben werden, wenn Sie www.ateliercreif.eu (die \u201eSite\u201c) besuchen oder einen Kauf t\u00e4tigen.<br><br><strong>Personenbezogene Daten, die wir sammeln<\/strong><br>Wenn Sie die Site besuchen, erfassen wir automatisch bestimmte Informationen \u00fcber Ihr Ger\u00e4t, einschlie\u00dflich Informationen \u00fcber Ihren Webbrowser, IP-Adresse, Zeitzone und einige der auf Ihrem Ger\u00e4t installierten Cookies. Dar\u00fcber hinaus erfassen wir beim Durchsuchen der Site Informationen \u00fcber die einzelnen Webseiten oder Produkte, die Sie anzeigen, welche Websites oder Suchbegriffe Sie auf die Site verwiesen haben, und Informationen dar\u00fcber, wie Sie mit der Site interagieren. Wir bezeichnen diese automatisch erfassten Informationen als \u201eGer\u00e4teinformationen\u201c.<br><br>Wir erfassen Ger\u00e4teinformationen mithilfe der folgenden Technologien:<br>\u2013 \u201eCookies\u201c sind Datendateien, die auf Ihrem Ger\u00e4t oder Computer abgelegt werden und h\u00e4ufig eine anonyme eindeutige Kennung enthalten. Weitere Informationen zu Cookies und zum Deaktivieren von Cookies finden Sie unter http:\/\/www.allaboutcookies.org.<br>\u2013 \u201eProtokolldateien\u201c verfolgen die auf der Site stattfindenden Aktionen und sammeln Daten, einschlie\u00dflich Ihrer IP-Adresse, Browsertyp, Internetdienstanbieter, Verweis-\/Ausgangsseiten und Datums-\/Zeitstempel.<br>\u2013 \u201eWeb Beacons\u201c, \u201eTags\u201c und \u201ePixel\u201c sind elektronische Dateien, die verwendet werden, um Informationen dar\u00fcber aufzuzeichnen, wie Sie auf der Site surfen.<br><br>Wenn Sie \u00fcber die Site einen Kauf t\u00e4tigen oder versuchen, einen Kauf zu t\u00e4tigen, erfassen wir au\u00dferdem bestimmte Informationen von Ihnen, einschlie\u00dflich Ihres Namens, Ihrer Rechnungsadresse, Lieferadresse, Zahlungsinformationen (einschlie\u00dflich Kreditkartennummern), E-Mail-Adresse und Telefonnummer. Wir bezeichnen diese Informationen als \u201eBestellinformationen\u201c.<br><br>Wenn wir in dieser Datenschutzrichtlinie von \u201epersonenbezogenen Daten\u201c sprechen, meinen wir sowohl Ger\u00e4teinformationen als auch Bestellinformationen.<br><br><strong>Wie verwenden wir Ihre personenbezogenen Daten?<\/strong><br>Wir verwenden die Bestellinformationen, die wir im Allgemeinen sammeln, um alle Bestellungen zu erf\u00fcllen, die \u00fcber die Website aufgegeben werden (einschlie\u00dflich der Verarbeitung Ihrer Zahlungsinformationen, der Versandabwicklung und der Bereitstellung von Rechnungen und\/oder Auftragsbest\u00e4tigungen). Dar\u00fcber hinaus verwenden wir diese Bestellinformationen, um:<br>&#8211; Mit dir kommunizieren;<br>\u2013 unsere Bestellungen auf potenzielle Risiken oder Betrug pr\u00fcfen; und<br>\u2013 Bereitstellung von Informationen oder Werbung in Bezug auf unsere Produkte oder Dienstleistungen im Einklang mit Ihren Pr\u00e4ferenzen, die Sie uns mitgeteilt haben.<br><br>Wir verwenden die von uns erfassten Ger\u00e4teinformationen, um uns zu helfen, auf potenzielle Risiken und Betrug zu pr\u00fcfen (insbesondere Ihre IP-Adresse) und allgemeiner, um unsere Website zu verbessern und zu optimieren (z. B. durch die Erstellung von Analysen dar\u00fcber, wie unsere Kunden surfen und mit der Website und um den Erfolg unserer Marketing- und Werbekampagnen zu beurteilen).<br><br><strong>Weitergabe Ihrer pers\u00f6nlichen Daten<\/strong><br>Wir geben Ihre personenbezogenen Daten an Dritte weiter, um uns bei der Nutzung Ihrer personenbezogenen Daten wie oben beschrieben zu helfen. Zum Beispiel verwenden wir Shopify, um unseren Online-Shop zu betreiben \u2013 Sie k\u00f6nnen hier mehr dar\u00fcber erfahren, wie Shopify Ihre personenbezogenen Daten verwendet: https:\/\/www.shopify.com\/legal\/privacy. Wir verwenden Google Analytics auch, um zu verstehen, wie unsere Kunden die Site nutzen \u2013 Sie k\u00f6nnen hier mehr dar\u00fcber erfahren, wie Google Ihre personenbezogenen Daten verwendet: https:\/\/www.google.com\/intl\/en\/policies\/privacy\/. Sie k\u00f6nnen sich auch hier von Google Analytics abmelden: https:\/\/tools.google.com\/dlpage\/gaoptout.<br><br>Schlie\u00dflich k\u00f6nnen wir Ihre personenbezogenen Daten auch weitergeben, um geltende Gesetze und Vorschriften einzuhalten, auf eine Vorladung, einen Durchsuchungsbefehl oder andere rechtm\u00e4\u00dfige Anfragen nach Informationen, die wir erhalten, zu reagieren oder um unsere Rechte anderweitig zu sch\u00fctzen.<br><br><strong>Verhaltensbezogene Werbung<\/strong><br>Wie oben beschrieben, verwenden wir Ihre personenbezogenen Daten, um Ihnen gezielte Werbung oder Marketingmitteilungen zukommen zu lassen, von denen wir glauben, dass sie f\u00fcr Sie von Interesse sein k\u00f6nnten. Weitere Informationen zur Funktionsweise zielgerichteter Werbung finden Sie auf der Bildungsseite der Network Advertising Initiative (\u201eNAI\u201c) unter http:\/\/www.networkadvertising.org\/understanding-online-advertising\/how-does-it-work.<br><br>Sie k\u00f6nnen sich von gezielter Werbung abmelden, indem Sie die folgenden Links verwenden:<br>\u2013 Facebook: https:\/\/www.facebook.com\/settings\/?tab=ads<br>\u2013 Google: https:\/\/www.google.com\/settings\/ads\/anonymous<br>\u2013 Bing: https:\/\/advertise.bingads.microsoft.com\/en-us\/resources\/policies\/personalized-ads<br><br>Dar\u00fcber hinaus k\u00f6nnen Sie sich von einigen dieser Dienste abmelden, indem Sie das Opt-out-Portal der Digital Advertising Alliance unter http:\/\/optout.aboutads.info\/ besuchen.<br><br><strong>Nicht verfolgen<\/strong><br>Bitte beachten Sie, dass wir die Datenerfassungs- und Nutzungspraktiken unserer Site nicht \u00e4ndern, wenn wir ein Do-Not-Track-Signal von Ihrem Browser sehen.<br><br><strong>Deine Rechte<\/strong><br>Wenn Sie in Europa ans\u00e4ssig sind, haben Sie das Recht, auf personenbezogene Daten, die wir \u00fcber Sie gespeichert haben, zuzugreifen und zu verlangen, dass Ihre personenbezogenen Daten korrigiert, aktualisiert oder gel\u00f6scht werden. Wenn Sie dieses Recht aus\u00fcben m\u00f6chten, kontaktieren Sie uns bitte \u00fcber die unten stehenden Kontaktdaten.<br><br>Wenn Sie in Europa ans\u00e4ssig sind, nehmen wir au\u00dferdem zur Kenntnis, dass wir Ihre Daten verarbeiten, um Vertr\u00e4ge zu erf\u00fcllen, die wir mit Ihnen haben (z. Bitte beachten Sie au\u00dferdem, dass Ihre Daten au\u00dferhalb Europas \u00fcbertragen werden, einschlie\u00dflich nach Kanada und in die Vereinigten Staaten.<br><br><strong>Vorratsdatenspeicherung<\/strong><br>Wenn Sie eine Bestellung \u00fcber die Website aufgeben, werden wir Ihre Bestellinformationen f\u00fcr unsere Aufzeichnungen aufbewahren, es sei denn und bis Sie uns auffordern, diese Informationen zu l\u00f6schen.<br><br><strong>\u00c4nderungen<\/strong><br>Wir k\u00f6nnen diese Datenschutzrichtlinie von Zeit zu Zeit aktualisieren, um beispielsweise \u00c4nderungen unserer Praktiken oder aus anderen betrieblichen, rechtlichen oder beh\u00f6rdlichen Gr\u00fcnden widerzuspiegeln.<br><br><strong>Kontaktiere uns<\/strong><br>F\u00fcr weitere Informationen zu unseren Datenschutzpraktiken, wenn Sie Fragen haben oder eine Beschwerde einreichen m\u00f6chten, kontaktieren Sie uns bitte per E-Mail unter petra@ateliercreif.eu oder per Brief unter Verwendung der unten angegebenen Kontaktdaten:<br><br>Atelier Cr\u00e9atif Petra SARL<\/p>\n<p>65a Rue De Leudelange<\/p>\n<p>L-8079 Bertrange<\/p>\n\n","protected":false},"excerpt":{"rendered":"","protected":false},"author":3,"featured_media":0,"parent":0,"menu_order":0,"comment_status":"closed","ping_status":"closed","template":"","meta":{"footnotes":""},"class_list":["post-1768","page","type-page","status-publish","hentry"],"_links":{"self":[{"href":"https:\/\/www.ateliercreatif.eu\/de\/wp-json\/wp\/v2\/pages\/1768","targetHints":{"allow":["GET"]}}],"collection":[{"href":"https:\/\/www.ateliercreatif.eu\/de\/wp-json\/wp\/v2\/pages"}],"about":[{"href":"https:\/\/www.ateliercreatif.eu\/de\/wp-json\/wp\/v2\/types\/page"}],"author":[{"embeddable":true,"href":"https:\/\/www.ateliercreatif.eu\/de\/wp-json\/wp\/v2\/users\/3"}],"replies":[{"embeddable":true,"href":"https:\/\/www.ateliercreatif.eu\/de\/wp-json\/wp\/v2\/comments?post=1768"}],"version-history":[{"count":1,"href":"https:\/\/www.ateliercreatif.eu\/de\/wp-json\/wp\/v2\/pages\/1768\/revisions"}],"predecessor-version":[{"id":1769,"href":"https:\/\/www.ateliercreatif.eu\/de\/wp-json\/wp\/v2\/pages\/1768\/revisions\/1769"}],"wp:attachment":[{"href":"https:\/\/www.ateliercreatif.eu\/de\/wp-json\/wp\/v2\/media?parent=1768"}],"curies":[{"name":"wp","href":"https:\/\/api.w.org\/{rel}","templated":true}]}}