{"id":1721,"date":"2021-08-17T21:31:19","date_gmt":"2021-08-17T19:31:19","guid":{"rendered":"https:\/\/www.ateliercreatif.eu\/veranstaltungsuebersicht\/"},"modified":"2023-06-21T16:03:31","modified_gmt":"2023-06-21T14:03:31","slug":"veranstaltungsuebersicht","status":"publish","type":"page","link":"https:\/\/www.ateliercreatif.eu\/de\/veranstaltungsuebersicht\/","title":{"rendered":"Veranstaltungs\u00fcbersicht"},"content":{"rendered":"\n<div class=\"row\" style=\"max-width:1200px\" id=\"row-1830949309\">\n\n\n\t<div id=\"col-185731491\" class=\"col small-12 large-12\"  >\n\t\t\t\t<div class=\"col-inner\"  >\n\t\t\t\n\t\t\t\n\n\t<div class=\"img has-hover x md-x lg-x y md-y lg-y\" id=\"image_1803993230\">\n\t\t\t\t\t\t\t\t<div class=\"img-inner dark\" >\n\t\t\t<img loading=\"lazy\" decoding=\"async\" width=\"1020\" height=\"425\" src=\"https:\/\/www.ateliercreatif.eu\/wp-content\/uploads\/2021\/08\/page-2-1400x583.jpg\" class=\"attachment-large size-large\" alt=\"\" srcset=\"https:\/\/www.ateliercreatif.eu\/wp-content\/uploads\/2021\/08\/page-2-1400x583.jpg 1400w, https:\/\/www.ateliercreatif.eu\/wp-content\/uploads\/2021\/08\/page-2-2000x833.jpg 2000w, https:\/\/www.ateliercreatif.eu\/wp-content\/uploads\/2021\/08\/page-2-800x333.jpg 800w, https:\/\/www.ateliercreatif.eu\/wp-content\/uploads\/2021\/08\/page-2-768x320.jpg 768w, https:\/\/www.ateliercreatif.eu\/wp-content\/uploads\/2021\/08\/page-2-1536x640.jpg 1536w, https:\/\/www.ateliercreatif.eu\/wp-content\/uploads\/2021\/08\/page-2-2048x853.jpg 2048w\" sizes=\"auto, (max-width: 1020px) 100vw, 1020px\" \/>\t\t\t\t\t\t\n\t\t\t\t\t<\/div>\n\t\t\t\t\t\t\t\t\n<style>\n#image_1803993230 {\n  width: 100%;\n}\n<\/style>\n\t<\/div>\n\t\n\n\n\t\t<\/div>\n\t\t\t\t\t<\/div>\n\n\t\n\n<\/div>\n<div class=\"row\" style=\"max-width:1080px\" id=\"row-1711382411\">\n\n\n\t<div id=\"col-60268549\" class=\"col small-12 large-12\"  >\n\t\t\t\t<div class=\"col-inner\"  >\n\t\t\t\n\t\t\t\n\n<div class=\"container section-title-container\" ><h1 class=\"section-title section-title-center\"><b aria-hidden=\"true\"><\/b><span class=\"section-title-main\" style=\"font-size:150%;\">Veranstaltungs\u00fcbersicht<\/span><b aria-hidden=\"true\"><\/b><\/h1><\/div>\n\n<p>Von klein bis gro\u00df, l\u00e4ssig bis extravagant, jeder Anlass verdient es, \u201eerm\u00e4chtigt durch Blumen\u201c zu sein.<\/p>\n<p>Atelier Cr\u00e9atif Petra verwandelt jede geplante Veranstaltung in ein individuelles und floristisches Highlight. In einer ausf\u00fchrlichen Beratung sp\u00fcre ich die W\u00fcnsche des Kunden und verstehe seine Bed\u00fcrfnisse und Ziele. Nach detaillierter Planung und pr\u00e4ziser Ausf\u00fchrung erleuchten unsere hochwertigen Kreationen Ihren Veranstaltungsraum.<\/p>\n<p>Unsere langj\u00e4hrige Erfahrung hat meine unterschiedlichen Kunden aller Gr\u00f6\u00dfenordnungen gepr\u00e4gt. Regelm\u00e4\u00dfig schm\u00fccken wir Hochzeiten, Firmenfeiern, Festessen, Galas &amp; Kunstausstellungen. F\u00fcr gr\u00f6\u00dfere Kunden werden regelm\u00e4\u00dfig weitere Projekte realisiert; von der Dekoration der Konzerts\u00e4le der Luxemburger Philharmonie bis hin zur Blumenausstattung der Nationalkathedrale. Wir haben Models Blumen f\u00fcr ihren Laufsteg geschenkt und haben exklusive Live-Workshops f\u00fcr verschiedene Stores veranstaltet.<\/p>\n\n<div class=\"container section-title-container\" ><h2 class=\"section-title section-title-normal\"><b aria-hidden=\"true\"><\/b><span class=\"section-title-main\" >Event-Kunden<\/span><b aria-hidden=\"true\"><\/b><\/h2><\/div>\n\n  <div class=\"banner-grid-wrapper\">\n  <div id=\"banner-grid-1975383389\" class=\"banner-grid row row-grid row-xsmall\" data-packery-options=\"\">\n                      \n\n<div class=\"col grid-col large-3 grid-col-1-4\" ><div class=\"col-inner\">\n\n\t<div class=\"img has-hover x md-x lg-x y md-y lg-y\" id=\"image_205760092\">\n\t\t\t\t\t\t\t\t<div class=\"img-inner dark\" style=\"margin:0px 0px 0px 0px;\">\n\t\t\t<img loading=\"lazy\" decoding=\"async\" width=\"1000\" height=\"500\" src=\"https:\/\/www.ateliercreatif.eu\/wp-content\/uploads\/2021\/08\/cityconcorde.jpg\" class=\"attachment-large size-large\" alt=\"\" srcset=\"https:\/\/www.ateliercreatif.eu\/wp-content\/uploads\/2021\/08\/cityconcorde.jpg 1000w, https:\/\/www.ateliercreatif.eu\/wp-content\/uploads\/2021\/08\/cityconcorde-800x400.jpg 800w, https:\/\/www.ateliercreatif.eu\/wp-content\/uploads\/2021\/08\/cityconcorde-768x384.jpg 768w, https:\/\/www.ateliercreatif.eu\/wp-content\/uploads\/2021\/08\/cityconcorde-510x255.jpg 510w\" sizes=\"auto, (max-width: 1000px) 100vw, 1000px\" \/>\t\t\t\t\t\t\n\t\t\t\t\t<\/div>\n\t\t\t\t\t\t\t\t\n<style>\n#image_205760092 {\n  width: 100%;\n}\n<\/style>\n\t<\/div>\n\t\n\n\n<\/div><\/div>\n<div class=\"col grid-col large-5 grid-col-1-4\" ><div class=\"col-inner\">\n\n\t<div class=\"img has-hover x md-x lg-x y md-y lg-y\" id=\"image_1175487080\">\n\t\t\t\t\t\t\t\t<div class=\"img-inner dark\" >\n\t\t\t<img loading=\"lazy\" decoding=\"async\" width=\"1020\" height=\"340\" src=\"https:\/\/www.ateliercreatif.eu\/wp-content\/uploads\/2021\/08\/PHILHARMONIE-1400x467.jpg\" class=\"attachment-large size-large\" alt=\"\" srcset=\"https:\/\/www.ateliercreatif.eu\/wp-content\/uploads\/2021\/08\/PHILHARMONIE-1400x467.jpg 1400w, https:\/\/www.ateliercreatif.eu\/wp-content\/uploads\/2021\/08\/PHILHARMONIE-scaled-2000x666.jpg 2000w, https:\/\/www.ateliercreatif.eu\/wp-content\/uploads\/2021\/08\/PHILHARMONIE-800x267.jpg 800w, https:\/\/www.ateliercreatif.eu\/wp-content\/uploads\/2021\/08\/PHILHARMONIE-768x256.jpg 768w, https:\/\/www.ateliercreatif.eu\/wp-content\/uploads\/2021\/08\/PHILHARMONIE-1536x512.jpg 1536w, https:\/\/www.ateliercreatif.eu\/wp-content\/uploads\/2021\/08\/PHILHARMONIE-2048x683.jpg 2048w\" sizes=\"auto, (max-width: 1020px) 100vw, 1020px\" \/>\t\t\t\t\t\t\n\t\t\t\t\t<\/div>\n\t\t\t\t\t\t\t\t\n<style>\n#image_1175487080 {\n  width: 100%;\n}\n<\/style>\n\t<\/div>\n\t\n\n\n<\/div><\/div>\n<div class=\"col grid-col large-4 grid-col-1-4\" ><div class=\"col-inner\">\n\n\t<div class=\"img has-hover x md-x lg-x y md-y lg-y\" id=\"image_1511819804\">\n\t\t\t\t\t\t\t\t<div class=\"img-inner dark\" >\n\t\t\t<img loading=\"lazy\" decoding=\"async\" width=\"1000\" height=\"500\" src=\"https:\/\/www.ateliercreatif.eu\/wp-content\/uploads\/2021\/08\/cactus.jpg\" class=\"attachment-large size-large\" alt=\"\" srcset=\"https:\/\/www.ateliercreatif.eu\/wp-content\/uploads\/2021\/08\/cactus.jpg 1000w, https:\/\/www.ateliercreatif.eu\/wp-content\/uploads\/2021\/08\/cactus-800x400.jpg 800w, https:\/\/www.ateliercreatif.eu\/wp-content\/uploads\/2021\/08\/cactus-768x384.jpg 768w, https:\/\/www.ateliercreatif.eu\/wp-content\/uploads\/2021\/08\/cactus-510x255.jpg 510w\" sizes=\"auto, (max-width: 1000px) 100vw, 1000px\" \/>\t\t\t\t\t\t\n\t\t\t\t\t<\/div>\n\t\t\t\t\t\t\t\t\n<style>\n#image_1511819804 {\n  width: 100%;\n}\n<\/style>\n\t<\/div>\n\t\n\n\n<\/div><\/div>\n<div class=\"col grid-col large-3 grid-col-1-4\" ><div class=\"col-inner\">\n\n\t<div class=\"img has-hover x md-x lg-x y md-y lg-y\" id=\"image_1683236274\">\n\t\t\t\t\t\t\t\t<div class=\"img-inner dark\" >\n\t\t\t<img loading=\"lazy\" decoding=\"async\" width=\"1000\" height=\"500\" src=\"https:\/\/www.ateliercreatif.eu\/wp-content\/uploads\/2021\/08\/mamerlogo.jpg\" class=\"attachment-large size-large\" alt=\"\" srcset=\"https:\/\/www.ateliercreatif.eu\/wp-content\/uploads\/2021\/08\/mamerlogo.jpg 1000w, https:\/\/www.ateliercreatif.eu\/wp-content\/uploads\/2021\/08\/mamerlogo-800x400.jpg 800w, https:\/\/www.ateliercreatif.eu\/wp-content\/uploads\/2021\/08\/mamerlogo-768x384.jpg 768w, https:\/\/www.ateliercreatif.eu\/wp-content\/uploads\/2021\/08\/mamerlogo-510x255.jpg 510w\" sizes=\"auto, (max-width: 1000px) 100vw, 1000px\" \/>\t\t\t\t\t\t\n\t\t\t\t\t<\/div>\n\t\t\t\t\t\t\t\t\n<style>\n#image_1683236274 {\n  width: 100%;\n}\n<\/style>\n\t<\/div>\n\t\n\n\n<\/div><\/div>\n<div class=\"col grid-col large-4 grid-col-1-4\" ><div class=\"col-inner\">\n\n\t<div class=\"img has-hover x md-x lg-x y md-y lg-y\" id=\"image_882098615\">\n\t\t\t\t\t\t\t\t<div class=\"img-inner dark\" >\n\t\t\t<img loading=\"lazy\" decoding=\"async\" width=\"1000\" height=\"500\" src=\"https:\/\/www.ateliercreatif.eu\/wp-content\/uploads\/2021\/08\/kinneksbondlogo_DEF.jpg\" class=\"attachment-large size-large\" alt=\"\" srcset=\"https:\/\/www.ateliercreatif.eu\/wp-content\/uploads\/2021\/08\/kinneksbondlogo_DEF.jpg 1000w, https:\/\/www.ateliercreatif.eu\/wp-content\/uploads\/2021\/08\/kinneksbondlogo_DEF-800x400.jpg 800w, https:\/\/www.ateliercreatif.eu\/wp-content\/uploads\/2021\/08\/kinneksbondlogo_DEF-768x384.jpg 768w, https:\/\/www.ateliercreatif.eu\/wp-content\/uploads\/2021\/08\/kinneksbondlogo_DEF-510x255.jpg 510w\" sizes=\"auto, (max-width: 1000px) 100vw, 1000px\" \/>\t\t\t\t\t\t\n\t\t\t\t\t<\/div>\n\t\t\t\t\t\t\t\t\n<style>\n#image_882098615 {\n  width: 100%;\n}\n<\/style>\n\t<\/div>\n\t\n\n\n<\/div><\/div>\n<div class=\"col grid-col large-5 grid-col-1-4\" ><div class=\"col-inner\">\n\n\t<div class=\"img has-hover x md-x lg-x y md-y lg-y\" id=\"image_2124122847\">\n\t\t\t\t\t\t\t\t<div class=\"img-inner dark\" >\n\t\t\t<img loading=\"lazy\" decoding=\"async\" width=\"1020\" height=\"340\" src=\"https:\/\/www.ateliercreatif.eu\/wp-content\/uploads\/2021\/08\/Logo-les-ambassadeurs-2019-12-12T08-42-32.752Z-08-42-32-1400x467.jpg\" class=\"attachment-large size-large\" alt=\"\" srcset=\"https:\/\/www.ateliercreatif.eu\/wp-content\/uploads\/2021\/08\/Logo-les-ambassadeurs-2019-12-12T08-42-32.752Z-08-42-32-1400x467.jpg 1400w, https:\/\/www.ateliercreatif.eu\/wp-content\/uploads\/2021\/08\/Logo-les-ambassadeurs-2019-12-12T08-42-32.752Z-08-42-32-scaled-2000x666.jpg 2000w, https:\/\/www.ateliercreatif.eu\/wp-content\/uploads\/2021\/08\/Logo-les-ambassadeurs-2019-12-12T08-42-32.752Z-08-42-32-800x267.jpg 800w, https:\/\/www.ateliercreatif.eu\/wp-content\/uploads\/2021\/08\/Logo-les-ambassadeurs-2019-12-12T08-42-32.752Z-08-42-32-768x256.jpg 768w, https:\/\/www.ateliercreatif.eu\/wp-content\/uploads\/2021\/08\/Logo-les-ambassadeurs-2019-12-12T08-42-32.752Z-08-42-32-1536x512.jpg 1536w, https:\/\/www.ateliercreatif.eu\/wp-content\/uploads\/2021\/08\/Logo-les-ambassadeurs-2019-12-12T08-42-32.752Z-08-42-32-2048x683.jpg 2048w\" sizes=\"auto, (max-width: 1020px) 100vw, 1020px\" \/>\t\t\t\t\t\t\n\t\t\t\t\t<\/div>\n\t\t\t\t\t\t\t\t\n<style>\n#image_2124122847 {\n  width: 100%;\n}\n<\/style>\n\t<\/div>\n\t\n\n\n<\/div><\/div>\n<div class=\"col grid-col large-4 grid-col-1-4\" ><div class=\"col-inner\">\n\n\t<div class=\"img has-hover x md-x lg-x y md-y lg-y\" id=\"image_357491665\">\n\t\t\t\t\t\t\t\t<div class=\"img-inner dark\" >\n\t\t\t<img loading=\"lazy\" decoding=\"async\" width=\"1000\" height=\"500\" src=\"https:\/\/www.ateliercreatif.eu\/wp-content\/uploads\/2021\/08\/servior.png\" class=\"attachment-large size-large\" alt=\"\" srcset=\"https:\/\/www.ateliercreatif.eu\/wp-content\/uploads\/2021\/08\/servior.png 1000w, https:\/\/www.ateliercreatif.eu\/wp-content\/uploads\/2021\/08\/servior-800x400.png 800w, https:\/\/www.ateliercreatif.eu\/wp-content\/uploads\/2021\/08\/servior-768x384.png 768w, https:\/\/www.ateliercreatif.eu\/wp-content\/uploads\/2021\/08\/servior-510x255.png 510w\" sizes=\"auto, (max-width: 1000px) 100vw, 1000px\" \/>\t\t\t\t\t\t\n\t\t\t\t\t<\/div>\n\t\t\t\t\t\t\t\t\n<style>\n#image_357491665 {\n  width: 100%;\n}\n<\/style>\n\t<\/div>\n\t\n\n\n<\/div><\/div>\n<div class=\"col grid-col large-2 grid-col-1-4\" ><div class=\"col-inner\">\n\n\t<div class=\"img has-hover x md-x lg-x y md-y lg-y\" id=\"image_519998148\">\n\t\t\t\t\t\t\t\t<div class=\"img-inner dark\" >\n\t\t\t<img loading=\"lazy\" decoding=\"async\" width=\"500\" height=\"500\" src=\"https:\/\/www.ateliercreatif.eu\/wp-content\/uploads\/2021\/08\/BRAM.jpg\" class=\"attachment-large size-large\" alt=\"\" srcset=\"https:\/\/www.ateliercreatif.eu\/wp-content\/uploads\/2021\/08\/BRAM.jpg 500w, https:\/\/www.ateliercreatif.eu\/wp-content\/uploads\/2021\/08\/BRAM-100x100.jpg 100w, https:\/\/www.ateliercreatif.eu\/wp-content\/uploads\/2021\/08\/BRAM-400x400.jpg 400w, https:\/\/www.ateliercreatif.eu\/wp-content\/uploads\/2021\/08\/BRAM-280x280.jpg 280w\" sizes=\"auto, (max-width: 500px) 100vw, 500px\" \/>\t\t\t\t\t\t\n\t\t\t\t\t<\/div>\n\t\t\t\t\t\t\t\t\n<style>\n#image_519998148 {\n  width: 100%;\n}\n<\/style>\n\t<\/div>\n\t\n\n\n<\/div><\/div>\n\n            <\/div>\n    <style>\n    #banner-grid-1975383389 .grid-col-1{height: 600px}\n    #banner-grid-1975383389 .grid-col-1-2{height: 300px}\n    #banner-grid-1975383389 .grid-col-1-3{height:200px}\n    #banner-grid-1975383389 .grid-col-2-3{height: 400px}\n    #banner-grid-1975383389 .grid-col-1-4{height: 150px}\n    #banner-grid-1975383389 .grid-col-3-4{height: 450px}\n\n\n    \n    \n\n  <\/style>\n    <\/div>\n  \n\t<div id=\"gap-2118549996\" class=\"gap-element clearfix\" style=\"display:block; height:auto;\">\n\t\t\n<style>\n#gap-2118549996 {\n  padding-top: 30px;\n}\n<\/style>\n\t<\/div>\n\t\n\n\n\t\t<\/div>\n\t\t\t\t\t<\/div>\n\n\t\n\n<\/div>\n\n","protected":false},"excerpt":{"rendered":"","protected":false},"author":3,"featured_media":0,"parent":0,"menu_order":0,"comment_status":"closed","ping_status":"closed","template":"page-blank.php","meta":{"footnotes":""},"class_list":["post-1721","page","type-page","status-publish","hentry"],"_links":{"self":[{"href":"https:\/\/www.ateliercreatif.eu\/de\/wp-json\/wp\/v2\/pages\/1721","targetHints":{"allow":["GET"]}}],"collection":[{"href":"https:\/\/www.ateliercreatif.eu\/de\/wp-json\/wp\/v2\/pages"}],"about":[{"href":"https:\/\/www.ateliercreatif.eu\/de\/wp-json\/wp\/v2\/types\/page"}],"author":[{"embeddable":true,"href":"https:\/\/www.ateliercreatif.eu\/de\/wp-json\/wp\/v2\/users\/3"}],"replies":[{"embeddable":true,"href":"https:\/\/www.ateliercreatif.eu\/de\/wp-json\/wp\/v2\/comments?post=1721"}],"version-history":[{"count":2,"href":"https:\/\/www.ateliercreatif.eu\/de\/wp-json\/wp\/v2\/pages\/1721\/revisions"}],"predecessor-version":[{"id":2265,"href":"https:\/\/www.ateliercreatif.eu\/de\/wp-json\/wp\/v2\/pages\/1721\/revisions\/2265"}],"wp:attachment":[{"href":"https:\/\/www.ateliercreatif.eu\/de\/wp-json\/wp\/v2\/media?parent=1721"}],"curies":[{"name":"wp","href":"https:\/\/api.w.org\/{rel}","templated":true}]}}